{"id":87541,"date":"2025-10-24T15:41:51","date_gmt":"2025-10-24T18:41:51","guid":{"rendered":"https:\/\/treina.online\/?product=curso-de-gestao-hoteleira-e-turismo"},"modified":"2025-10-24T15:41:51","modified_gmt":"2025-10-24T18:41:51","slug":"curso-de-gestao-hoteleira-e-turismo","status":"publish","type":"product","link":"https:\/\/treina.online\/?product=curso-de-gestao-hoteleira-e-turismo","title":{"rendered":"Curso de Gest\u00e3o Hoteleira e Turismo"},"content":{"rendered":"<p>Voc\u00ea conhecer\u00e1 quais s\u00e3o os tipos de turismo e de hot\u00e9is, como deve ser uma recep\u00e7\u00e3o, governan\u00e7a, limpeza, gastronomia, \u00e1rea de eventos, equipamentos e ferramentas para manuten\u00e7\u00e3o, controladoria, planejamento estrat\u00e9gico, or\u00e7amento e muito mais. Se voc\u00ea se interessou por esse, vai gostar tamb\u00e9m do Curso de Palestras, Apresenta\u00e7\u00f5es e Reuni\u00f5es de Impacto,, Lideran\u00e7a, e Gest\u00e3o ESG,.<\/p>\n<p>Sobre a carga hor\u00e1ria:<br \/>\nO curso possui 80 horas de carga hor\u00e1ria. Por\u00e9m, se for conclu\u00eddo antes de 5 dias, passa a ter 10 horas de carga hor\u00e1ria. Conforme nosso contrato e termos de uso.<\/p>\n","protected":false},"excerpt":{"rendered":"<p>Voc\u00ea conhecer\u00e1 quais s\u00e3o os tipos de turismo e de hot\u00e9is, como deve ser uma recep\u00e7\u00e3o, governan\u00e7a, limpeza, gastronomia, \u00e1rea de eventos, equipamentos e ferramentas para manuten\u00e7\u00e3o, controladoria, planejamento estrat\u00e9gico, or\u00e7amento e muito mais. Se voc\u00ea se interessou por esse, vai gostar tamb\u00e9m do Curso de Palestras, Apresenta\u00e7\u00f5es e Reuni\u00f5es de Impacto,, Lideran\u00e7a, e Gest\u00e3o ESG,. Sobre a carga hor\u00e1ria: [&hellip;]<\/p>\n","protected":false},"featured_media":0,"comment_status":"open","ping_status":"closed","template":"","meta":[],"product_brand":[],"product_cat":[223],"product_tag":[],"class_list":{"0":"post-87541","1":"product","2":"type-product","3":"status-publish","5":"product_cat-gestao-e-lideranca","6":"post","8":"first","9":"instock","10":"virtual","11":"sold-individually","12":"product-type-simple"},"_links":{"self":[{"href":"https:\/\/treina.online\/index.php?rest_route=\/wp\/v2\/product\/87541","targetHints":{"allow":["GET"]}}],"collection":[{"href":"https:\/\/treina.online\/index.php?rest_route=\/wp\/v2\/product"}],"about":[{"href":"https:\/\/treina.online\/index.php?rest_route=\/wp\/v2\/types\/product"}],"replies":[{"embeddable":true,"href":"https:\/\/treina.online\/index.php?rest_route=%2Fwp%2Fv2%2Fcomments&post=87541"}],"version-history":[{"count":0,"href":"https:\/\/treina.online\/index.php?rest_route=\/wp\/v2\/product\/87541\/revisions"}],"wp:attachment":[{"href":"https:\/\/treina.online\/index.php?rest_route=%2Fwp%2Fv2%2Fmedia&parent=87541"}],"wp:term":[{"taxonomy":"product_brand","embeddable":true,"href":"https:\/\/treina.online\/index.php?rest_route=%2Fwp%2Fv2%2Fproduct_brand&post=87541"},{"taxonomy":"product_cat","embeddable":true,"href":"https:\/\/treina.online\/index.php?rest_route=%2Fwp%2Fv2%2Fproduct_cat&post=87541"},{"taxonomy":"product_tag","embeddable":true,"href":"https:\/\/treina.online\/index.php?rest_route=%2Fwp%2Fv2%2Fproduct_tag&post=87541"}],"curies":[{"name":"wp","href":"https:\/\/api.w.org\/{rel}","templated":true}]}}