{"id":87540,"date":"2025-10-24T15:41:32","date_gmt":"2025-10-24T18:41:32","guid":{"rendered":"https:\/\/treina.online\/?product=curso-de-estatuto-da-crianca-e-do-adolescente-2"},"modified":"2025-10-24T15:41:32","modified_gmt":"2025-10-24T18:41:32","slug":"curso-de-estatuto-da-crianca-e-do-adolescente-2","status":"publish","type":"product","link":"https:\/\/treina.online\/?product=curso-de-estatuto-da-crianca-e-do-adolescente-2","title":{"rendered":"Curso de Estatuto da Crian\u00e7a e do Adolescente"},"content":{"rendered":"<p>Voc\u00ea conhecer\u00e1 os principais direitos previstos no ECA, entender\u00e1 os conceitos de guarda, tutela e ado\u00e7\u00e3o, o que \u00e9 um ato infracional, as medidas de prote\u00e7\u00e3o e as socioeducativas, os procedimentos legais, os crimes previstos no ECA, as leis especiais como a Lei Menino Bernardo e a Lei Henry Borel, e muito mais. Gostou desse curso? Ent\u00e3o veja tamb\u00e9m o Curso de Direito Constitucional,, Direito Processual do Trabalho, e Direito Processual Penal,.<\/p>\n<p>Sobre a carga hor\u00e1ria:<br \/>\nO curso possui 80 horas de carga hor\u00e1ria. Por\u00e9m, se for conclu\u00eddo antes de 5 dias, passa a ter 10 horas de carga hor\u00e1ria. Conforme nosso contrato e termos de uso.<\/p>\n","protected":false},"excerpt":{"rendered":"<p>Voc\u00ea conhecer\u00e1 os principais direitos previstos no ECA, entender\u00e1 os conceitos de guarda, tutela e ado\u00e7\u00e3o, o que \u00e9 um ato infracional, as medidas de prote\u00e7\u00e3o e as socioeducativas, os procedimentos legais, os crimes previstos no ECA, as leis especiais como a Lei Menino Bernardo e a Lei Henry Borel, e muito mais. Gostou desse curso? Ent\u00e3o veja tamb\u00e9m o [&hellip;]<\/p>\n","protected":false},"featured_media":0,"comment_status":"open","ping_status":"closed","template":"","meta":[],"product_brand":[],"product_cat":[211],"product_tag":[],"class_list":{"0":"post-87540","1":"product","2":"type-product","3":"status-publish","5":"product_cat-direito","6":"post","8":"first","9":"instock","10":"virtual","11":"sold-individually","12":"product-type-simple"},"_links":{"self":[{"href":"https:\/\/treina.online\/index.php?rest_route=\/wp\/v2\/product\/87540","targetHints":{"allow":["GET"]}}],"collection":[{"href":"https:\/\/treina.online\/index.php?rest_route=\/wp\/v2\/product"}],"about":[{"href":"https:\/\/treina.online\/index.php?rest_route=\/wp\/v2\/types\/product"}],"replies":[{"embeddable":true,"href":"https:\/\/treina.online\/index.php?rest_route=%2Fwp%2Fv2%2Fcomments&post=87540"}],"version-history":[{"count":0,"href":"https:\/\/treina.online\/index.php?rest_route=\/wp\/v2\/product\/87540\/revisions"}],"wp:attachment":[{"href":"https:\/\/treina.online\/index.php?rest_route=%2Fwp%2Fv2%2Fmedia&parent=87540"}],"wp:term":[{"taxonomy":"product_brand","embeddable":true,"href":"https:\/\/treina.online\/index.php?rest_route=%2Fwp%2Fv2%2Fproduct_brand&post=87540"},{"taxonomy":"product_cat","embeddable":true,"href":"https:\/\/treina.online\/index.php?rest_route=%2Fwp%2Fv2%2Fproduct_cat&post=87540"},{"taxonomy":"product_tag","embeddable":true,"href":"https:\/\/treina.online\/index.php?rest_route=%2Fwp%2Fv2%2Fproduct_tag&post=87540"}],"curies":[{"name":"wp","href":"https:\/\/api.w.org\/{rel}","templated":true}]}}