{"id":87539,"date":"2025-10-24T15:41:31","date_gmt":"2025-10-24T18:41:31","guid":{"rendered":"https:\/\/treina.online\/?product=curso-de-estatistica-geral"},"modified":"2025-10-24T15:41:31","modified_gmt":"2025-10-24T18:41:31","slug":"curso-de-estatistica-geral","status":"publish","type":"product","link":"https:\/\/treina.online\/?product=curso-de-estatistica-geral","title":{"rendered":"Curso de Estat\u00edstica Geral"},"content":{"rendered":"<p>Voc\u00ea aprender\u00e1 com exemplos pr\u00e1ticos o que s\u00e3o s\u00e9ries estat\u00edsticas, medidas descritivas, probabilidades, estimativas, amostragem, teste de hip\u00f3teses, an\u00e1lise da vari\u00e2ncia, regress\u00e3o linear e muito mais. Geralmente quem gosta desse curso gostam tamb\u00e9m do Curso de Preven\u00e7\u00e3o a Fraudes com CNH,, Introdu\u00e7\u00e3o \u00e0 Matem\u00e1tica Financeira com Excel, e IPO: a Estreia de uma Empresa na Bolsa,.<\/p>\n<p>Sobre a carga hor\u00e1ria:<br \/>\nO curso possui 80 horas de carga hor\u00e1ria. Por\u00e9m, se for conclu\u00eddo antes de 5 dias, passa a ter 10 horas de carga hor\u00e1ria. Conforme nosso contrato e termos de uso.<\/p>\n","protected":false},"excerpt":{"rendered":"<p>Voc\u00ea aprender\u00e1 com exemplos pr\u00e1ticos o que s\u00e3o s\u00e9ries estat\u00edsticas, medidas descritivas, probabilidades, estimativas, amostragem, teste de hip\u00f3teses, an\u00e1lise da vari\u00e2ncia, regress\u00e3o linear e muito mais. Geralmente quem gosta desse curso gostam tamb\u00e9m do Curso de Preven\u00e7\u00e3o a Fraudes com CNH,, Introdu\u00e7\u00e3o \u00e0 Matem\u00e1tica Financeira com Excel, e IPO: a Estreia de uma Empresa na Bolsa,. Sobre a carga hor\u00e1ria: [&hellip;]<\/p>\n","protected":false},"featured_media":0,"comment_status":"open","ping_status":"closed","template":"","meta":[],"product_brand":[],"product_cat":[220],"product_tag":[],"class_list":{"0":"post-87539","1":"product","2":"type-product","3":"status-publish","5":"product_cat-financas","6":"post","8":"first","9":"instock","10":"virtual","11":"sold-individually","12":"product-type-simple"},"_links":{"self":[{"href":"https:\/\/treina.online\/index.php?rest_route=\/wp\/v2\/product\/87539","targetHints":{"allow":["GET"]}}],"collection":[{"href":"https:\/\/treina.online\/index.php?rest_route=\/wp\/v2\/product"}],"about":[{"href":"https:\/\/treina.online\/index.php?rest_route=\/wp\/v2\/types\/product"}],"replies":[{"embeddable":true,"href":"https:\/\/treina.online\/index.php?rest_route=%2Fwp%2Fv2%2Fcomments&post=87539"}],"version-history":[{"count":0,"href":"https:\/\/treina.online\/index.php?rest_route=\/wp\/v2\/product\/87539\/revisions"}],"wp:attachment":[{"href":"https:\/\/treina.online\/index.php?rest_route=%2Fwp%2Fv2%2Fmedia&parent=87539"}],"wp:term":[{"taxonomy":"product_brand","embeddable":true,"href":"https:\/\/treina.online\/index.php?rest_route=%2Fwp%2Fv2%2Fproduct_brand&post=87539"},{"taxonomy":"product_cat","embeddable":true,"href":"https:\/\/treina.online\/index.php?rest_route=%2Fwp%2Fv2%2Fproduct_cat&post=87539"},{"taxonomy":"product_tag","embeddable":true,"href":"https:\/\/treina.online\/index.php?rest_route=%2Fwp%2Fv2%2Fproduct_tag&post=87539"}],"curies":[{"name":"wp","href":"https:\/\/api.w.org\/{rel}","templated":true}]}}