{"id":87538,"date":"2025-10-24T15:41:24","date_gmt":"2025-10-24T18:41:24","guid":{"rendered":"https:\/\/treina.online\/?product=curso-de-enfermagem-em-diabetes-e-hipertensao-2"},"modified":"2025-10-24T15:41:24","modified_gmt":"2025-10-24T18:41:24","slug":"curso-de-enfermagem-em-diabetes-e-hipertensao-2","status":"publish","type":"product","link":"https:\/\/treina.online\/?product=curso-de-enfermagem-em-diabetes-e-hipertensao-2","title":{"rendered":"Curso de Enfermagem em Diabetes e Hipertens\u00e3o"},"content":{"rendered":"<p>Voc\u00ea conhecer\u00e1 quais s\u00e3o as doen\u00e7as cr\u00f4nicas, fatores de risco para HAS, m\u00e9todos de mensura\u00e7\u00e3o da press\u00e3o arterial, abordagem terap\u00eautica em pacientes diab\u00e9ticos e hipertensos, tipos de diabetes, como deve ser o controle glic\u00eamico, terapia medicamentosa e n\u00e3o medicamentosa, pr\u00e1ticas seguras com a insulina, p\u00e9 diab\u00e9tico e muito mais. Outros cursos que podem ser interessante: Curso de Cuidados com Rec\u00e9m-Nascidos,, Controle de Infec\u00e7\u00f5es nos Servi\u00e7os de Sa\u00fade, e Cuidados na Gravidez,.<\/p>\n<p>Sobre a carga hor\u00e1ria:<br \/>\nO curso possui 80 horas de carga hor\u00e1ria. Por\u00e9m, se for conclu\u00eddo antes de 5 dias, passa a ter 10 horas de carga hor\u00e1ria. Conforme nosso contrato e termos de uso.<\/p>\n","protected":false},"excerpt":{"rendered":"<p>Voc\u00ea conhecer\u00e1 quais s\u00e3o as doen\u00e7as cr\u00f4nicas, fatores de risco para HAS, m\u00e9todos de mensura\u00e7\u00e3o da press\u00e3o arterial, abordagem terap\u00eautica em pacientes diab\u00e9ticos e hipertensos, tipos de diabetes, como deve ser o controle glic\u00eamico, terapia medicamentosa e n\u00e3o medicamentosa, pr\u00e1ticas seguras com a insulina, p\u00e9 diab\u00e9tico e muito mais. Outros cursos que podem ser interessante: Curso de Cuidados com Rec\u00e9m-Nascidos,, [&hellip;]<\/p>\n","protected":false},"featured_media":0,"comment_status":"open","ping_status":"closed","template":"","meta":[],"product_brand":[],"product_cat":[215],"product_tag":[],"class_list":{"0":"post-87538","1":"product","2":"type-product","3":"status-publish","5":"product_cat-enfermagem","6":"post","8":"first","9":"instock","10":"virtual","11":"sold-individually","12":"product-type-simple"},"_links":{"self":[{"href":"https:\/\/treina.online\/index.php?rest_route=\/wp\/v2\/product\/87538","targetHints":{"allow":["GET"]}}],"collection":[{"href":"https:\/\/treina.online\/index.php?rest_route=\/wp\/v2\/product"}],"about":[{"href":"https:\/\/treina.online\/index.php?rest_route=\/wp\/v2\/types\/product"}],"replies":[{"embeddable":true,"href":"https:\/\/treina.online\/index.php?rest_route=%2Fwp%2Fv2%2Fcomments&post=87538"}],"version-history":[{"count":0,"href":"https:\/\/treina.online\/index.php?rest_route=\/wp\/v2\/product\/87538\/revisions"}],"wp:attachment":[{"href":"https:\/\/treina.online\/index.php?rest_route=%2Fwp%2Fv2%2Fmedia&parent=87538"}],"wp:term":[{"taxonomy":"product_brand","embeddable":true,"href":"https:\/\/treina.online\/index.php?rest_route=%2Fwp%2Fv2%2Fproduct_brand&post=87538"},{"taxonomy":"product_cat","embeddable":true,"href":"https:\/\/treina.online\/index.php?rest_route=%2Fwp%2Fv2%2Fproduct_cat&post=87538"},{"taxonomy":"product_tag","embeddable":true,"href":"https:\/\/treina.online\/index.php?rest_route=%2Fwp%2Fv2%2Fproduct_tag&post=87538"}],"curies":[{"name":"wp","href":"https:\/\/api.w.org\/{rel}","templated":true}]}}