{"id":87536,"date":"2025-10-24T15:41:00","date_gmt":"2025-10-24T18:41:00","guid":{"rendered":"https:\/\/treina.online\/?product=curso-de-direito-da-usucapiao"},"modified":"2025-10-24T15:41:00","modified_gmt":"2025-10-24T18:41:00","slug":"curso-de-direito-da-usucapiao","status":"publish","type":"product","link":"https:\/\/treina.online\/?product=curso-de-direito-da-usucapiao","title":{"rendered":"Curso de Direito &#8211; Da Usucapi\u00e3o"},"content":{"rendered":"<p>Voc\u00ea vai entender o conceito e os objetivos da usucapi\u00e3o, os requisitos legais, a diferen\u00e7a entre posse e propriedade, as modalidades para bens m\u00f3veis e im\u00f3veis, a exig\u00eancia de justo t\u00edtulo, as condi\u00e7\u00f5es do im\u00f3vel, implica\u00e7\u00f5es em \u00e1reas de risco, situa\u00e7\u00f5es envolvendo heran\u00e7a, a possibilidade de usucapi\u00e3o extrajudicial em cart\u00f3rio, os efeitos legais, contratempos frequentes no processo e muito mais. Aproveitamos para indicar tamb\u00e9m: Curso de Introdu\u00e7\u00e3o ao Direito Tribut\u00e1rio,, Direito Civil II, e Direito Internacional: Tratados,.<\/p>\n<p>Sobre a carga hor\u00e1ria:<br \/>\nO curso possui 80 horas de carga hor\u00e1ria. Por\u00e9m, se for conclu\u00eddo antes de 5 dias, passa a ter 10 horas de carga hor\u00e1ria. Conforme nosso contrato e termos de uso.<\/p>\n","protected":false},"excerpt":{"rendered":"<p>Voc\u00ea vai entender o conceito e os objetivos da usucapi\u00e3o, os requisitos legais, a diferen\u00e7a entre posse e propriedade, as modalidades para bens m\u00f3veis e im\u00f3veis, a exig\u00eancia de justo t\u00edtulo, as condi\u00e7\u00f5es do im\u00f3vel, implica\u00e7\u00f5es em \u00e1reas de risco, situa\u00e7\u00f5es envolvendo heran\u00e7a, a possibilidade de usucapi\u00e3o extrajudicial em cart\u00f3rio, os efeitos legais, contratempos frequentes no processo e muito mais. [&hellip;]<\/p>\n","protected":false},"featured_media":0,"comment_status":"open","ping_status":"closed","template":"","meta":[],"product_brand":[],"product_cat":[211],"product_tag":[],"class_list":{"0":"post-87536","1":"product","2":"type-product","3":"status-publish","5":"product_cat-direito","6":"post","8":"first","9":"instock","10":"virtual","11":"sold-individually","12":"product-type-simple"},"_links":{"self":[{"href":"https:\/\/treina.online\/index.php?rest_route=\/wp\/v2\/product\/87536","targetHints":{"allow":["GET"]}}],"collection":[{"href":"https:\/\/treina.online\/index.php?rest_route=\/wp\/v2\/product"}],"about":[{"href":"https:\/\/treina.online\/index.php?rest_route=\/wp\/v2\/types\/product"}],"replies":[{"embeddable":true,"href":"https:\/\/treina.online\/index.php?rest_route=%2Fwp%2Fv2%2Fcomments&post=87536"}],"version-history":[{"count":0,"href":"https:\/\/treina.online\/index.php?rest_route=\/wp\/v2\/product\/87536\/revisions"}],"wp:attachment":[{"href":"https:\/\/treina.online\/index.php?rest_route=%2Fwp%2Fv2%2Fmedia&parent=87536"}],"wp:term":[{"taxonomy":"product_brand","embeddable":true,"href":"https:\/\/treina.online\/index.php?rest_route=%2Fwp%2Fv2%2Fproduct_brand&post=87536"},{"taxonomy":"product_cat","embeddable":true,"href":"https:\/\/treina.online\/index.php?rest_route=%2Fwp%2Fv2%2Fproduct_cat&post=87536"},{"taxonomy":"product_tag","embeddable":true,"href":"https:\/\/treina.online\/index.php?rest_route=%2Fwp%2Fv2%2Fproduct_tag&post=87536"}],"curies":[{"name":"wp","href":"https:\/\/api.w.org\/{rel}","templated":true}]}}