{"id":87533,"date":"2025-10-24T15:40:15","date_gmt":"2025-10-24T18:40:15","guid":{"rendered":"https:\/\/treina.online\/?product=curso-de-blender"},"modified":"2025-10-24T15:40:15","modified_gmt":"2025-10-24T18:40:15","slug":"curso-de-blender","status":"publish","type":"product","link":"https:\/\/treina.online\/?product=curso-de-blender","title":{"rendered":"Curso de Blender"},"content":{"rendered":"<p>Voc\u00ea vai aprender a dominar a interface do Blender, utilizar objetos primitivos, modelar com base em refer\u00eancias, aplicar modificadores, criar e organizar cenas, trabalhar com malhas UV, configurar materiais e texturas, utilizar nodes e o Principled BSDF, ajustar ilumina\u00e7\u00e3o com imagens HDRI, animar c\u00e2meras e objetos, configurar renders com Cycles e Eevee, refinar imagens na p\u00f3s-produ\u00e7\u00e3o e muito mais. Outros cursos que podem ser interessante: Curso de Textos, Tabula\u00e7\u00f5es e Tabelas com Indesign CS5.5,, Edi\u00e7\u00e3o de Imagens para Fot\u00f3grafos, e Introdu\u00e7\u00e3o \u00e0 Identidade Visual,.<\/p>\n<p>Sobre a carga hor\u00e1ria:<br \/>\nO curso possui 80 horas de carga hor\u00e1ria. Por\u00e9m, se for conclu\u00eddo antes de 5 dias, passa a ter 10 horas de carga hor\u00e1ria. Conforme nosso contrato e termos de uso.<\/p>\n","protected":false},"excerpt":{"rendered":"<p>Voc\u00ea vai aprender a dominar a interface do Blender, utilizar objetos primitivos, modelar com base em refer\u00eancias, aplicar modificadores, criar e organizar cenas, trabalhar com malhas UV, configurar materiais e texturas, utilizar nodes e o Principled BSDF, ajustar ilumina\u00e7\u00e3o com imagens HDRI, animar c\u00e2meras e objetos, configurar renders com Cycles e Eevee, refinar imagens na p\u00f3s-produ\u00e7\u00e3o e muito mais. Outros [&hellip;]<\/p>\n","protected":false},"featured_media":0,"comment_status":"open","ping_status":"closed","template":"","meta":[],"product_brand":[],"product_cat":[201],"product_tag":[],"class_list":{"0":"post-87533","1":"product","2":"type-product","3":"status-publish","5":"product_cat-animacoes-e-design","6":"post","8":"first","9":"instock","10":"virtual","11":"sold-individually","12":"product-type-simple"},"_links":{"self":[{"href":"https:\/\/treina.online\/index.php?rest_route=\/wp\/v2\/product\/87533","targetHints":{"allow":["GET"]}}],"collection":[{"href":"https:\/\/treina.online\/index.php?rest_route=\/wp\/v2\/product"}],"about":[{"href":"https:\/\/treina.online\/index.php?rest_route=\/wp\/v2\/types\/product"}],"replies":[{"embeddable":true,"href":"https:\/\/treina.online\/index.php?rest_route=%2Fwp%2Fv2%2Fcomments&post=87533"}],"version-history":[{"count":0,"href":"https:\/\/treina.online\/index.php?rest_route=\/wp\/v2\/product\/87533\/revisions"}],"wp:attachment":[{"href":"https:\/\/treina.online\/index.php?rest_route=%2Fwp%2Fv2%2Fmedia&parent=87533"}],"wp:term":[{"taxonomy":"product_brand","embeddable":true,"href":"https:\/\/treina.online\/index.php?rest_route=%2Fwp%2Fv2%2Fproduct_brand&post=87533"},{"taxonomy":"product_cat","embeddable":true,"href":"https:\/\/treina.online\/index.php?rest_route=%2Fwp%2Fv2%2Fproduct_cat&post=87533"},{"taxonomy":"product_tag","embeddable":true,"href":"https:\/\/treina.online\/index.php?rest_route=%2Fwp%2Fv2%2Fproduct_tag&post=87533"}],"curies":[{"name":"wp","href":"https:\/\/api.w.org\/{rel}","templated":true}]}}