{"id":87530,"date":"2025-10-24T15:40:01","date_gmt":"2025-10-24T18:40:01","guid":{"rendered":"https:\/\/treina.online\/?product=curso-de-analise-de-demonstracoes-contabeis-2"},"modified":"2025-10-24T15:40:01","modified_gmt":"2025-10-24T18:40:01","slug":"curso-de-analise-de-demonstracoes-contabeis-2","status":"publish","type":"product","link":"https:\/\/treina.online\/?product=curso-de-analise-de-demonstracoes-contabeis-2","title":{"rendered":"Curso de An\u00e1lise de Demonstra\u00e7\u00f5es Cont\u00e1beis"},"content":{"rendered":"<p>Voc\u00ea vai aprender os fundamentos da contabilidade, como interpretar o balan\u00e7o patrimonial e a demonstra\u00e7\u00e3o do resultado do exerc\u00edcio (DRE), entender o demonstrativo do fluxo de caixa (DFC) nos m\u00e9todos direto e indireto, al\u00e9m da DMPL e DVA. Tamb\u00e9m vai se aprofundar na an\u00e1lise vertical e horizontal, nos principais \u00edndices de liquidez, rentabilidade, endividamento e desempenho operacional, com exemplos pr\u00e1ticos, leitura e interpreta\u00e7\u00e3o de relat\u00f3rios cont\u00e1beis, estudo de caso e muito mais. Curtiu esse curso? Ent\u00e3o aproveite e veja tamb\u00e9m o Curso de Como Declarar Imposto de Renda,, Contabilidade na Pr\u00e1tica, e An\u00e1lise de Demonstra\u00e7\u00f5es Cont\u00e1beis,.<\/p>\n<p>Sobre a carga hor\u00e1ria:<br \/>\nO curso possui 80 horas de carga hor\u00e1ria. Por\u00e9m, se for conclu\u00eddo antes de 5 dias, passa a ter 10 horas de carga hor\u00e1ria. Conforme nosso contrato e termos de uso.<\/p>\n","protected":false},"excerpt":{"rendered":"<p>Voc\u00ea vai aprender os fundamentos da contabilidade, como interpretar o balan\u00e7o patrimonial e a demonstra\u00e7\u00e3o do resultado do exerc\u00edcio (DRE), entender o demonstrativo do fluxo de caixa (DFC) nos m\u00e9todos direto e indireto, al\u00e9m da DMPL e DVA. Tamb\u00e9m vai se aprofundar na an\u00e1lise vertical e horizontal, nos principais \u00edndices de liquidez, rentabilidade, endividamento e desempenho operacional, com exemplos pr\u00e1ticos, [&hellip;]<\/p>\n","protected":false},"featured_media":0,"comment_status":"open","ping_status":"closed","template":"","meta":[],"product_brand":[],"product_cat":[206],"product_tag":[],"class_list":{"0":"post-87530","1":"product","2":"type-product","3":"status-publish","5":"product_cat-contabilidade","6":"post","8":"first","9":"instock","10":"virtual","11":"sold-individually","12":"product-type-simple"},"_links":{"self":[{"href":"https:\/\/treina.online\/index.php?rest_route=\/wp\/v2\/product\/87530","targetHints":{"allow":["GET"]}}],"collection":[{"href":"https:\/\/treina.online\/index.php?rest_route=\/wp\/v2\/product"}],"about":[{"href":"https:\/\/treina.online\/index.php?rest_route=\/wp\/v2\/types\/product"}],"replies":[{"embeddable":true,"href":"https:\/\/treina.online\/index.php?rest_route=%2Fwp%2Fv2%2Fcomments&post=87530"}],"version-history":[{"count":0,"href":"https:\/\/treina.online\/index.php?rest_route=\/wp\/v2\/product\/87530\/revisions"}],"wp:attachment":[{"href":"https:\/\/treina.online\/index.php?rest_route=%2Fwp%2Fv2%2Fmedia&parent=87530"}],"wp:term":[{"taxonomy":"product_brand","embeddable":true,"href":"https:\/\/treina.online\/index.php?rest_route=%2Fwp%2Fv2%2Fproduct_brand&post=87530"},{"taxonomy":"product_cat","embeddable":true,"href":"https:\/\/treina.online\/index.php?rest_route=%2Fwp%2Fv2%2Fproduct_cat&post=87530"},{"taxonomy":"product_tag","embeddable":true,"href":"https:\/\/treina.online\/index.php?rest_route=%2Fwp%2Fv2%2Fproduct_tag&post=87530"}],"curies":[{"name":"wp","href":"https:\/\/api.w.org\/{rel}","templated":true}]}}