{"id":87514,"date":"2025-04-27T12:17:14","date_gmt":"2025-04-27T15:17:14","guid":{"rendered":"https:\/\/ecursos.showdepremiosbendicasa.com.br\/?product=curso-de-tiktok-e-tiktok-ads"},"modified":"2025-04-27T12:17:14","modified_gmt":"2025-04-27T15:17:14","slug":"curso-de-tiktok-e-tiktok-ads","status":"publish","type":"product","link":"https:\/\/treina.online\/?product=curso-de-tiktok-e-tiktok-ads","title":{"rendered":"Curso de TikTok e TikTok Ads"},"content":{"rendered":"<p>Voc\u00ea acompanhar\u00e1 todo o processo: desde a cria\u00e7\u00e3o de uma conta no TikTok at\u00e9 o desenvolvimento de uma campanha no TikTok Ads, passando pela configura\u00e7\u00e3o da plataforma, tipos de campanhas, grupos de an\u00fancios, audi\u00eancias personalizadas, configura\u00e7\u00f5es do pixel, relat\u00f3rios, formatos de v\u00eddeos, dicas de conte\u00fado e muito mais. Uma dica seria aproveitar e ver tamb\u00e9m Curso de Como Melhorar o Relacionamento Interpessoal,, Constru\u00e7\u00e3o de Marcas, e Google Ads (Adwords), Remarketing e YouTube Ads,.<\/p>\n<p>Sobre a carga hor\u00e1ria:<br \/>\nO curso possui 80 horas de carga hor\u00e1ria. Por\u00e9m, se for conclu\u00eddo antes de 5 dias, passa a ter 10 horas de carga hor\u00e1ria. Conforme nosso contrato e termos de uso.<\/p>\n","protected":false},"excerpt":{"rendered":"<p>Voc\u00ea acompanhar\u00e1 todo o processo: desde a cria\u00e7\u00e3o de uma conta no TikTok at\u00e9 o desenvolvimento de uma campanha no TikTok Ads, passando pela configura\u00e7\u00e3o da plataforma, tipos de campanhas, grupos de an\u00fancios, audi\u00eancias personalizadas, configura\u00e7\u00f5es do pixel, relat\u00f3rios, formatos de v\u00eddeos, dicas de conte\u00fado e muito mais. Uma dica seria aproveitar e ver tamb\u00e9m Curso de Como Melhorar o [&hellip;]<\/p>\n","protected":false},"featured_media":0,"comment_status":"open","ping_status":"closed","template":"","meta":[],"product_brand":[],"product_cat":[235],"product_tag":[],"class_list":{"0":"post-87514","1":"product","2":"type-product","3":"status-publish","5":"product_cat-publicidade-e-marketing","6":"post","8":"first","9":"instock","10":"shipping-taxable","11":"product-type-simple"},"_links":{"self":[{"href":"https:\/\/treina.online\/index.php?rest_route=\/wp\/v2\/product\/87514","targetHints":{"allow":["GET"]}}],"collection":[{"href":"https:\/\/treina.online\/index.php?rest_route=\/wp\/v2\/product"}],"about":[{"href":"https:\/\/treina.online\/index.php?rest_route=\/wp\/v2\/types\/product"}],"replies":[{"embeddable":true,"href":"https:\/\/treina.online\/index.php?rest_route=%2Fwp%2Fv2%2Fcomments&post=87514"}],"version-history":[{"count":0,"href":"https:\/\/treina.online\/index.php?rest_route=\/wp\/v2\/product\/87514\/revisions"}],"wp:attachment":[{"href":"https:\/\/treina.online\/index.php?rest_route=%2Fwp%2Fv2%2Fmedia&parent=87514"}],"wp:term":[{"taxonomy":"product_brand","embeddable":true,"href":"https:\/\/treina.online\/index.php?rest_route=%2Fwp%2Fv2%2Fproduct_brand&post=87514"},{"taxonomy":"product_cat","embeddable":true,"href":"https:\/\/treina.online\/index.php?rest_route=%2Fwp%2Fv2%2Fproduct_cat&post=87514"},{"taxonomy":"product_tag","embeddable":true,"href":"https:\/\/treina.online\/index.php?rest_route=%2Fwp%2Fv2%2Fproduct_tag&post=87514"}],"curies":[{"name":"wp","href":"https:\/\/api.w.org\/{rel}","templated":true}]}}