{"id":87512,"date":"2025-04-27T12:16:57","date_gmt":"2025-04-27T15:16:57","guid":{"rendered":"https:\/\/ecursos.showdepremiosbendicasa.com.br\/?product=curso-de-registro-de-marca"},"modified":"2025-04-27T12:16:57","modified_gmt":"2025-04-27T15:16:57","slug":"curso-de-registro-de-marca","status":"publish","type":"product","link":"https:\/\/treina.online\/?product=curso-de-registro-de-marca","title":{"rendered":"Curso de Registro de Marca"},"content":{"rendered":"<p>Voc\u00ea conhecer\u00e1 todas as etapas do processo de concess\u00e3o de marca, a Classifica\u00e7\u00e3o de Nice, quem pode requerer ou se opor a uma marca, quem julga o processo, peti\u00e7\u00f5es e atos extraordin\u00e1rios, quais s\u00e3o os prazos e muito mais. Aproveitamos para indicar tamb\u00e9m: Curso de Direito Processual Civil,, Direito Civil: Obriga\u00e7\u00f5es, e Introdu\u00e7\u00e3o ao Direito Ambiental,.<\/p>\n<p>Sobre a carga hor\u00e1ria:<br \/>\nO curso possui 80 horas de carga hor\u00e1ria. Por\u00e9m, se for conclu\u00eddo antes de 5 dias, passa a ter 10 horas de carga hor\u00e1ria. Conforme nosso contrato e termos de uso.<\/p>\n","protected":false},"excerpt":{"rendered":"<p>Voc\u00ea conhecer\u00e1 todas as etapas do processo de concess\u00e3o de marca, a Classifica\u00e7\u00e3o de Nice, quem pode requerer ou se opor a uma marca, quem julga o processo, peti\u00e7\u00f5es e atos extraordin\u00e1rios, quais s\u00e3o os prazos e muito mais. Aproveitamos para indicar tamb\u00e9m: Curso de Direito Processual Civil,, Direito Civil: Obriga\u00e7\u00f5es, e Introdu\u00e7\u00e3o ao Direito Ambiental,. Sobre a carga hor\u00e1ria: [&hellip;]<\/p>\n","protected":false},"featured_media":0,"comment_status":"open","ping_status":"closed","template":"","meta":[],"product_brand":[],"product_cat":[211],"product_tag":[],"class_list":{"0":"post-87512","1":"product","2":"type-product","3":"status-publish","5":"product_cat-direito","6":"post","8":"first","9":"instock","10":"shipping-taxable","11":"product-type-simple"},"_links":{"self":[{"href":"https:\/\/treina.online\/index.php?rest_route=\/wp\/v2\/product\/87512","targetHints":{"allow":["GET"]}}],"collection":[{"href":"https:\/\/treina.online\/index.php?rest_route=\/wp\/v2\/product"}],"about":[{"href":"https:\/\/treina.online\/index.php?rest_route=\/wp\/v2\/types\/product"}],"replies":[{"embeddable":true,"href":"https:\/\/treina.online\/index.php?rest_route=%2Fwp%2Fv2%2Fcomments&post=87512"}],"version-history":[{"count":0,"href":"https:\/\/treina.online\/index.php?rest_route=\/wp\/v2\/product\/87512\/revisions"}],"wp:attachment":[{"href":"https:\/\/treina.online\/index.php?rest_route=%2Fwp%2Fv2%2Fmedia&parent=87512"}],"wp:term":[{"taxonomy":"product_brand","embeddable":true,"href":"https:\/\/treina.online\/index.php?rest_route=%2Fwp%2Fv2%2Fproduct_brand&post=87512"},{"taxonomy":"product_cat","embeddable":true,"href":"https:\/\/treina.online\/index.php?rest_route=%2Fwp%2Fv2%2Fproduct_cat&post=87512"},{"taxonomy":"product_tag","embeddable":true,"href":"https:\/\/treina.online\/index.php?rest_route=%2Fwp%2Fv2%2Fproduct_tag&post=87512"}],"curies":[{"name":"wp","href":"https:\/\/api.w.org\/{rel}","templated":true}]}}