{"id":87510,"date":"2025-04-27T12:16:52","date_gmt":"2025-04-27T15:16:52","guid":{"rendered":"https:\/\/ecursos.showdepremiosbendicasa.com.br\/?product=curso-de-psicologia-hospitalar-2"},"modified":"2025-04-27T12:16:52","modified_gmt":"2025-04-27T15:16:52","slug":"curso-de-psicologia-hospitalar-2","status":"publish","type":"product","link":"https:\/\/treina.online\/?product=curso-de-psicologia-hospitalar-2","title":{"rendered":"Curso de Psicologia Hospitalar"},"content":{"rendered":"<p>Voc\u00ea ver\u00e1 como deve ser a avalia\u00e7\u00e3o e interven\u00e7\u00e3o psicol\u00f3gica hospitalar, a aten\u00e7\u00e3o ao paciente, fam\u00edlia e equipe, rea\u00e7\u00f5es emocionais em crian\u00e7as e adultos, atua\u00e7\u00e3o em situa\u00e7\u00f5es complexas, formas de escrita no prontu\u00e1rio, condutas adequadas e muito mais. Outros cursos que podem ser interessante: Curso de Introdu\u00e7\u00e3o \u00e0 Automotiva\u00e7\u00e3o,, Psicologia Cl\u00ednica na Pr\u00e1tica, e Mindfulness,.<\/p>\n<p>Sobre a carga hor\u00e1ria:<br \/>\nO curso possui 80 horas de carga hor\u00e1ria. Por\u00e9m, se for conclu\u00eddo antes de 5 dias, passa a ter 10 horas de carga hor\u00e1ria. Conforme nosso contrato e termos de uso.<\/p>\n","protected":false},"excerpt":{"rendered":"<p>Voc\u00ea ver\u00e1 como deve ser a avalia\u00e7\u00e3o e interven\u00e7\u00e3o psicol\u00f3gica hospitalar, a aten\u00e7\u00e3o ao paciente, fam\u00edlia e equipe, rea\u00e7\u00f5es emocionais em crian\u00e7as e adultos, atua\u00e7\u00e3o em situa\u00e7\u00f5es complexas, formas de escrita no prontu\u00e1rio, condutas adequadas e muito mais. Outros cursos que podem ser interessante: Curso de Introdu\u00e7\u00e3o \u00e0 Automotiva\u00e7\u00e3o,, Psicologia Cl\u00ednica na Pr\u00e1tica, e Mindfulness,. Sobre a carga hor\u00e1ria: O [&hellip;]<\/p>\n","protected":false},"featured_media":0,"comment_status":"open","ping_status":"closed","template":"","meta":[],"product_brand":[],"product_cat":[234],"product_tag":[],"class_list":{"0":"post-87510","1":"product","2":"type-product","3":"status-publish","5":"product_cat-psicologia","6":"post","8":"first","9":"instock","10":"shipping-taxable","11":"product-type-simple"},"_links":{"self":[{"href":"https:\/\/treina.online\/index.php?rest_route=\/wp\/v2\/product\/87510","targetHints":{"allow":["GET"]}}],"collection":[{"href":"https:\/\/treina.online\/index.php?rest_route=\/wp\/v2\/product"}],"about":[{"href":"https:\/\/treina.online\/index.php?rest_route=\/wp\/v2\/types\/product"}],"replies":[{"embeddable":true,"href":"https:\/\/treina.online\/index.php?rest_route=%2Fwp%2Fv2%2Fcomments&post=87510"}],"version-history":[{"count":0,"href":"https:\/\/treina.online\/index.php?rest_route=\/wp\/v2\/product\/87510\/revisions"}],"wp:attachment":[{"href":"https:\/\/treina.online\/index.php?rest_route=%2Fwp%2Fv2%2Fmedia&parent=87510"}],"wp:term":[{"taxonomy":"product_brand","embeddable":true,"href":"https:\/\/treina.online\/index.php?rest_route=%2Fwp%2Fv2%2Fproduct_brand&post=87510"},{"taxonomy":"product_cat","embeddable":true,"href":"https:\/\/treina.online\/index.php?rest_route=%2Fwp%2Fv2%2Fproduct_cat&post=87510"},{"taxonomy":"product_tag","embeddable":true,"href":"https:\/\/treina.online\/index.php?rest_route=%2Fwp%2Fv2%2Fproduct_tag&post=87510"}],"curies":[{"name":"wp","href":"https:\/\/api.w.org\/{rel}","templated":true}]}}