{"id":87509,"date":"2025-04-27T12:16:44","date_gmt":"2025-04-27T15:16:44","guid":{"rendered":"https:\/\/ecursos.showdepremiosbendicasa.com.br\/?product=curso-de-praticas-de-fisioterapia-2"},"modified":"2025-04-27T12:16:44","modified_gmt":"2025-04-27T15:16:44","slug":"curso-de-praticas-de-fisioterapia-2","status":"publish","type":"product","link":"https:\/\/treina.online\/?product=curso-de-praticas-de-fisioterapia-2","title":{"rendered":"Curso de Pr\u00e1ticas de Fisioterapia"},"content":{"rendered":"<p>Voc\u00ea aprender\u00e1 quais s\u00e3o as compet\u00eancias do fisioterapeuta, principais les\u00f5es de membros inferiores e superiores, como avaliar a coluna, exemplos pr\u00e1ticos para reabilita\u00e7\u00e3o, recursos manuais, t\u00e9rmicos, eletrof\u00edsicos e muito mais. Se voc\u00ea se interessou por esse, vai gostar tamb\u00e9m do Curso de Pilates: Exerc\u00edcios para Principiantes e Intermedi\u00e1rios,, Pilates na Pr\u00e1tica, e Pilates: Exerc\u00edcios Avan\u00e7ados,.<\/p>\n<p>Sobre a carga hor\u00e1ria:<br \/>\nO curso possui 80 horas de carga hor\u00e1ria. Por\u00e9m, se for conclu\u00eddo antes de 5 dias, passa a ter 10 horas de carga hor\u00e1ria. Conforme nosso contrato e termos de uso.<\/p>\n","protected":false},"excerpt":{"rendered":"<p>Voc\u00ea aprender\u00e1 quais s\u00e3o as compet\u00eancias do fisioterapeuta, principais les\u00f5es de membros inferiores e superiores, como avaliar a coluna, exemplos pr\u00e1ticos para reabilita\u00e7\u00e3o, recursos manuais, t\u00e9rmicos, eletrof\u00edsicos e muito mais. Se voc\u00ea se interessou por esse, vai gostar tamb\u00e9m do Curso de Pilates: Exerc\u00edcios para Principiantes e Intermedi\u00e1rios,, Pilates na Pr\u00e1tica, e Pilates: Exerc\u00edcios Avan\u00e7ados,. Sobre a carga hor\u00e1ria: O [&hellip;]<\/p>\n","protected":false},"featured_media":0,"comment_status":"open","ping_status":"closed","template":"","meta":[],"product_brand":[],"product_cat":[221],"product_tag":[],"class_list":{"0":"post-87509","1":"product","2":"type-product","3":"status-publish","5":"product_cat-fisioterapia","6":"post","8":"first","9":"instock","10":"shipping-taxable","11":"product-type-simple"},"_links":{"self":[{"href":"https:\/\/treina.online\/index.php?rest_route=\/wp\/v2\/product\/87509","targetHints":{"allow":["GET"]}}],"collection":[{"href":"https:\/\/treina.online\/index.php?rest_route=\/wp\/v2\/product"}],"about":[{"href":"https:\/\/treina.online\/index.php?rest_route=\/wp\/v2\/types\/product"}],"replies":[{"embeddable":true,"href":"https:\/\/treina.online\/index.php?rest_route=%2Fwp%2Fv2%2Fcomments&post=87509"}],"version-history":[{"count":0,"href":"https:\/\/treina.online\/index.php?rest_route=\/wp\/v2\/product\/87509\/revisions"}],"wp:attachment":[{"href":"https:\/\/treina.online\/index.php?rest_route=%2Fwp%2Fv2%2Fmedia&parent=87509"}],"wp:term":[{"taxonomy":"product_brand","embeddable":true,"href":"https:\/\/treina.online\/index.php?rest_route=%2Fwp%2Fv2%2Fproduct_brand&post=87509"},{"taxonomy":"product_cat","embeddable":true,"href":"https:\/\/treina.online\/index.php?rest_route=%2Fwp%2Fv2%2Fproduct_cat&post=87509"},{"taxonomy":"product_tag","embeddable":true,"href":"https:\/\/treina.online\/index.php?rest_route=%2Fwp%2Fv2%2Fproduct_tag&post=87509"}],"curies":[{"name":"wp","href":"https:\/\/api.w.org\/{rel}","templated":true}]}}