{"id":87508,"date":"2025-04-27T12:16:40","date_gmt":"2025-04-27T15:16:40","guid":{"rendered":"https:\/\/ecursos.showdepremiosbendicasa.com.br\/?product=curso-de-photoshop-com-ia-inteligencia-artificial"},"modified":"2025-04-27T12:16:40","modified_gmt":"2025-04-27T15:16:40","slug":"curso-de-photoshop-com-ia-inteligencia-artificial","status":"publish","type":"product","link":"https:\/\/treina.online\/?product=curso-de-photoshop-com-ia-inteligencia-artificial","title":{"rendered":"Curso de Photoshop com IA &#8211; Intelig\u00eancia Artificial"},"content":{"rendered":"<p>Voc\u00ea aprender\u00e1 a usar as ferramentas de IA dentro do Photoshop, criar imagens e aplicar efeitos em texto com o Adobe Firefly, gerar paletas de cores com o Adobe Color, t\u00e9cnicas de composi\u00e7\u00e3o 3D, retrato inteligente, filtros criativos, recupera\u00e7\u00e3o de fotos e muito mais. Outros cursos que podem ser interessante: Curso de Marketing para Fot\u00f3grafos,, Introdu\u00e7\u00e3o \u00e0 Fotografia de Gestantes, e Premiere Pro 2023,.<\/p>\n<p>Sobre a carga hor\u00e1ria:<br \/>\nO curso possui 80 horas de carga hor\u00e1ria. Por\u00e9m, se for conclu\u00eddo antes de 5 dias, passa a ter 10 horas de carga hor\u00e1ria. Conforme nosso contrato e termos de uso.<\/p>\n","protected":false},"excerpt":{"rendered":"<p>Voc\u00ea aprender\u00e1 a usar as ferramentas de IA dentro do Photoshop, criar imagens e aplicar efeitos em texto com o Adobe Firefly, gerar paletas de cores com o Adobe Color, t\u00e9cnicas de composi\u00e7\u00e3o 3D, retrato inteligente, filtros criativos, recupera\u00e7\u00e3o de fotos e muito mais. Outros cursos que podem ser interessante: Curso de Marketing para Fot\u00f3grafos,, Introdu\u00e7\u00e3o \u00e0 Fotografia de Gestantes, [&hellip;]<\/p>\n","protected":false},"featured_media":0,"comment_status":"open","ping_status":"closed","template":"","meta":[],"product_brand":[],"product_cat":[222],"product_tag":[],"class_list":{"0":"post-87508","1":"product","2":"type-product","3":"status-publish","5":"product_cat-fotografia-e-video","6":"post","8":"first","9":"instock","10":"shipping-taxable","11":"product-type-simple"},"_links":{"self":[{"href":"https:\/\/treina.online\/index.php?rest_route=\/wp\/v2\/product\/87508","targetHints":{"allow":["GET"]}}],"collection":[{"href":"https:\/\/treina.online\/index.php?rest_route=\/wp\/v2\/product"}],"about":[{"href":"https:\/\/treina.online\/index.php?rest_route=\/wp\/v2\/types\/product"}],"replies":[{"embeddable":true,"href":"https:\/\/treina.online\/index.php?rest_route=%2Fwp%2Fv2%2Fcomments&post=87508"}],"version-history":[{"count":0,"href":"https:\/\/treina.online\/index.php?rest_route=\/wp\/v2\/product\/87508\/revisions"}],"wp:attachment":[{"href":"https:\/\/treina.online\/index.php?rest_route=%2Fwp%2Fv2%2Fmedia&parent=87508"}],"wp:term":[{"taxonomy":"product_brand","embeddable":true,"href":"https:\/\/treina.online\/index.php?rest_route=%2Fwp%2Fv2%2Fproduct_brand&post=87508"},{"taxonomy":"product_cat","embeddable":true,"href":"https:\/\/treina.online\/index.php?rest_route=%2Fwp%2Fv2%2Fproduct_cat&post=87508"},{"taxonomy":"product_tag","embeddable":true,"href":"https:\/\/treina.online\/index.php?rest_route=%2Fwp%2Fv2%2Fproduct_tag&post=87508"}],"curies":[{"name":"wp","href":"https:\/\/api.w.org\/{rel}","templated":true}]}}