{"id":87507,"date":"2025-04-27T12:16:25","date_gmt":"2025-04-27T15:16:25","guid":{"rendered":"https:\/\/ecursos.showdepremiosbendicasa.com.br\/?product=curso-de-mentoria"},"modified":"2025-04-27T12:16:25","modified_gmt":"2025-04-27T15:16:25","slug":"curso-de-mentoria","status":"publish","type":"product","link":"https:\/\/treina.online\/?product=curso-de-mentoria","title":{"rendered":"Curso de Mentoria"},"content":{"rendered":"<p>Voc\u00ea conhecer\u00e1 os tipos de mentoria, como escolher o mentor ideal, a diferen\u00e7a entre mentor e gestor, como criar um programa de mentoria, resultados esperados, exemplos de casos de sucesso e muito mais. Aproveitamos para indicar tamb\u00e9m: Curso de Intelig\u00eancia Emocional,, Gest\u00e3o Comportamental, e Construindo o Sucesso Atrav\u00e9s da Imagem,.<\/p>\n<p>Sobre a carga hor\u00e1ria:<br \/>\nO curso possui 80 horas de carga hor\u00e1ria. Por\u00e9m, se for conclu\u00eddo antes de 5 dias, passa a ter 10 horas de carga hor\u00e1ria. Conforme nosso contrato e termos de uso.<\/p>\n","protected":false},"excerpt":{"rendered":"<p>Voc\u00ea conhecer\u00e1 os tipos de mentoria, como escolher o mentor ideal, a diferen\u00e7a entre mentor e gestor, como criar um programa de mentoria, resultados esperados, exemplos de casos de sucesso e muito mais. Aproveitamos para indicar tamb\u00e9m: Curso de Intelig\u00eancia Emocional,, Gest\u00e3o Comportamental, e Construindo o Sucesso Atrav\u00e9s da Imagem,. Sobre a carga hor\u00e1ria: O curso possui 80 horas de [&hellip;]<\/p>\n","protected":false},"featured_media":0,"comment_status":"open","ping_status":"closed","template":"","meta":[],"product_brand":[],"product_cat":[297],"product_tag":[],"class_list":{"0":"post-87507","1":"product","2":"type-product","3":"status-publish","5":"product_cat-desenvolvimento-pessoal","6":"post","8":"first","9":"instock","10":"shipping-taxable","11":"product-type-simple"},"_links":{"self":[{"href":"https:\/\/treina.online\/index.php?rest_route=\/wp\/v2\/product\/87507","targetHints":{"allow":["GET"]}}],"collection":[{"href":"https:\/\/treina.online\/index.php?rest_route=\/wp\/v2\/product"}],"about":[{"href":"https:\/\/treina.online\/index.php?rest_route=\/wp\/v2\/types\/product"}],"replies":[{"embeddable":true,"href":"https:\/\/treina.online\/index.php?rest_route=%2Fwp%2Fv2%2Fcomments&post=87507"}],"version-history":[{"count":0,"href":"https:\/\/treina.online\/index.php?rest_route=\/wp\/v2\/product\/87507\/revisions"}],"wp:attachment":[{"href":"https:\/\/treina.online\/index.php?rest_route=%2Fwp%2Fv2%2Fmedia&parent=87507"}],"wp:term":[{"taxonomy":"product_brand","embeddable":true,"href":"https:\/\/treina.online\/index.php?rest_route=%2Fwp%2Fv2%2Fproduct_brand&post=87507"},{"taxonomy":"product_cat","embeddable":true,"href":"https:\/\/treina.online\/index.php?rest_route=%2Fwp%2Fv2%2Fproduct_cat&post=87507"},{"taxonomy":"product_tag","embeddable":true,"href":"https:\/\/treina.online\/index.php?rest_route=%2Fwp%2Fv2%2Fproduct_tag&post=87507"}],"curies":[{"name":"wp","href":"https:\/\/api.w.org\/{rel}","templated":true}]}}