{"id":87504,"date":"2025-04-27T12:16:17","date_gmt":"2025-04-27T15:16:17","guid":{"rendered":"https:\/\/ecursos.showdepremiosbendicasa.com.br\/?product=curso-de-mandarim"},"modified":"2025-04-27T12:16:17","modified_gmt":"2025-04-27T15:16:17","slug":"curso-de-mandarim","status":"publish","type":"product","link":"https:\/\/treina.online\/?product=curso-de-mandarim","title":{"rendered":"Curso de Mandarim"},"content":{"rendered":"<p>Voc\u00ea aprender\u00e1 a fon\u00e9tica chinesa &#8211; Pinyin, entona\u00e7\u00f5es, pronomes, conjuga\u00e7\u00e3o verbal, adv\u00e9rbios, part\u00edculas interrogativas, posses, n\u00fameros, classificadores, como se apresentar, forma correta de pedir comida, informa\u00e7\u00f5es de localiza\u00e7\u00e3o e pre\u00e7o, datas e hor\u00e1rios, interesses e muito mais. Se voc\u00ea se interessou por esse, vai gostar tamb\u00e9m do Curso de Ingl\u00eas Avan\u00e7ado I,, Espanhol, e Ingl\u00eas B\u00e1sico I,.<\/p>\n<p>Sobre a carga hor\u00e1ria:<br \/>\nO curso possui 80 horas de carga hor\u00e1ria. Por\u00e9m, se for conclu\u00eddo antes de 5 dias, passa a ter 10 horas de carga hor\u00e1ria. Conforme nosso contrato e termos de uso.<\/p>\n","protected":false},"excerpt":{"rendered":"<p>Voc\u00ea aprender\u00e1 a fon\u00e9tica chinesa &#8211; Pinyin, entona\u00e7\u00f5es, pronomes, conjuga\u00e7\u00e3o verbal, adv\u00e9rbios, part\u00edculas interrogativas, posses, n\u00fameros, classificadores, como se apresentar, forma correta de pedir comida, informa\u00e7\u00f5es de localiza\u00e7\u00e3o e pre\u00e7o, datas e hor\u00e1rios, interesses e muito mais. Se voc\u00ea se interessou por esse, vai gostar tamb\u00e9m do Curso de Ingl\u00eas Avan\u00e7ado I,, Espanhol, e Ingl\u00eas B\u00e1sico I,. Sobre a carga [&hellip;]<\/p>\n","protected":false},"featured_media":0,"comment_status":"open","ping_status":"closed","template":"","meta":[],"product_brand":[],"product_cat":[224],"product_tag":[],"class_list":{"0":"post-87504","1":"product","2":"type-product","3":"status-publish","5":"product_cat-idiomas","6":"post","8":"first","9":"instock","10":"shipping-taxable","11":"product-type-simple"},"_links":{"self":[{"href":"https:\/\/treina.online\/index.php?rest_route=\/wp\/v2\/product\/87504","targetHints":{"allow":["GET"]}}],"collection":[{"href":"https:\/\/treina.online\/index.php?rest_route=\/wp\/v2\/product"}],"about":[{"href":"https:\/\/treina.online\/index.php?rest_route=\/wp\/v2\/types\/product"}],"replies":[{"embeddable":true,"href":"https:\/\/treina.online\/index.php?rest_route=%2Fwp%2Fv2%2Fcomments&post=87504"}],"version-history":[{"count":0,"href":"https:\/\/treina.online\/index.php?rest_route=\/wp\/v2\/product\/87504\/revisions"}],"wp:attachment":[{"href":"https:\/\/treina.online\/index.php?rest_route=%2Fwp%2Fv2%2Fmedia&parent=87504"}],"wp:term":[{"taxonomy":"product_brand","embeddable":true,"href":"https:\/\/treina.online\/index.php?rest_route=%2Fwp%2Fv2%2Fproduct_brand&post=87504"},{"taxonomy":"product_cat","embeddable":true,"href":"https:\/\/treina.online\/index.php?rest_route=%2Fwp%2Fv2%2Fproduct_cat&post=87504"},{"taxonomy":"product_tag","embeddable":true,"href":"https:\/\/treina.online\/index.php?rest_route=%2Fwp%2Fv2%2Fproduct_tag&post=87504"}],"curies":[{"name":"wp","href":"https:\/\/api.w.org\/{rel}","templated":true}]}}