{"id":87502,"date":"2025-04-27T12:15:35","date_gmt":"2025-04-27T15:15:35","guid":{"rendered":"https:\/\/ecursos.showdepremiosbendicasa.com.br\/?product=curso-de-illustrator"},"modified":"2025-04-27T12:15:35","modified_gmt":"2025-04-27T15:15:35","slug":"curso-de-illustrator","status":"publish","type":"product","link":"https:\/\/treina.online\/?product=curso-de-illustrator","title":{"rendered":"Curso de Illustrator"},"content":{"rendered":"<p>Voc\u00ea conhecer\u00e1 as principais ferramentas do Illustrator, como fazer desenhos com formas geom\u00e9tricas, utilizar cor e preenchimento, manipular camadas, desenho livre com caneta, trabalhar com textos, aplicar filtros e efeitos, vetoriza\u00e7\u00e3o de imagens, importa\u00e7\u00e3o e exporta\u00e7\u00e3o de arquivos e muito mais. Gostou desse curso? Ent\u00e3o veja tamb\u00e9m o Curso de Introdu\u00e7\u00e3o ao Flash CS5,, Design de Layouts com Photoshop CC, e Identidade Visual,.<\/p>\n<p>Sobre a carga hor\u00e1ria:<br \/>\nO curso possui 80 horas de carga hor\u00e1ria. Por\u00e9m, se for conclu\u00eddo antes de 5 dias, passa a ter 10 horas de carga hor\u00e1ria. Conforme nosso contrato e termos de uso.<\/p>\n","protected":false},"excerpt":{"rendered":"<p>Voc\u00ea conhecer\u00e1 as principais ferramentas do Illustrator, como fazer desenhos com formas geom\u00e9tricas, utilizar cor e preenchimento, manipular camadas, desenho livre com caneta, trabalhar com textos, aplicar filtros e efeitos, vetoriza\u00e7\u00e3o de imagens, importa\u00e7\u00e3o e exporta\u00e7\u00e3o de arquivos e muito mais. Gostou desse curso? Ent\u00e3o veja tamb\u00e9m o Curso de Introdu\u00e7\u00e3o ao Flash CS5,, Design de Layouts com Photoshop CC, [&hellip;]<\/p>\n","protected":false},"featured_media":0,"comment_status":"open","ping_status":"closed","template":"","meta":[],"product_brand":[],"product_cat":[201],"product_tag":[],"class_list":{"0":"post-87502","1":"product","2":"type-product","3":"status-publish","5":"product_cat-animacoes-e-design","6":"post","8":"first","9":"instock","10":"shipping-taxable","11":"product-type-simple"},"_links":{"self":[{"href":"https:\/\/treina.online\/index.php?rest_route=\/wp\/v2\/product\/87502","targetHints":{"allow":["GET"]}}],"collection":[{"href":"https:\/\/treina.online\/index.php?rest_route=\/wp\/v2\/product"}],"about":[{"href":"https:\/\/treina.online\/index.php?rest_route=\/wp\/v2\/types\/product"}],"replies":[{"embeddable":true,"href":"https:\/\/treina.online\/index.php?rest_route=%2Fwp%2Fv2%2Fcomments&post=87502"}],"version-history":[{"count":0,"href":"https:\/\/treina.online\/index.php?rest_route=\/wp\/v2\/product\/87502\/revisions"}],"wp:attachment":[{"href":"https:\/\/treina.online\/index.php?rest_route=%2Fwp%2Fv2%2Fmedia&parent=87502"}],"wp:term":[{"taxonomy":"product_brand","embeddable":true,"href":"https:\/\/treina.online\/index.php?rest_route=%2Fwp%2Fv2%2Fproduct_brand&post=87502"},{"taxonomy":"product_cat","embeddable":true,"href":"https:\/\/treina.online\/index.php?rest_route=%2Fwp%2Fv2%2Fproduct_cat&post=87502"},{"taxonomy":"product_tag","embeddable":true,"href":"https:\/\/treina.online\/index.php?rest_route=%2Fwp%2Fv2%2Fproduct_tag&post=87502"}],"curies":[{"name":"wp","href":"https:\/\/api.w.org\/{rel}","templated":true}]}}