{"id":87501,"date":"2025-04-27T12:15:31","date_gmt":"2025-04-27T15:15:31","guid":{"rendered":"https:\/\/ecursos.showdepremiosbendicasa.com.br\/?product=curso-de-hipermemoria-e-hiperaprendizagem"},"modified":"2025-04-27T12:15:31","modified_gmt":"2025-04-27T15:15:31","slug":"curso-de-hipermemoria-e-hiperaprendizagem","status":"publish","type":"product","link":"https:\/\/treina.online\/?product=curso-de-hipermemoria-e-hiperaprendizagem","title":{"rendered":"Curso de Hipermem\u00f3ria e Hiperaprendizagem"},"content":{"rendered":"<p>Voc\u00ea aprender\u00e1 sobre posicionamento mental, tipos de mem\u00f3ria, m\u00e9todo Ebbinghaus, m\u00e9todo CODE, m\u00e9todo Cornell, t\u00e9cnica PARA, t\u00e9cnica ZIP, mnem\u00f4nica, mapa mental, conceito de c\u00e9rebro reserva e muito mais. Quem viu esse curso tamb\u00e9m gostou do Curso de Como Estudar para Vestibular e Concursos,, Designer Instrucional, e Alfabetiza\u00e7\u00e3o: Aprender a Ler e Escrever,.<\/p>\n<p>Sobre a carga hor\u00e1ria:<br \/>\nO curso possui 80 horas de carga hor\u00e1ria. Por\u00e9m, se for conclu\u00eddo antes de 5 dias, passa a ter 10 horas de carga hor\u00e1ria. Conforme nosso contrato e termos de uso.<\/p>\n","protected":false},"excerpt":{"rendered":"<p>Voc\u00ea aprender\u00e1 sobre posicionamento mental, tipos de mem\u00f3ria, m\u00e9todo Ebbinghaus, m\u00e9todo CODE, m\u00e9todo Cornell, t\u00e9cnica PARA, t\u00e9cnica ZIP, mnem\u00f4nica, mapa mental, conceito de c\u00e9rebro reserva e muito mais. Quem viu esse curso tamb\u00e9m gostou do Curso de Como Estudar para Vestibular e Concursos,, Designer Instrucional, e Alfabetiza\u00e7\u00e3o: Aprender a Ler e Escrever,. Sobre a carga hor\u00e1ria: O curso possui 80 [&hellip;]<\/p>\n","protected":false},"featured_media":0,"comment_status":"open","ping_status":"closed","template":"","meta":[],"product_brand":[],"product_cat":[213],"product_tag":[],"class_list":{"0":"post-87501","1":"product","2":"type-product","3":"status-publish","5":"product_cat-educacao-e-pedagogia","6":"post","8":"first","9":"instock","10":"shipping-taxable","11":"product-type-simple"},"_links":{"self":[{"href":"https:\/\/treina.online\/index.php?rest_route=\/wp\/v2\/product\/87501","targetHints":{"allow":["GET"]}}],"collection":[{"href":"https:\/\/treina.online\/index.php?rest_route=\/wp\/v2\/product"}],"about":[{"href":"https:\/\/treina.online\/index.php?rest_route=\/wp\/v2\/types\/product"}],"replies":[{"embeddable":true,"href":"https:\/\/treina.online\/index.php?rest_route=%2Fwp%2Fv2%2Fcomments&post=87501"}],"version-history":[{"count":0,"href":"https:\/\/treina.online\/index.php?rest_route=\/wp\/v2\/product\/87501\/revisions"}],"wp:attachment":[{"href":"https:\/\/treina.online\/index.php?rest_route=%2Fwp%2Fv2%2Fmedia&parent=87501"}],"wp:term":[{"taxonomy":"product_brand","embeddable":true,"href":"https:\/\/treina.online\/index.php?rest_route=%2Fwp%2Fv2%2Fproduct_brand&post=87501"},{"taxonomy":"product_cat","embeddable":true,"href":"https:\/\/treina.online\/index.php?rest_route=%2Fwp%2Fv2%2Fproduct_cat&post=87501"},{"taxonomy":"product_tag","embeddable":true,"href":"https:\/\/treina.online\/index.php?rest_route=%2Fwp%2Fv2%2Fproduct_tag&post=87501"}],"curies":[{"name":"wp","href":"https:\/\/api.w.org\/{rel}","templated":true}]}}