{"id":87495,"date":"2025-04-27T12:14:12","date_gmt":"2025-04-27T15:14:12","guid":{"rendered":"https:\/\/ecursos.showdepremiosbendicasa.com.br\/?product=curso-de-capcut-edite-videos-incriveis"},"modified":"2025-04-27T12:14:12","modified_gmt":"2025-04-27T15:14:12","slug":"curso-de-capcut-edite-videos-incriveis","status":"publish","type":"product","link":"https:\/\/treina.online\/?product=curso-de-capcut-edite-videos-incriveis","title":{"rendered":"Curso de CapCut &#8211; Edite V\u00eddeos Incr\u00edveis"},"content":{"rendered":"<p>Voc\u00ea aprender\u00e1 como usar a vers\u00e3o do CapCut tanto para celular e quanto para computador, conhecer\u00e1 os tipos de transi\u00e7\u00f5es, como adicionar textos e legendas, efeitos visuais, efeitos de velocidade, chroma-key, ajustes de \u00e1udio, anima\u00e7\u00f5es de elementos, controle de camadas e muito mais. Se voc\u00ea gostou desse curso vai gostar tamb\u00e9m do Curso de Como ser um Youtuber: Captura e Cria\u00e7\u00e3o de M\u00eddia Kit,, Como ser um Youtuber, e Lightroom Classic CC,.<\/p>\n<p>Sobre a carga hor\u00e1ria:<br \/>\nO curso possui 80 horas de carga hor\u00e1ria. Por\u00e9m, se for conclu\u00eddo antes de 5 dias, passa a ter 10 horas de carga hor\u00e1ria. Conforme nosso contrato e termos de uso.<\/p>\n","protected":false},"excerpt":{"rendered":"<p>Voc\u00ea aprender\u00e1 como usar a vers\u00e3o do CapCut tanto para celular e quanto para computador, conhecer\u00e1 os tipos de transi\u00e7\u00f5es, como adicionar textos e legendas, efeitos visuais, efeitos de velocidade, chroma-key, ajustes de \u00e1udio, anima\u00e7\u00f5es de elementos, controle de camadas e muito mais. Se voc\u00ea gostou desse curso vai gostar tamb\u00e9m do Curso de Como ser um Youtuber: Captura e [&hellip;]<\/p>\n","protected":false},"featured_media":0,"comment_status":"open","ping_status":"closed","template":"","meta":[],"product_brand":[],"product_cat":[222],"product_tag":[],"class_list":{"0":"post-87495","1":"product","2":"type-product","3":"status-publish","5":"product_cat-fotografia-e-video","6":"post","8":"first","9":"instock","10":"shipping-taxable","11":"product-type-simple"},"_links":{"self":[{"href":"https:\/\/treina.online\/index.php?rest_route=\/wp\/v2\/product\/87495","targetHints":{"allow":["GET"]}}],"collection":[{"href":"https:\/\/treina.online\/index.php?rest_route=\/wp\/v2\/product"}],"about":[{"href":"https:\/\/treina.online\/index.php?rest_route=\/wp\/v2\/types\/product"}],"replies":[{"embeddable":true,"href":"https:\/\/treina.online\/index.php?rest_route=%2Fwp%2Fv2%2Fcomments&post=87495"}],"version-history":[{"count":0,"href":"https:\/\/treina.online\/index.php?rest_route=\/wp\/v2\/product\/87495\/revisions"}],"wp:attachment":[{"href":"https:\/\/treina.online\/index.php?rest_route=%2Fwp%2Fv2%2Fmedia&parent=87495"}],"wp:term":[{"taxonomy":"product_brand","embeddable":true,"href":"https:\/\/treina.online\/index.php?rest_route=%2Fwp%2Fv2%2Fproduct_brand&post=87495"},{"taxonomy":"product_cat","embeddable":true,"href":"https:\/\/treina.online\/index.php?rest_route=%2Fwp%2Fv2%2Fproduct_cat&post=87495"},{"taxonomy":"product_tag","embeddable":true,"href":"https:\/\/treina.online\/index.php?rest_route=%2Fwp%2Fv2%2Fproduct_tag&post=87495"}],"curies":[{"name":"wp","href":"https:\/\/api.w.org\/{rel}","templated":true}]}}