{"id":86759,"date":"2024-10-22T16:48:18","date_gmt":"2024-10-22T19:48:18","guid":{"rendered":"https:\/\/ecursostreinaonline.com.br\/produto\/curso-de-design-grafico-do-zero-ao-avancado\/"},"modified":"2024-10-22T16:48:18","modified_gmt":"2024-10-22T19:48:18","slug":"curso-de-design-grafico-do-zero-ao-avancado","status":"publish","type":"product","link":"https:\/\/treina.online\/?product=curso-de-design-grafico-do-zero-ao-avancado","title":{"rendered":"Curso de Design Gr\u00e1fico: do Zero ao Avan\u00e7ado"},"content":{"rendered":"<p>Voc\u00ea vai aprender a usar o Photoshop, fazer edi\u00e7\u00e3o de imagens, utilizar o Adobe Firefly, recursos de IA, diversas ferramentas do Illustrator, Adobe InDesign, Adobe Portfolio, Behance e muito mais. Se voc\u00ea gostou desse curso vai gostar tamb\u00e9m do Curso de Indesign CS5.5,, Flash CS5, e Como Elaborar seu Site com Photoshop CC,.<\/p>\n<p>Sobre a carga hor\u00e1ria:<br \/>\nO curso possui 80 horas de carga hor\u00e1ria. Por\u00e9m, se for conclu\u00eddo antes de 5 dias, passa a ter 10 horas de carga hor\u00e1ria. Conforme nosso contrato e termos de uso.<\/p>\n","protected":false},"excerpt":{"rendered":"<p>Voc\u00ea vai aprender a usar o Photoshop, fazer edi\u00e7\u00e3o de imagens, utilizar o Adobe Firefly, recursos de IA, diversas ferramentas do Illustrator, Adobe InDesign, Adobe Portfolio, Behance e muito mais. Se voc\u00ea gostou desse curso vai gostar tamb\u00e9m do Curso de Indesign CS5.5,, Flash CS5, e Como Elaborar seu Site com Photoshop CC,. Sobre a carga hor\u00e1ria: O curso possui [&hellip;]<\/p>\n","protected":false},"featured_media":0,"comment_status":"open","ping_status":"closed","template":"","meta":[],"product_brand":[],"product_cat":[201],"product_tag":[],"class_list":{"0":"post-86759","1":"product","2":"type-product","3":"status-publish","5":"product_cat-animacoes-e-design","6":"post","8":"first","9":"instock","10":"virtual","11":"sold-individually","12":"product-type-simple"},"_links":{"self":[{"href":"https:\/\/treina.online\/index.php?rest_route=\/wp\/v2\/product\/86759","targetHints":{"allow":["GET"]}}],"collection":[{"href":"https:\/\/treina.online\/index.php?rest_route=\/wp\/v2\/product"}],"about":[{"href":"https:\/\/treina.online\/index.php?rest_route=\/wp\/v2\/types\/product"}],"replies":[{"embeddable":true,"href":"https:\/\/treina.online\/index.php?rest_route=%2Fwp%2Fv2%2Fcomments&post=86759"}],"version-history":[{"count":0,"href":"https:\/\/treina.online\/index.php?rest_route=\/wp\/v2\/product\/86759\/revisions"}],"wp:attachment":[{"href":"https:\/\/treina.online\/index.php?rest_route=%2Fwp%2Fv2%2Fmedia&parent=86759"}],"wp:term":[{"taxonomy":"product_brand","embeddable":true,"href":"https:\/\/treina.online\/index.php?rest_route=%2Fwp%2Fv2%2Fproduct_brand&post=86759"},{"taxonomy":"product_cat","embeddable":true,"href":"https:\/\/treina.online\/index.php?rest_route=%2Fwp%2Fv2%2Fproduct_cat&post=86759"},{"taxonomy":"product_tag","embeddable":true,"href":"https:\/\/treina.online\/index.php?rest_route=%2Fwp%2Fv2%2Fproduct_tag&post=86759"}],"curies":[{"name":"wp","href":"https:\/\/api.w.org\/{rel}","templated":true}]}}