{"id":86714,"date":"2024-09-08T10:42:14","date_gmt":"2024-09-08T13:42:14","guid":{"rendered":"https:\/\/ecursostreinaonline.com.br\/produto\/curso-de-gestao-de-unidades-de-alimentacao-e-nutricao-uan\/"},"modified":"2024-09-08T10:42:14","modified_gmt":"2024-09-08T13:42:14","slug":"curso-de-gestao-de-unidades-de-alimentacao-e-nutricao-uan","status":"publish","type":"product","link":"https:\/\/treina.online\/?product=curso-de-gestao-de-unidades-de-alimentacao-e-nutricao-uan","title":{"rendered":"Curso de Gest\u00e3o de Unidades de Alimenta\u00e7\u00e3o e Nutri\u00e7\u00e3o (UAN)"},"content":{"rendered":"<p>Voc\u00ea aprender\u00e1 as caracter\u00edsticas gerais de UAN, quais s\u00e3o os tipos de administra\u00e7\u00e3o e contratos, papel do nutricionista, equipamentos utilizados, seguran\u00e7a dos alimentos, tipos de custos e faturamento em UAN, gerenciamento de estoque dos alimentos e muito mais. Se voc\u00ea se interessou por esse, vai gostar tamb\u00e9m do Curso de Avalia\u00e7\u00e3o Nutricional na Pr\u00e1tica,, Aleitamento Materno: Iniciando a Amamenta\u00e7\u00e3o, e Introdu\u00e7\u00e3o ao Aleitamento Materno,.<\/p>\n<p>Sobre a carga hor\u00e1ria:<br \/>\nO curso possui 80 horas de carga hor\u00e1ria. Por\u00e9m, se for conclu\u00eddo antes de 5 dias, passa a ter 10 horas de carga hor\u00e1ria. Conforme nosso contrato e termos de uso.<\/p>\n","protected":false},"excerpt":{"rendered":"<p>Voc\u00ea aprender\u00e1 as caracter\u00edsticas gerais de UAN, quais s\u00e3o os tipos de administra\u00e7\u00e3o e contratos, papel do nutricionista, equipamentos utilizados, seguran\u00e7a dos alimentos, tipos de custos e faturamento em UAN, gerenciamento de estoque dos alimentos e muito mais. Se voc\u00ea se interessou por esse, vai gostar tamb\u00e9m do Curso de Avalia\u00e7\u00e3o Nutricional na Pr\u00e1tica,, Aleitamento Materno: Iniciando a Amamenta\u00e7\u00e3o, e [&hellip;]<\/p>\n","protected":false},"featured_media":0,"comment_status":"open","ping_status":"closed","template":"","meta":[],"product_brand":[],"product_cat":[231],"product_tag":[],"class_list":{"0":"post-86714","1":"product","2":"type-product","3":"status-publish","5":"product_cat-nutricao","6":"post","8":"first","9":"instock","10":"virtual","11":"sold-individually","12":"product-type-simple"},"_links":{"self":[{"href":"https:\/\/treina.online\/index.php?rest_route=\/wp\/v2\/product\/86714","targetHints":{"allow":["GET"]}}],"collection":[{"href":"https:\/\/treina.online\/index.php?rest_route=\/wp\/v2\/product"}],"about":[{"href":"https:\/\/treina.online\/index.php?rest_route=\/wp\/v2\/types\/product"}],"replies":[{"embeddable":true,"href":"https:\/\/treina.online\/index.php?rest_route=%2Fwp%2Fv2%2Fcomments&post=86714"}],"version-history":[{"count":0,"href":"https:\/\/treina.online\/index.php?rest_route=\/wp\/v2\/product\/86714\/revisions"}],"wp:attachment":[{"href":"https:\/\/treina.online\/index.php?rest_route=%2Fwp%2Fv2%2Fmedia&parent=86714"}],"wp:term":[{"taxonomy":"product_brand","embeddable":true,"href":"https:\/\/treina.online\/index.php?rest_route=%2Fwp%2Fv2%2Fproduct_brand&post=86714"},{"taxonomy":"product_cat","embeddable":true,"href":"https:\/\/treina.online\/index.php?rest_route=%2Fwp%2Fv2%2Fproduct_cat&post=86714"},{"taxonomy":"product_tag","embeddable":true,"href":"https:\/\/treina.online\/index.php?rest_route=%2Fwp%2Fv2%2Fproduct_tag&post=86714"}],"curies":[{"name":"wp","href":"https:\/\/api.w.org\/{rel}","templated":true}]}}