{"id":86707,"date":"2024-09-04T16:16:46","date_gmt":"2024-09-04T19:16:46","guid":{"rendered":"https:\/\/ecursostreinaonline.com.br\/produto\/curso-de-vendas-de-alta-performance\/"},"modified":"2024-09-04T16:16:46","modified_gmt":"2024-09-04T19:16:46","slug":"curso-de-vendas-de-alta-performance","status":"publish","type":"product","link":"https:\/\/treina.online\/?product=curso-de-vendas-de-alta-performance","title":{"rendered":"Curso de Vendas de Alta Performance"},"content":{"rendered":"<p>Voc\u00ea conhecer\u00e1 os conceitos fundamentais na elabora\u00e7\u00e3o de estrat\u00e9gias comercias, entender\u00e1 como aplicar as t\u00e9cnicas com foco para aumentar os resultados, temas como: venda consultiva, matriz de prioriza\u00e7\u00e3o, perfis comportamentais, prospec\u00e7\u00e3o, intelig\u00eancia comercial, t\u00e9cnica pomodoro e muito mais. Quem gosta desse curso tamb\u00e9m gosta do Curso de Satisfa\u00e7\u00e3o de Clientes,, Gest\u00e3o em Call Center, e T\u00e9cnicas de Vendas,.<\/p>\n<p>Sobre a carga hor\u00e1ria:<br \/>\nO curso possui 80 horas de carga hor\u00e1ria. Por\u00e9m, se for conclu\u00eddo antes de 5 dias, passa a ter 10 horas de carga hor\u00e1ria. Conforme nosso contrato e termos de uso.<\/p>\n","protected":false},"excerpt":{"rendered":"<p>Voc\u00ea conhecer\u00e1 os conceitos fundamentais na elabora\u00e7\u00e3o de estrat\u00e9gias comercias, entender\u00e1 como aplicar as t\u00e9cnicas com foco para aumentar os resultados, temas como: venda consultiva, matriz de prioriza\u00e7\u00e3o, perfis comportamentais, prospec\u00e7\u00e3o, intelig\u00eancia comercial, t\u00e9cnica pomodoro e muito mais. Quem gosta desse curso tamb\u00e9m gosta do Curso de Satisfa\u00e7\u00e3o de Clientes,, Gest\u00e3o em Call Center, e T\u00e9cnicas de Vendas,. Sobre a [&hellip;]<\/p>\n","protected":false},"featured_media":0,"comment_status":"open","ping_status":"closed","template":"","meta":[],"product_brand":[],"product_cat":[237],"product_tag":[],"class_list":{"0":"post-86707","1":"product","2":"type-product","3":"status-publish","5":"product_cat-vendas","6":"post","8":"first","9":"instock","10":"virtual","11":"sold-individually","12":"product-type-simple"},"_links":{"self":[{"href":"https:\/\/treina.online\/index.php?rest_route=\/wp\/v2\/product\/86707","targetHints":{"allow":["GET"]}}],"collection":[{"href":"https:\/\/treina.online\/index.php?rest_route=\/wp\/v2\/product"}],"about":[{"href":"https:\/\/treina.online\/index.php?rest_route=\/wp\/v2\/types\/product"}],"replies":[{"embeddable":true,"href":"https:\/\/treina.online\/index.php?rest_route=%2Fwp%2Fv2%2Fcomments&post=86707"}],"version-history":[{"count":0,"href":"https:\/\/treina.online\/index.php?rest_route=\/wp\/v2\/product\/86707\/revisions"}],"wp:attachment":[{"href":"https:\/\/treina.online\/index.php?rest_route=%2Fwp%2Fv2%2Fmedia&parent=86707"}],"wp:term":[{"taxonomy":"product_brand","embeddable":true,"href":"https:\/\/treina.online\/index.php?rest_route=%2Fwp%2Fv2%2Fproduct_brand&post=86707"},{"taxonomy":"product_cat","embeddable":true,"href":"https:\/\/treina.online\/index.php?rest_route=%2Fwp%2Fv2%2Fproduct_cat&post=86707"},{"taxonomy":"product_tag","embeddable":true,"href":"https:\/\/treina.online\/index.php?rest_route=%2Fwp%2Fv2%2Fproduct_tag&post=86707"}],"curies":[{"name":"wp","href":"https:\/\/api.w.org\/{rel}","templated":true}]}}