{"id":86697,"date":"2024-09-04T16:16:36","date_gmt":"2024-09-04T19:16:36","guid":{"rendered":"https:\/\/ecursostreinaonline.com.br\/produto\/curso-de-social-selling\/"},"modified":"2024-09-04T16:16:36","modified_gmt":"2024-09-04T19:16:36","slug":"curso-de-social-selling","status":"publish","type":"product","link":"https:\/\/treina.online\/?product=curso-de-social-selling","title":{"rendered":"Curso de Social Selling"},"content":{"rendered":"<p>Voc\u00ea conhecer\u00e1 tudo sobre Social Selling, como vender e produzir conte\u00fado nas redes sociais, o que \u00e9 branding, etapas do processo comercial, funil de vendas e muito mais. Outros cursos que podem ser interessante: Curso de Atendimento ao Cliente,, Trabalhando as Obje\u00e7\u00f5es em Vendas, e Atendimento e Vendas no Varejo,.<\/p>\n<p>Sobre a carga hor\u00e1ria:<br \/>\nO curso possui 80 horas de carga hor\u00e1ria. Por\u00e9m, se for conclu\u00eddo antes de 5 dias, passa a ter 10 horas de carga hor\u00e1ria. Conforme nosso contrato e termos de uso.<\/p>\n","protected":false},"excerpt":{"rendered":"<p>Voc\u00ea conhecer\u00e1 tudo sobre Social Selling, como vender e produzir conte\u00fado nas redes sociais, o que \u00e9 branding, etapas do processo comercial, funil de vendas e muito mais. Outros cursos que podem ser interessante: Curso de Atendimento ao Cliente,, Trabalhando as Obje\u00e7\u00f5es em Vendas, e Atendimento e Vendas no Varejo,. Sobre a carga hor\u00e1ria: O curso possui 80 horas de [&hellip;]<\/p>\n","protected":false},"featured_media":0,"comment_status":"open","ping_status":"closed","template":"","meta":[],"product_brand":[],"product_cat":[237],"product_tag":[],"class_list":{"0":"post-86697","1":"product","2":"type-product","3":"status-publish","5":"product_cat-vendas","6":"post","8":"first","9":"instock","10":"virtual","11":"sold-individually","12":"product-type-simple"},"_links":{"self":[{"href":"https:\/\/treina.online\/index.php?rest_route=\/wp\/v2\/product\/86697","targetHints":{"allow":["GET"]}}],"collection":[{"href":"https:\/\/treina.online\/index.php?rest_route=\/wp\/v2\/product"}],"about":[{"href":"https:\/\/treina.online\/index.php?rest_route=\/wp\/v2\/types\/product"}],"replies":[{"embeddable":true,"href":"https:\/\/treina.online\/index.php?rest_route=%2Fwp%2Fv2%2Fcomments&post=86697"}],"version-history":[{"count":0,"href":"https:\/\/treina.online\/index.php?rest_route=\/wp\/v2\/product\/86697\/revisions"}],"wp:attachment":[{"href":"https:\/\/treina.online\/index.php?rest_route=%2Fwp%2Fv2%2Fmedia&parent=86697"}],"wp:term":[{"taxonomy":"product_brand","embeddable":true,"href":"https:\/\/treina.online\/index.php?rest_route=%2Fwp%2Fv2%2Fproduct_brand&post=86697"},{"taxonomy":"product_cat","embeddable":true,"href":"https:\/\/treina.online\/index.php?rest_route=%2Fwp%2Fv2%2Fproduct_cat&post=86697"},{"taxonomy":"product_tag","embeddable":true,"href":"https:\/\/treina.online\/index.php?rest_route=%2Fwp%2Fv2%2Fproduct_tag&post=86697"}],"curies":[{"name":"wp","href":"https:\/\/api.w.org\/{rel}","templated":true}]}}