{"id":86694,"date":"2024-09-04T16:16:34","date_gmt":"2024-09-04T19:16:34","guid":{"rendered":"https:\/\/ecursostreinaonline.com.br\/produto\/curso-de-resiliencia-e-resultado\/"},"modified":"2024-09-04T16:16:34","modified_gmt":"2024-09-04T19:16:34","slug":"curso-de-resiliencia-e-resultado","status":"publish","type":"product","link":"https:\/\/treina.online\/?product=curso-de-resiliencia-e-resultado","title":{"rendered":"Curso de Resili\u00eancia e Resultado"},"content":{"rendered":"<p>Voc\u00ea ver\u00e1 temas importantes para desenvolver resili\u00eancia e resultado, como autoconhecimento, intelig\u00eancia emocional, compet\u00eancias da resili\u00eancia, comportamento nas organiza\u00e7\u00f5es, o papel da lideran\u00e7a, engajamento e resultado, gest\u00e3o da mudan\u00e7a, gerenciamento de crises e muito mais. Geralmente quem gosta desse curso gostam tamb\u00e9m do Curso de \u00c9tica: Comportamento Pessoal e Profissional,, Comunica\u00e7\u00e3o de Alta Performance, e Produtividade,.<\/p>\n<p>Sobre a carga hor\u00e1ria:<br \/>\nO curso possui 80 horas de carga hor\u00e1ria. Por\u00e9m, se for conclu\u00eddo antes de 5 dias, passa a ter 10 horas de carga hor\u00e1ria. Conforme nosso contrato e termos de uso.<\/p>\n","protected":false},"excerpt":{"rendered":"<p>Voc\u00ea ver\u00e1 temas importantes para desenvolver resili\u00eancia e resultado, como autoconhecimento, intelig\u00eancia emocional, compet\u00eancias da resili\u00eancia, comportamento nas organiza\u00e7\u00f5es, o papel da lideran\u00e7a, engajamento e resultado, gest\u00e3o da mudan\u00e7a, gerenciamento de crises e muito mais. Geralmente quem gosta desse curso gostam tamb\u00e9m do Curso de \u00c9tica: Comportamento Pessoal e Profissional,, Comunica\u00e7\u00e3o de Alta Performance, e Produtividade,. Sobre a carga hor\u00e1ria: [&hellip;]<\/p>\n","protected":false},"featured_media":0,"comment_status":"open","ping_status":"closed","template":"","meta":[],"product_brand":[],"product_cat":[297],"product_tag":[],"class_list":{"0":"post-86694","1":"product","2":"type-product","3":"status-publish","5":"product_cat-desenvolvimento-pessoal","6":"post","8":"first","9":"instock","10":"virtual","11":"sold-individually","12":"product-type-simple"},"_links":{"self":[{"href":"https:\/\/treina.online\/index.php?rest_route=\/wp\/v2\/product\/86694","targetHints":{"allow":["GET"]}}],"collection":[{"href":"https:\/\/treina.online\/index.php?rest_route=\/wp\/v2\/product"}],"about":[{"href":"https:\/\/treina.online\/index.php?rest_route=\/wp\/v2\/types\/product"}],"replies":[{"embeddable":true,"href":"https:\/\/treina.online\/index.php?rest_route=%2Fwp%2Fv2%2Fcomments&post=86694"}],"version-history":[{"count":0,"href":"https:\/\/treina.online\/index.php?rest_route=\/wp\/v2\/product\/86694\/revisions"}],"wp:attachment":[{"href":"https:\/\/treina.online\/index.php?rest_route=%2Fwp%2Fv2%2Fmedia&parent=86694"}],"wp:term":[{"taxonomy":"product_brand","embeddable":true,"href":"https:\/\/treina.online\/index.php?rest_route=%2Fwp%2Fv2%2Fproduct_brand&post=86694"},{"taxonomy":"product_cat","embeddable":true,"href":"https:\/\/treina.online\/index.php?rest_route=%2Fwp%2Fv2%2Fproduct_cat&post=86694"},{"taxonomy":"product_tag","embeddable":true,"href":"https:\/\/treina.online\/index.php?rest_route=%2Fwp%2Fv2%2Fproduct_tag&post=86694"}],"curies":[{"name":"wp","href":"https:\/\/api.w.org\/{rel}","templated":true}]}}