{"id":86693,"date":"2024-09-04T16:16:32","date_gmt":"2024-09-04T19:16:32","guid":{"rendered":"https:\/\/ecursostreinaonline.com.br\/produto\/curso-de-relacao-com-investidores-cfo\/"},"modified":"2024-09-04T16:16:32","modified_gmt":"2024-09-04T19:16:32","slug":"curso-de-relacao-com-investidores-cfo","status":"publish","type":"product","link":"https:\/\/treina.online\/?product=curso-de-relacao-com-investidores-cfo","title":{"rendered":"Curso de Rela\u00e7\u00e3o com Investidores: CFO"},"content":{"rendered":"<p>Voc\u00ea poder\u00e1 desenvolver habilidades importantes para lidar com as situa\u00e7\u00f5es desafiadoras do mercado. Aprender\u00e1 sobre governan\u00e7a corporativa, papel do CFO, gest\u00e3o tribut\u00e1ria e de custos, an\u00e1lise e planejamento estrat\u00e9gico financeiro, cria\u00e7\u00e3o de valor, gest\u00e3o de riscos de projetos, ALM \u2013 Asset &#038; Liability Management, Compliance, ESG, comunica\u00e7\u00e3o com stakeholders e muito mais. Outros cursos que podem ser interessante: Curso de Como Fazer Investimentos: Introdu\u00e7\u00e3o,, Preven\u00e7\u00e3o a Fraudes, e Construir um Patrim\u00f4nio com Qualquer Sal\u00e1rio,.<\/p>\n<p>Sobre a carga hor\u00e1ria:<br \/>\nO curso possui 80 horas de carga hor\u00e1ria. Por\u00e9m, se for conclu\u00eddo antes de 5 dias, passa a ter 10 horas de carga hor\u00e1ria. Conforme nosso contrato e termos de uso.<\/p>\n","protected":false},"excerpt":{"rendered":"<p>Voc\u00ea poder\u00e1 desenvolver habilidades importantes para lidar com as situa\u00e7\u00f5es desafiadoras do mercado. Aprender\u00e1 sobre governan\u00e7a corporativa, papel do CFO, gest\u00e3o tribut\u00e1ria e de custos, an\u00e1lise e planejamento estrat\u00e9gico financeiro, cria\u00e7\u00e3o de valor, gest\u00e3o de riscos de projetos, ALM \u2013 Asset &#038; Liability Management, Compliance, ESG, comunica\u00e7\u00e3o com stakeholders e muito mais. Outros cursos que podem ser interessante: Curso de [&hellip;]<\/p>\n","protected":false},"featured_media":0,"comment_status":"open","ping_status":"closed","template":"","meta":[],"product_brand":[],"product_cat":[220],"product_tag":[],"class_list":{"0":"post-86693","1":"product","2":"type-product","3":"status-publish","5":"product_cat-financas","6":"post","8":"first","9":"instock","10":"virtual","11":"sold-individually","12":"product-type-simple"},"_links":{"self":[{"href":"https:\/\/treina.online\/index.php?rest_route=\/wp\/v2\/product\/86693","targetHints":{"allow":["GET"]}}],"collection":[{"href":"https:\/\/treina.online\/index.php?rest_route=\/wp\/v2\/product"}],"about":[{"href":"https:\/\/treina.online\/index.php?rest_route=\/wp\/v2\/types\/product"}],"replies":[{"embeddable":true,"href":"https:\/\/treina.online\/index.php?rest_route=%2Fwp%2Fv2%2Fcomments&post=86693"}],"version-history":[{"count":0,"href":"https:\/\/treina.online\/index.php?rest_route=\/wp\/v2\/product\/86693\/revisions"}],"wp:attachment":[{"href":"https:\/\/treina.online\/index.php?rest_route=%2Fwp%2Fv2%2Fmedia&parent=86693"}],"wp:term":[{"taxonomy":"product_brand","embeddable":true,"href":"https:\/\/treina.online\/index.php?rest_route=%2Fwp%2Fv2%2Fproduct_brand&post=86693"},{"taxonomy":"product_cat","embeddable":true,"href":"https:\/\/treina.online\/index.php?rest_route=%2Fwp%2Fv2%2Fproduct_cat&post=86693"},{"taxonomy":"product_tag","embeddable":true,"href":"https:\/\/treina.online\/index.php?rest_route=%2Fwp%2Fv2%2Fproduct_tag&post=86693"}],"curies":[{"name":"wp","href":"https:\/\/api.w.org\/{rel}","templated":true}]}}