{"id":86690,"date":"2024-09-04T16:16:31","date_gmt":"2024-09-04T19:16:31","guid":{"rendered":"https:\/\/ecursostreinaonline.com.br\/produto\/curso-de-psicopedagogia\/"},"modified":"2024-09-04T16:16:31","modified_gmt":"2024-09-04T19:16:31","slug":"curso-de-psicopedagogia","status":"publish","type":"product","link":"https:\/\/treina.online\/?product=curso-de-psicopedagogia","title":{"rendered":"Curso de Psicopedagogia"},"content":{"rendered":"<p>Voc\u00ea aprender\u00e1 sobre a avalia\u00e7\u00e3o e interven\u00e7\u00e3o psicopedag\u00f3gica, quais s\u00e3o os transtornos mais comuns de aprendizagem, quais s\u00e3o as \u00e1reas de atua\u00e7\u00e3o, EOCA, provas operat\u00f3rias de Piaget, a import\u00e2ncia da media\u00e7\u00e3o cognitiva e muito mais. Uma dica seria aproveitar e ver tamb\u00e9m Curso de Libras na Pr\u00e1tica,, TDAH, e Atividades L\u00fadicas: Atividades Corporais,.<\/p>\n<p>Sobre a carga hor\u00e1ria:<br \/>\nO curso possui 80 horas de carga hor\u00e1ria. Por\u00e9m, se for conclu\u00eddo antes de 5 dias, passa a ter 10 horas de carga hor\u00e1ria. Conforme nosso contrato e termos de uso.<\/p>\n","protected":false},"excerpt":{"rendered":"<p>Voc\u00ea aprender\u00e1 sobre a avalia\u00e7\u00e3o e interven\u00e7\u00e3o psicopedag\u00f3gica, quais s\u00e3o os transtornos mais comuns de aprendizagem, quais s\u00e3o as \u00e1reas de atua\u00e7\u00e3o, EOCA, provas operat\u00f3rias de Piaget, a import\u00e2ncia da media\u00e7\u00e3o cognitiva e muito mais. Uma dica seria aproveitar e ver tamb\u00e9m Curso de Libras na Pr\u00e1tica,, TDAH, e Atividades L\u00fadicas: Atividades Corporais,. Sobre a carga hor\u00e1ria: O curso possui [&hellip;]<\/p>\n","protected":false},"featured_media":0,"comment_status":"open","ping_status":"closed","template":"","meta":[],"product_brand":[],"product_cat":[213],"product_tag":[],"class_list":{"0":"post-86690","1":"product","2":"type-product","3":"status-publish","5":"product_cat-educacao-e-pedagogia","6":"post","8":"first","9":"instock","10":"virtual","11":"sold-individually","12":"product-type-simple"},"_links":{"self":[{"href":"https:\/\/treina.online\/index.php?rest_route=\/wp\/v2\/product\/86690","targetHints":{"allow":["GET"]}}],"collection":[{"href":"https:\/\/treina.online\/index.php?rest_route=\/wp\/v2\/product"}],"about":[{"href":"https:\/\/treina.online\/index.php?rest_route=\/wp\/v2\/types\/product"}],"replies":[{"embeddable":true,"href":"https:\/\/treina.online\/index.php?rest_route=%2Fwp%2Fv2%2Fcomments&post=86690"}],"version-history":[{"count":0,"href":"https:\/\/treina.online\/index.php?rest_route=\/wp\/v2\/product\/86690\/revisions"}],"wp:attachment":[{"href":"https:\/\/treina.online\/index.php?rest_route=%2Fwp%2Fv2%2Fmedia&parent=86690"}],"wp:term":[{"taxonomy":"product_brand","embeddable":true,"href":"https:\/\/treina.online\/index.php?rest_route=%2Fwp%2Fv2%2Fproduct_brand&post=86690"},{"taxonomy":"product_cat","embeddable":true,"href":"https:\/\/treina.online\/index.php?rest_route=%2Fwp%2Fv2%2Fproduct_cat&post=86690"},{"taxonomy":"product_tag","embeddable":true,"href":"https:\/\/treina.online\/index.php?rest_route=%2Fwp%2Fv2%2Fproduct_tag&post=86690"}],"curies":[{"name":"wp","href":"https:\/\/api.w.org\/{rel}","templated":true}]}}