{"id":86688,"date":"2024-09-04T16:16:26","date_gmt":"2024-09-04T19:16:26","guid":{"rendered":"https:\/\/ecursostreinaonline.com.br\/produto\/curso-de-premiere-pro-2023\/"},"modified":"2024-09-04T16:16:26","modified_gmt":"2024-09-04T19:16:26","slug":"curso-de-premiere-pro-2023","status":"publish","type":"product","link":"https:\/\/treina.online\/?product=curso-de-premiere-pro-2023","title":{"rendered":"Curso de Premiere Pro 2023"},"content":{"rendered":"<p>Voc\u00ea aprender\u00e1 como usar diversos recursos dispon\u00edveis pelo software, teclas de atalho, como importar materiais, edi\u00e7\u00e3o de chroma-key, como inserir legendas, estabiliza\u00e7\u00e3o de imagens, ferramentas de corte, texto, \u00e1udio, cor, transi\u00e7\u00f5es, efeitos e muito mais. Al\u00e9m disso temos tamb\u00e9m o Curso de Fotografia Digital,, Introdu\u00e7\u00e3o ao Cinema 4D, e Fotojornalismo,.<\/p>\n<p>Sobre a carga hor\u00e1ria:<br \/>\nO curso possui 80 horas de carga hor\u00e1ria. Por\u00e9m, se for conclu\u00eddo antes de 5 dias, passa a ter 10 horas de carga hor\u00e1ria. Conforme nosso contrato e termos de uso.<\/p>\n","protected":false},"excerpt":{"rendered":"<p>Voc\u00ea aprender\u00e1 como usar diversos recursos dispon\u00edveis pelo software, teclas de atalho, como importar materiais, edi\u00e7\u00e3o de chroma-key, como inserir legendas, estabiliza\u00e7\u00e3o de imagens, ferramentas de corte, texto, \u00e1udio, cor, transi\u00e7\u00f5es, efeitos e muito mais. Al\u00e9m disso temos tamb\u00e9m o Curso de Fotografia Digital,, Introdu\u00e7\u00e3o ao Cinema 4D, e Fotojornalismo,. Sobre a carga hor\u00e1ria: O curso possui 80 horas de [&hellip;]<\/p>\n","protected":false},"featured_media":0,"comment_status":"open","ping_status":"closed","template":"","meta":[],"product_brand":[],"product_cat":[222],"product_tag":[],"class_list":{"0":"post-86688","1":"product","2":"type-product","3":"status-publish","5":"product_cat-fotografia-e-video","6":"post","8":"first","9":"instock","10":"virtual","11":"sold-individually","12":"product-type-simple"},"_links":{"self":[{"href":"https:\/\/treina.online\/index.php?rest_route=\/wp\/v2\/product\/86688","targetHints":{"allow":["GET"]}}],"collection":[{"href":"https:\/\/treina.online\/index.php?rest_route=\/wp\/v2\/product"}],"about":[{"href":"https:\/\/treina.online\/index.php?rest_route=\/wp\/v2\/types\/product"}],"replies":[{"embeddable":true,"href":"https:\/\/treina.online\/index.php?rest_route=%2Fwp%2Fv2%2Fcomments&post=86688"}],"version-history":[{"count":0,"href":"https:\/\/treina.online\/index.php?rest_route=\/wp\/v2\/product\/86688\/revisions"}],"wp:attachment":[{"href":"https:\/\/treina.online\/index.php?rest_route=%2Fwp%2Fv2%2Fmedia&parent=86688"}],"wp:term":[{"taxonomy":"product_brand","embeddable":true,"href":"https:\/\/treina.online\/index.php?rest_route=%2Fwp%2Fv2%2Fproduct_brand&post=86688"},{"taxonomy":"product_cat","embeddable":true,"href":"https:\/\/treina.online\/index.php?rest_route=%2Fwp%2Fv2%2Fproduct_cat&post=86688"},{"taxonomy":"product_tag","embeddable":true,"href":"https:\/\/treina.online\/index.php?rest_route=%2Fwp%2Fv2%2Fproduct_tag&post=86688"}],"curies":[{"name":"wp","href":"https:\/\/api.w.org\/{rel}","templated":true}]}}