{"id":86685,"date":"2024-09-04T16:16:24","date_gmt":"2024-09-04T19:16:24","guid":{"rendered":"https:\/\/ecursostreinaonline.com.br\/produto\/curso-de-photoshop\/"},"modified":"2024-09-04T16:16:24","modified_gmt":"2024-09-04T19:16:24","slug":"curso-de-photoshop","status":"publish","type":"product","link":"https:\/\/treina.online\/?product=curso-de-photoshop","title":{"rendered":"Curso de Photoshop"},"content":{"rendered":"<p>Voc\u00ea aprender\u00e1 como trabalhar com camadas e fazer uma edi\u00e7\u00e3o n\u00e3o destrutiva, ver\u00e1 como melhorar as sele\u00e7\u00f5es, conhecer\u00e1 as ferramentas de corre\u00e7\u00e3o, ajustes globais, principais filtros do b\u00e1sico ao avan\u00e7ado, configura\u00e7\u00f5es de texto e muito mais. Quem gosta desse curso tamb\u00e9m gosta do Curso de Produ\u00e7\u00e3o de V\u00eddeo com C\u00e2meras DSLR,, Introdu\u00e7\u00e3o ao Marketing para Fot\u00f3grafos, e Introdu\u00e7\u00e3o ao Cinema 4D,.<\/p>\n<p>Sobre a carga hor\u00e1ria:<br \/>\nO curso possui 80 horas de carga hor\u00e1ria. Por\u00e9m, se for conclu\u00eddo antes de 5 dias, passa a ter 10 horas de carga hor\u00e1ria. Conforme nosso contrato e termos de uso.<\/p>\n","protected":false},"excerpt":{"rendered":"<p>Voc\u00ea aprender\u00e1 como trabalhar com camadas e fazer uma edi\u00e7\u00e3o n\u00e3o destrutiva, ver\u00e1 como melhorar as sele\u00e7\u00f5es, conhecer\u00e1 as ferramentas de corre\u00e7\u00e3o, ajustes globais, principais filtros do b\u00e1sico ao avan\u00e7ado, configura\u00e7\u00f5es de texto e muito mais. Quem gosta desse curso tamb\u00e9m gosta do Curso de Produ\u00e7\u00e3o de V\u00eddeo com C\u00e2meras DSLR,, Introdu\u00e7\u00e3o ao Marketing para Fot\u00f3grafos, e Introdu\u00e7\u00e3o ao Cinema [&hellip;]<\/p>\n","protected":false},"featured_media":0,"comment_status":"open","ping_status":"closed","template":"","meta":[],"product_brand":[],"product_cat":[222],"product_tag":[],"class_list":{"0":"post-86685","1":"product","2":"type-product","3":"status-publish","5":"product_cat-fotografia-e-video","6":"post","8":"first","9":"instock","10":"virtual","11":"sold-individually","12":"product-type-simple"},"_links":{"self":[{"href":"https:\/\/treina.online\/index.php?rest_route=\/wp\/v2\/product\/86685","targetHints":{"allow":["GET"]}}],"collection":[{"href":"https:\/\/treina.online\/index.php?rest_route=\/wp\/v2\/product"}],"about":[{"href":"https:\/\/treina.online\/index.php?rest_route=\/wp\/v2\/types\/product"}],"replies":[{"embeddable":true,"href":"https:\/\/treina.online\/index.php?rest_route=%2Fwp%2Fv2%2Fcomments&post=86685"}],"version-history":[{"count":0,"href":"https:\/\/treina.online\/index.php?rest_route=\/wp\/v2\/product\/86685\/revisions"}],"wp:attachment":[{"href":"https:\/\/treina.online\/index.php?rest_route=%2Fwp%2Fv2%2Fmedia&parent=86685"}],"wp:term":[{"taxonomy":"product_brand","embeddable":true,"href":"https:\/\/treina.online\/index.php?rest_route=%2Fwp%2Fv2%2Fproduct_brand&post=86685"},{"taxonomy":"product_cat","embeddable":true,"href":"https:\/\/treina.online\/index.php?rest_route=%2Fwp%2Fv2%2Fproduct_cat&post=86685"},{"taxonomy":"product_tag","embeddable":true,"href":"https:\/\/treina.online\/index.php?rest_route=%2Fwp%2Fv2%2Fproduct_tag&post=86685"}],"curies":[{"name":"wp","href":"https:\/\/api.w.org\/{rel}","templated":true}]}}