{"id":86683,"date":"2024-09-04T16:16:22","date_gmt":"2024-09-04T19:16:22","guid":{"rendered":"https:\/\/ecursostreinaonline.com.br\/produto\/curso-de-pedagogia-inclusiva\/"},"modified":"2024-09-04T16:16:22","modified_gmt":"2024-09-04T19:16:22","slug":"curso-de-pedagogia-inclusiva","status":"publish","type":"product","link":"https:\/\/treina.online\/?product=curso-de-pedagogia-inclusiva","title":{"rendered":"Curso de Pedagogia Inclusiva"},"content":{"rendered":"<p>Voc\u00ea aprender\u00e1 sobre o que \u00e9 pedagogia, educa\u00e7\u00e3o especial e inclusiva, acessibilidade, Desenho Universal para Aprendizagem, Plano Educacional individualizado, tecnologia assistiva nas escolas e muito mais. Geralmente quem gosta desse curso gostam tamb\u00e9m do Curso de Neuroeduca\u00e7\u00e3o na Pr\u00e1tica,, Ensino H\u00edbrido, e Novas Maneiras de Ensinar: Pr\u00e1ticas para Renova\u00e7\u00e3o,.<\/p>\n<p>Sobre a carga hor\u00e1ria:<br \/>\nO curso possui 80 horas de carga hor\u00e1ria. Por\u00e9m, se for conclu\u00eddo antes de 5 dias, passa a ter 10 horas de carga hor\u00e1ria. Conforme nosso contrato e termos de uso.<\/p>\n","protected":false},"excerpt":{"rendered":"<p>Voc\u00ea aprender\u00e1 sobre o que \u00e9 pedagogia, educa\u00e7\u00e3o especial e inclusiva, acessibilidade, Desenho Universal para Aprendizagem, Plano Educacional individualizado, tecnologia assistiva nas escolas e muito mais. Geralmente quem gosta desse curso gostam tamb\u00e9m do Curso de Neuroeduca\u00e7\u00e3o na Pr\u00e1tica,, Ensino H\u00edbrido, e Novas Maneiras de Ensinar: Pr\u00e1ticas para Renova\u00e7\u00e3o,. Sobre a carga hor\u00e1ria: O curso possui 80 horas de carga [&hellip;]<\/p>\n","protected":false},"featured_media":0,"comment_status":"open","ping_status":"closed","template":"","meta":[],"product_brand":[],"product_cat":[213],"product_tag":[],"class_list":{"0":"post-86683","1":"product","2":"type-product","3":"status-publish","5":"product_cat-educacao-e-pedagogia","6":"post","8":"first","9":"instock","10":"virtual","11":"sold-individually","12":"product-type-simple"},"_links":{"self":[{"href":"https:\/\/treina.online\/index.php?rest_route=\/wp\/v2\/product\/86683","targetHints":{"allow":["GET"]}}],"collection":[{"href":"https:\/\/treina.online\/index.php?rest_route=\/wp\/v2\/product"}],"about":[{"href":"https:\/\/treina.online\/index.php?rest_route=\/wp\/v2\/types\/product"}],"replies":[{"embeddable":true,"href":"https:\/\/treina.online\/index.php?rest_route=%2Fwp%2Fv2%2Fcomments&post=86683"}],"version-history":[{"count":0,"href":"https:\/\/treina.online\/index.php?rest_route=\/wp\/v2\/product\/86683\/revisions"}],"wp:attachment":[{"href":"https:\/\/treina.online\/index.php?rest_route=%2Fwp%2Fv2%2Fmedia&parent=86683"}],"wp:term":[{"taxonomy":"product_brand","embeddable":true,"href":"https:\/\/treina.online\/index.php?rest_route=%2Fwp%2Fv2%2Fproduct_brand&post=86683"},{"taxonomy":"product_cat","embeddable":true,"href":"https:\/\/treina.online\/index.php?rest_route=%2Fwp%2Fv2%2Fproduct_cat&post=86683"},{"taxonomy":"product_tag","embeddable":true,"href":"https:\/\/treina.online\/index.php?rest_route=%2Fwp%2Fv2%2Fproduct_tag&post=86683"}],"curies":[{"name":"wp","href":"https:\/\/api.w.org\/{rel}","templated":true}]}}