{"id":86682,"date":"2024-09-04T16:16:22","date_gmt":"2024-09-04T19:16:22","guid":{"rendered":"https:\/\/ecursostreinaonline.com.br\/produto\/curso-de-pedagogia-hospitalar-e-ensino-domiciliar\/"},"modified":"2024-09-04T16:16:22","modified_gmt":"2024-09-04T19:16:22","slug":"curso-de-pedagogia-hospitalar-e-ensino-domiciliar","status":"publish","type":"product","link":"https:\/\/treina.online\/?product=curso-de-pedagogia-hospitalar-e-ensino-domiciliar","title":{"rendered":"Curso de Pedagogia Hospitalar e Ensino Domiciliar"},"content":{"rendered":"<p>Voc\u00ea conhecer\u00e1 quais s\u00e3o os direitos das crian\u00e7as enfermas, a rela\u00e7\u00e3o entre educa\u00e7\u00e3o e sa\u00fade, especificidades do ambiente, fun\u00e7\u00f5es da brinquedoteca hospitalar, atendimento \u00e0s fam\u00edlias, parcerias com as escolas de origem e muito mais. Uma dica seria aproveitar e ver tamb\u00e9m Curso de Comunica\u00e7\u00e3o Inclusiva,, Normas ABNT para Trabalhos Acad\u00eamicos, e Designer Instrucional,.<\/p>\n<p>Sobre a carga hor\u00e1ria:<br \/>\nO curso possui 80 horas de carga hor\u00e1ria. Por\u00e9m, se for conclu\u00eddo antes de 5 dias, passa a ter 10 horas de carga hor\u00e1ria. Conforme nosso contrato e termos de uso.<\/p>\n","protected":false},"excerpt":{"rendered":"<p>Voc\u00ea conhecer\u00e1 quais s\u00e3o os direitos das crian\u00e7as enfermas, a rela\u00e7\u00e3o entre educa\u00e7\u00e3o e sa\u00fade, especificidades do ambiente, fun\u00e7\u00f5es da brinquedoteca hospitalar, atendimento \u00e0s fam\u00edlias, parcerias com as escolas de origem e muito mais. Uma dica seria aproveitar e ver tamb\u00e9m Curso de Comunica\u00e7\u00e3o Inclusiva,, Normas ABNT para Trabalhos Acad\u00eamicos, e Designer Instrucional,. Sobre a carga hor\u00e1ria: O curso possui [&hellip;]<\/p>\n","protected":false},"featured_media":0,"comment_status":"open","ping_status":"closed","template":"","meta":[],"product_brand":[],"product_cat":[213],"product_tag":[],"class_list":{"0":"post-86682","1":"product","2":"type-product","3":"status-publish","5":"product_cat-educacao-e-pedagogia","6":"post","8":"first","9":"instock","10":"virtual","11":"sold-individually","12":"product-type-simple"},"_links":{"self":[{"href":"https:\/\/treina.online\/index.php?rest_route=\/wp\/v2\/product\/86682","targetHints":{"allow":["GET"]}}],"collection":[{"href":"https:\/\/treina.online\/index.php?rest_route=\/wp\/v2\/product"}],"about":[{"href":"https:\/\/treina.online\/index.php?rest_route=\/wp\/v2\/types\/product"}],"replies":[{"embeddable":true,"href":"https:\/\/treina.online\/index.php?rest_route=%2Fwp%2Fv2%2Fcomments&post=86682"}],"version-history":[{"count":0,"href":"https:\/\/treina.online\/index.php?rest_route=\/wp\/v2\/product\/86682\/revisions"}],"wp:attachment":[{"href":"https:\/\/treina.online\/index.php?rest_route=%2Fwp%2Fv2%2Fmedia&parent=86682"}],"wp:term":[{"taxonomy":"product_brand","embeddable":true,"href":"https:\/\/treina.online\/index.php?rest_route=%2Fwp%2Fv2%2Fproduct_brand&post=86682"},{"taxonomy":"product_cat","embeddable":true,"href":"https:\/\/treina.online\/index.php?rest_route=%2Fwp%2Fv2%2Fproduct_cat&post=86682"},{"taxonomy":"product_tag","embeddable":true,"href":"https:\/\/treina.online\/index.php?rest_route=%2Fwp%2Fv2%2Fproduct_tag&post=86682"}],"curies":[{"name":"wp","href":"https:\/\/api.w.org\/{rel}","templated":true}]}}