{"id":86676,"date":"2024-09-04T16:16:19","date_gmt":"2024-09-04T19:16:19","guid":{"rendered":"https:\/\/ecursostreinaonline.com.br\/produto\/curso-de-nrs-18-e-21\/"},"modified":"2024-09-04T16:16:19","modified_gmt":"2024-09-04T19:16:19","slug":"curso-de-nrs-18-e-21","status":"publish","type":"product","link":"https:\/\/treina.online\/?product=curso-de-nrs-18-e-21","title":{"rendered":"Curso de NRs 18 e 21"},"content":{"rendered":"<p>Voc\u00ea aprender\u00e1 as especifica\u00e7\u00f5es das NRs 18 e 21 sobre: planos de carga, diferencia\u00e7\u00e3o entre gruas, alojamento, canteiro de obras, planos de demoli\u00e7\u00e3o, equipamentos de prote\u00e7\u00e3o individuais e coletivos (EPIs e EPCs) e muito mais. Gostou desse curso? Ent\u00e3o veja tamb\u00e9m o Curso de SketchUp para Design de Interiores,, Introdu\u00e7\u00e3o \u00e0 Acessibilidade Arquitet\u00f4nica, e V-Ray,.<\/p>\n<p>Sobre a carga hor\u00e1ria:<br \/>\nO curso possui 80 horas de carga hor\u00e1ria. Por\u00e9m, se for conclu\u00eddo antes de 5 dias, passa a ter 10 horas de carga hor\u00e1ria. Conforme nosso contrato e termos de uso.<\/p>\n","protected":false},"excerpt":{"rendered":"<p>Voc\u00ea aprender\u00e1 as especifica\u00e7\u00f5es das NRs 18 e 21 sobre: planos de carga, diferencia\u00e7\u00e3o entre gruas, alojamento, canteiro de obras, planos de demoli\u00e7\u00e3o, equipamentos de prote\u00e7\u00e3o individuais e coletivos (EPIs e EPCs) e muito mais. Gostou desse curso? Ent\u00e3o veja tamb\u00e9m o Curso de SketchUp para Design de Interiores,, Introdu\u00e7\u00e3o \u00e0 Acessibilidade Arquitet\u00f4nica, e V-Ray,. Sobre a carga hor\u00e1ria: O [&hellip;]<\/p>\n","protected":false},"featured_media":0,"comment_status":"open","ping_status":"closed","template":"","meta":[],"product_brand":[],"product_cat":[300],"product_tag":[],"class_list":{"0":"post-86676","1":"product","2":"type-product","3":"status-publish","5":"product_cat-seguranca-do-trabalho","6":"post","8":"first","9":"instock","10":"virtual","11":"sold-individually","12":"product-type-simple"},"_links":{"self":[{"href":"https:\/\/treina.online\/index.php?rest_route=\/wp\/v2\/product\/86676","targetHints":{"allow":["GET"]}}],"collection":[{"href":"https:\/\/treina.online\/index.php?rest_route=\/wp\/v2\/product"}],"about":[{"href":"https:\/\/treina.online\/index.php?rest_route=\/wp\/v2\/types\/product"}],"replies":[{"embeddable":true,"href":"https:\/\/treina.online\/index.php?rest_route=%2Fwp%2Fv2%2Fcomments&post=86676"}],"version-history":[{"count":0,"href":"https:\/\/treina.online\/index.php?rest_route=\/wp\/v2\/product\/86676\/revisions"}],"wp:attachment":[{"href":"https:\/\/treina.online\/index.php?rest_route=%2Fwp%2Fv2%2Fmedia&parent=86676"}],"wp:term":[{"taxonomy":"product_brand","embeddable":true,"href":"https:\/\/treina.online\/index.php?rest_route=%2Fwp%2Fv2%2Fproduct_brand&post=86676"},{"taxonomy":"product_cat","embeddable":true,"href":"https:\/\/treina.online\/index.php?rest_route=%2Fwp%2Fv2%2Fproduct_cat&post=86676"},{"taxonomy":"product_tag","embeddable":true,"href":"https:\/\/treina.online\/index.php?rest_route=%2Fwp%2Fv2%2Fproduct_tag&post=86676"}],"curies":[{"name":"wp","href":"https:\/\/api.w.org\/{rel}","templated":true}]}}