{"id":86674,"date":"2024-09-04T16:16:17","date_gmt":"2024-09-04T19:16:17","guid":{"rendered":"https:\/\/ecursostreinaonline.com.br\/produto\/curso-de-nr20\/"},"modified":"2024-09-04T16:16:17","modified_gmt":"2024-09-04T19:16:17","slug":"curso-de-nr20","status":"publish","type":"product","link":"https:\/\/treina.online\/?product=curso-de-nr20","title":{"rendered":"Curso de NR20"},"content":{"rendered":"<p>Voc\u00ea aprender\u00e1 sobre projetos, inspe\u00e7\u00f5es, manuten\u00e7\u00f5es, plano de resposta \u00e0 emerg\u00eancia, classes de inc\u00eandio e muito mais. Curso b\u00e1sico apenas para passar no\u00e7\u00f5es das normas, n\u00e3o habilita a pessoa a n\u00edvel t\u00e9cnico. Sendo necess\u00e1rio um curso presencial. Quem gosta desse curso tamb\u00e9m gosta do Curso de Gest\u00e3o do Tempo,, Administra\u00e7\u00e3o: Tipo de Lideran\u00e7a, e Consultoria Organizacional,.<\/p>\n<p>Sobre a carga hor\u00e1ria:<br \/>\nO curso possui 80 horas de carga hor\u00e1ria. Por\u00e9m, se for conclu\u00eddo antes de 5 dias, passa a ter 10 horas de carga hor\u00e1ria. Conforme nosso contrato e termos de uso.<\/p>\n","protected":false},"excerpt":{"rendered":"<p>Voc\u00ea aprender\u00e1 sobre projetos, inspe\u00e7\u00f5es, manuten\u00e7\u00f5es, plano de resposta \u00e0 emerg\u00eancia, classes de inc\u00eandio e muito mais. Curso b\u00e1sico apenas para passar no\u00e7\u00f5es das normas, n\u00e3o habilita a pessoa a n\u00edvel t\u00e9cnico. Sendo necess\u00e1rio um curso presencial. Quem gosta desse curso tamb\u00e9m gosta do Curso de Gest\u00e3o do Tempo,, Administra\u00e7\u00e3o: Tipo de Lideran\u00e7a, e Consultoria Organizacional,. Sobre a carga hor\u00e1ria: [&hellip;]<\/p>\n","protected":false},"featured_media":0,"comment_status":"open","ping_status":"closed","template":"","meta":[],"product_brand":[],"product_cat":[300],"product_tag":[],"class_list":{"0":"post-86674","1":"product","2":"type-product","3":"status-publish","5":"product_cat-seguranca-do-trabalho","6":"post","8":"first","9":"instock","10":"virtual","11":"sold-individually","12":"product-type-simple"},"_links":{"self":[{"href":"https:\/\/treina.online\/index.php?rest_route=\/wp\/v2\/product\/86674","targetHints":{"allow":["GET"]}}],"collection":[{"href":"https:\/\/treina.online\/index.php?rest_route=\/wp\/v2\/product"}],"about":[{"href":"https:\/\/treina.online\/index.php?rest_route=\/wp\/v2\/types\/product"}],"replies":[{"embeddable":true,"href":"https:\/\/treina.online\/index.php?rest_route=%2Fwp%2Fv2%2Fcomments&post=86674"}],"version-history":[{"count":0,"href":"https:\/\/treina.online\/index.php?rest_route=\/wp\/v2\/product\/86674\/revisions"}],"wp:attachment":[{"href":"https:\/\/treina.online\/index.php?rest_route=%2Fwp%2Fv2%2Fmedia&parent=86674"}],"wp:term":[{"taxonomy":"product_brand","embeddable":true,"href":"https:\/\/treina.online\/index.php?rest_route=%2Fwp%2Fv2%2Fproduct_brand&post=86674"},{"taxonomy":"product_cat","embeddable":true,"href":"https:\/\/treina.online\/index.php?rest_route=%2Fwp%2Fv2%2Fproduct_cat&post=86674"},{"taxonomy":"product_tag","embeddable":true,"href":"https:\/\/treina.online\/index.php?rest_route=%2Fwp%2Fv2%2Fproduct_tag&post=86674"}],"curies":[{"name":"wp","href":"https:\/\/api.w.org\/{rel}","templated":true}]}}