{"id":86672,"date":"2024-09-04T16:16:17","date_gmt":"2024-09-04T19:16:17","guid":{"rendered":"https:\/\/ecursostreinaonline.com.br\/produto\/curso-de-novas-competencias-para-atendimento\/"},"modified":"2024-09-04T16:16:17","modified_gmt":"2024-09-04T19:16:17","slug":"curso-de-novas-competencias-para-atendimento","status":"publish","type":"product","link":"https:\/\/treina.online\/?product=curso-de-novas-competencias-para-atendimento","title":{"rendered":"Curso de Novas Compet\u00eancias para Atendimento"},"content":{"rendered":"<p>Voc\u00ea aprender\u00e1 a planejar um atendimento eficaz, quais s\u00e3o os principais stakeholders da comunica\u00e7\u00e3o, bem como conhecer\u00e1 os integrantes do atendimento e da comunica\u00e7\u00e3o da empresa com o mercado, maneiras de fidelizar e encantar o cliente e muito mais. Al\u00e9m disso temos tamb\u00e9m o Curso de Atendimento e Vendas no Varejo,, Introdu\u00e7\u00e3o \u00e0 Comunica\u00e7\u00e3o Assertiva, e T\u00e9cnicas de Vendas: Comunica\u00e7\u00e3o,.<\/p>\n<p>Sobre a carga hor\u00e1ria:<br \/>\nO curso possui 80 horas de carga hor\u00e1ria. Por\u00e9m, se for conclu\u00eddo antes de 5 dias, passa a ter 10 horas de carga hor\u00e1ria. Conforme nosso contrato e termos de uso.<\/p>\n","protected":false},"excerpt":{"rendered":"<p>Voc\u00ea aprender\u00e1 a planejar um atendimento eficaz, quais s\u00e3o os principais stakeholders da comunica\u00e7\u00e3o, bem como conhecer\u00e1 os integrantes do atendimento e da comunica\u00e7\u00e3o da empresa com o mercado, maneiras de fidelizar e encantar o cliente e muito mais. Al\u00e9m disso temos tamb\u00e9m o Curso de Atendimento e Vendas no Varejo,, Introdu\u00e7\u00e3o \u00e0 Comunica\u00e7\u00e3o Assertiva, e T\u00e9cnicas de Vendas: Comunica\u00e7\u00e3o,. [&hellip;]<\/p>\n","protected":false},"featured_media":0,"comment_status":"open","ping_status":"closed","template":"","meta":[],"product_brand":[],"product_cat":[237],"product_tag":[],"class_list":{"0":"post-86672","1":"product","2":"type-product","3":"status-publish","5":"product_cat-vendas","6":"post","8":"first","9":"instock","10":"virtual","11":"sold-individually","12":"product-type-simple"},"_links":{"self":[{"href":"https:\/\/treina.online\/index.php?rest_route=\/wp\/v2\/product\/86672","targetHints":{"allow":["GET"]}}],"collection":[{"href":"https:\/\/treina.online\/index.php?rest_route=\/wp\/v2\/product"}],"about":[{"href":"https:\/\/treina.online\/index.php?rest_route=\/wp\/v2\/types\/product"}],"replies":[{"embeddable":true,"href":"https:\/\/treina.online\/index.php?rest_route=%2Fwp%2Fv2%2Fcomments&post=86672"}],"version-history":[{"count":0,"href":"https:\/\/treina.online\/index.php?rest_route=\/wp\/v2\/product\/86672\/revisions"}],"wp:attachment":[{"href":"https:\/\/treina.online\/index.php?rest_route=%2Fwp%2Fv2%2Fmedia&parent=86672"}],"wp:term":[{"taxonomy":"product_brand","embeddable":true,"href":"https:\/\/treina.online\/index.php?rest_route=%2Fwp%2Fv2%2Fproduct_brand&post=86672"},{"taxonomy":"product_cat","embeddable":true,"href":"https:\/\/treina.online\/index.php?rest_route=%2Fwp%2Fv2%2Fproduct_cat&post=86672"},{"taxonomy":"product_tag","embeddable":true,"href":"https:\/\/treina.online\/index.php?rest_route=%2Fwp%2Fv2%2Fproduct_tag&post=86672"}],"curies":[{"name":"wp","href":"https:\/\/api.w.org\/{rel}","templated":true}]}}