{"id":86669,"date":"2024-09-04T16:16:16","date_gmt":"2024-09-04T19:16:16","guid":{"rendered":"https:\/\/ecursostreinaonline.com.br\/produto\/curso-de-neurociencias-e-educacao-corporativa\/"},"modified":"2024-09-04T16:16:16","modified_gmt":"2024-09-04T19:16:16","slug":"curso-de-neurociencias-e-educacao-corporativa","status":"publish","type":"product","link":"https:\/\/treina.online\/?product=curso-de-neurociencias-e-educacao-corporativa","title":{"rendered":"Curso de Neuroci\u00eancias e Educa\u00e7\u00e3o Corporativa"},"content":{"rendered":"<p>Voc\u00ea conhecer\u00e1 a fisiologia do c\u00e9rebro, fun\u00e7\u00f5es executivas, neuroci\u00eancia aplicada na aprendizagem, mapas mentais, implanta\u00e7\u00e3o e benef\u00edcios da educa\u00e7\u00e3o corporativa, tipos de treinamento e muito mais. Aproveitamos para indicar tamb\u00e9m: Curso de Introdu\u00e7\u00e3o a Neuroeduca\u00e7\u00e3o na Pr\u00e1tica,, Introdu\u00e7\u00e3o ao Dist\u00farbio de Aprendizagem, e Comunica\u00e7\u00e3o Inclusiva,.<\/p>\n<p>Sobre a carga hor\u00e1ria:<br \/>\nO curso possui 80 horas de carga hor\u00e1ria. Por\u00e9m, se for conclu\u00eddo antes de 5 dias, passa a ter 10 horas de carga hor\u00e1ria. Conforme nosso contrato e termos de uso.<\/p>\n","protected":false},"excerpt":{"rendered":"<p>Voc\u00ea conhecer\u00e1 a fisiologia do c\u00e9rebro, fun\u00e7\u00f5es executivas, neuroci\u00eancia aplicada na aprendizagem, mapas mentais, implanta\u00e7\u00e3o e benef\u00edcios da educa\u00e7\u00e3o corporativa, tipos de treinamento e muito mais. Aproveitamos para indicar tamb\u00e9m: Curso de Introdu\u00e7\u00e3o a Neuroeduca\u00e7\u00e3o na Pr\u00e1tica,, Introdu\u00e7\u00e3o ao Dist\u00farbio de Aprendizagem, e Comunica\u00e7\u00e3o Inclusiva,. Sobre a carga hor\u00e1ria: O curso possui 80 horas de carga hor\u00e1ria. Por\u00e9m, se for [&hellip;]<\/p>\n","protected":false},"featured_media":0,"comment_status":"open","ping_status":"closed","template":"","meta":[],"product_brand":[],"product_cat":[213],"product_tag":[],"class_list":{"0":"post-86669","1":"product","2":"type-product","3":"status-publish","5":"product_cat-educacao-e-pedagogia","6":"post","8":"first","9":"instock","10":"virtual","11":"sold-individually","12":"product-type-simple"},"_links":{"self":[{"href":"https:\/\/treina.online\/index.php?rest_route=\/wp\/v2\/product\/86669","targetHints":{"allow":["GET"]}}],"collection":[{"href":"https:\/\/treina.online\/index.php?rest_route=\/wp\/v2\/product"}],"about":[{"href":"https:\/\/treina.online\/index.php?rest_route=\/wp\/v2\/types\/product"}],"replies":[{"embeddable":true,"href":"https:\/\/treina.online\/index.php?rest_route=%2Fwp%2Fv2%2Fcomments&post=86669"}],"version-history":[{"count":0,"href":"https:\/\/treina.online\/index.php?rest_route=\/wp\/v2\/product\/86669\/revisions"}],"wp:attachment":[{"href":"https:\/\/treina.online\/index.php?rest_route=%2Fwp%2Fv2%2Fmedia&parent=86669"}],"wp:term":[{"taxonomy":"product_brand","embeddable":true,"href":"https:\/\/treina.online\/index.php?rest_route=%2Fwp%2Fv2%2Fproduct_brand&post=86669"},{"taxonomy":"product_cat","embeddable":true,"href":"https:\/\/treina.online\/index.php?rest_route=%2Fwp%2Fv2%2Fproduct_cat&post=86669"},{"taxonomy":"product_tag","embeddable":true,"href":"https:\/\/treina.online\/index.php?rest_route=%2Fwp%2Fv2%2Fproduct_tag&post=86669"}],"curies":[{"name":"wp","href":"https:\/\/api.w.org\/{rel}","templated":true}]}}