{"id":86666,"date":"2024-09-04T16:16:14","date_gmt":"2024-09-04T19:16:14","guid":{"rendered":"https:\/\/ecursostreinaonline.com.br\/produto\/curso-de-microsoft-office-365\/"},"modified":"2024-09-04T16:16:14","modified_gmt":"2024-09-04T19:16:14","slug":"curso-de-microsoft-office-365","status":"publish","type":"product","link":"https:\/\/treina.online\/?product=curso-de-microsoft-office-365","title":{"rendered":"Curso de Microsoft Office 365"},"content":{"rendered":"<p>Voc\u00ea ver\u00e1 como utilizar as principais ferramentas do pacote Office, aprender\u00e1 como formatar um texto no Word, como fazer uma apresenta\u00e7\u00e3o e at\u00e9 grava\u00e7\u00e3o usando Powerpoint, ver\u00e1 quais s\u00e3o as fun\u00e7\u00f5es mais usadas no Excel, aprender\u00e1 como configurar uma conta de e-mail no Outlook, como filtrar dados no Access e muito mais. Aproveitamos para indicar tamb\u00e9m: Curso de Manuten\u00e7\u00e3o para Usu\u00e1rios de Computadores Dom\u00e9sticos,, Desenvolvimento de App Android, e WordPress Completo,.<\/p>\n<p>Sobre a carga hor\u00e1ria:<br \/>\nO curso possui 80 horas de carga hor\u00e1ria. Por\u00e9m, se for conclu\u00eddo antes de 5 dias, passa a ter 10 horas de carga hor\u00e1ria. Conforme nosso contrato e termos de uso.<\/p>\n","protected":false},"excerpt":{"rendered":"<p>Voc\u00ea ver\u00e1 como utilizar as principais ferramentas do pacote Office, aprender\u00e1 como formatar um texto no Word, como fazer uma apresenta\u00e7\u00e3o e at\u00e9 grava\u00e7\u00e3o usando Powerpoint, ver\u00e1 quais s\u00e3o as fun\u00e7\u00f5es mais usadas no Excel, aprender\u00e1 como configurar uma conta de e-mail no Outlook, como filtrar dados no Access e muito mais. Aproveitamos para indicar tamb\u00e9m: Curso de Manuten\u00e7\u00e3o para [&hellip;]<\/p>\n","protected":false},"featured_media":0,"comment_status":"open","ping_status":"closed","template":"","meta":[],"product_brand":[],"product_cat":[225],"product_tag":[],"class_list":{"0":"post-86666","1":"product","2":"type-product","3":"status-publish","5":"product_cat-informatica","6":"post","8":"first","9":"instock","10":"virtual","11":"sold-individually","12":"product-type-simple"},"_links":{"self":[{"href":"https:\/\/treina.online\/index.php?rest_route=\/wp\/v2\/product\/86666","targetHints":{"allow":["GET"]}}],"collection":[{"href":"https:\/\/treina.online\/index.php?rest_route=\/wp\/v2\/product"}],"about":[{"href":"https:\/\/treina.online\/index.php?rest_route=\/wp\/v2\/types\/product"}],"replies":[{"embeddable":true,"href":"https:\/\/treina.online\/index.php?rest_route=%2Fwp%2Fv2%2Fcomments&post=86666"}],"version-history":[{"count":0,"href":"https:\/\/treina.online\/index.php?rest_route=\/wp\/v2\/product\/86666\/revisions"}],"wp:attachment":[{"href":"https:\/\/treina.online\/index.php?rest_route=%2Fwp%2Fv2%2Fmedia&parent=86666"}],"wp:term":[{"taxonomy":"product_brand","embeddable":true,"href":"https:\/\/treina.online\/index.php?rest_route=%2Fwp%2Fv2%2Fproduct_brand&post=86666"},{"taxonomy":"product_cat","embeddable":true,"href":"https:\/\/treina.online\/index.php?rest_route=%2Fwp%2Fv2%2Fproduct_cat&post=86666"},{"taxonomy":"product_tag","embeddable":true,"href":"https:\/\/treina.online\/index.php?rest_route=%2Fwp%2Fv2%2Fproduct_tag&post=86666"}],"curies":[{"name":"wp","href":"https:\/\/api.w.org\/{rel}","templated":true}]}}