{"id":86665,"date":"2024-09-04T16:16:14","date_gmt":"2024-09-04T19:16:14","guid":{"rendered":"https:\/\/ecursostreinaonline.com.br\/produto\/curso-de-metodologias-ativas-na-pratica\/"},"modified":"2024-09-04T16:16:14","modified_gmt":"2024-09-04T19:16:14","slug":"curso-de-metodologias-ativas-na-pratica","status":"publish","type":"product","link":"https:\/\/treina.online\/?product=curso-de-metodologias-ativas-na-pratica","title":{"rendered":"Curso de Metodologias Ativas na Pr\u00e1tica"},"content":{"rendered":"<p>Voc\u00ea aprender\u00e1 sobre a utiliza\u00e7\u00e3o das tecnologias digitais no ensino, sobre as principais metodologias ativas e como aplic\u00e1-las, bem como saber\u00e1 quais s\u00e3o as barreiras enfrentadas para a implementa\u00e7\u00e3o desses m\u00e9todos e muito mais. Uma dica seria aproveitar e ver tamb\u00e9m Curso de Introdu\u00e7\u00e3o ao TDAH,, TDAH, e Educa\u00e7\u00e3o Especial Inclusiva,.<\/p>\n<p>Sobre a carga hor\u00e1ria:<br \/>\nO curso possui 80 horas de carga hor\u00e1ria. Por\u00e9m, se for conclu\u00eddo antes de 5 dias, passa a ter 10 horas de carga hor\u00e1ria. Conforme nosso contrato e termos de uso.<\/p>\n","protected":false},"excerpt":{"rendered":"<p>Voc\u00ea aprender\u00e1 sobre a utiliza\u00e7\u00e3o das tecnologias digitais no ensino, sobre as principais metodologias ativas e como aplic\u00e1-las, bem como saber\u00e1 quais s\u00e3o as barreiras enfrentadas para a implementa\u00e7\u00e3o desses m\u00e9todos e muito mais. Uma dica seria aproveitar e ver tamb\u00e9m Curso de Introdu\u00e7\u00e3o ao TDAH,, TDAH, e Educa\u00e7\u00e3o Especial Inclusiva,. Sobre a carga hor\u00e1ria: O curso possui 80 horas [&hellip;]<\/p>\n","protected":false},"featured_media":0,"comment_status":"open","ping_status":"closed","template":"","meta":[],"product_brand":[],"product_cat":[213],"product_tag":[],"class_list":{"0":"post-86665","1":"product","2":"type-product","3":"status-publish","5":"product_cat-educacao-e-pedagogia","6":"post","8":"first","9":"instock","10":"virtual","11":"sold-individually","12":"product-type-simple"},"_links":{"self":[{"href":"https:\/\/treina.online\/index.php?rest_route=\/wp\/v2\/product\/86665","targetHints":{"allow":["GET"]}}],"collection":[{"href":"https:\/\/treina.online\/index.php?rest_route=\/wp\/v2\/product"}],"about":[{"href":"https:\/\/treina.online\/index.php?rest_route=\/wp\/v2\/types\/product"}],"replies":[{"embeddable":true,"href":"https:\/\/treina.online\/index.php?rest_route=%2Fwp%2Fv2%2Fcomments&post=86665"}],"version-history":[{"count":0,"href":"https:\/\/treina.online\/index.php?rest_route=\/wp\/v2\/product\/86665\/revisions"}],"wp:attachment":[{"href":"https:\/\/treina.online\/index.php?rest_route=%2Fwp%2Fv2%2Fmedia&parent=86665"}],"wp:term":[{"taxonomy":"product_brand","embeddable":true,"href":"https:\/\/treina.online\/index.php?rest_route=%2Fwp%2Fv2%2Fproduct_brand&post=86665"},{"taxonomy":"product_cat","embeddable":true,"href":"https:\/\/treina.online\/index.php?rest_route=%2Fwp%2Fv2%2Fproduct_cat&post=86665"},{"taxonomy":"product_tag","embeddable":true,"href":"https:\/\/treina.online\/index.php?rest_route=%2Fwp%2Fv2%2Fproduct_tag&post=86665"}],"curies":[{"name":"wp","href":"https:\/\/api.w.org\/{rel}","templated":true}]}}