{"id":86663,"date":"2024-09-04T16:16:13","date_gmt":"2024-09-04T19:16:13","guid":{"rendered":"https:\/\/ecursostreinaonline.com.br\/produto\/curso-de-mestre-de-obras\/"},"modified":"2024-09-04T16:16:13","modified_gmt":"2024-09-04T19:16:13","slug":"curso-de-mestre-de-obras","status":"publish","type":"product","link":"https:\/\/treina.online\/?product=curso-de-mestre-de-obras","title":{"rendered":"Curso de Mestre de Obras"},"content":{"rendered":"<p>Voc\u00ea aprender\u00e1 como interpretar projetos e escalas, todas as etapas do processo de constru\u00e7\u00e3o, planilhas de controle, medidas de prote\u00e7\u00e3o, primeiros socorros e muito mais. Geralmente quem gosta desse curso gostam tamb\u00e9m do Curso de Maquetes Arquitet\u00f4nicas: Introdu\u00e7\u00e3o,, Maquetes Arquitet\u00f4nicas, e SketchUp para Cenografia e Eventos,.<\/p>\n<p>Sobre a carga hor\u00e1ria:<br \/>\nO curso possui 80 horas de carga hor\u00e1ria. Por\u00e9m, se for conclu\u00eddo antes de 5 dias, passa a ter 10 horas de carga hor\u00e1ria. Conforme nosso contrato e termos de uso.<\/p>\n","protected":false},"excerpt":{"rendered":"<p>Voc\u00ea aprender\u00e1 como interpretar projetos e escalas, todas as etapas do processo de constru\u00e7\u00e3o, planilhas de controle, medidas de prote\u00e7\u00e3o, primeiros socorros e muito mais. Geralmente quem gosta desse curso gostam tamb\u00e9m do Curso de Maquetes Arquitet\u00f4nicas: Introdu\u00e7\u00e3o,, Maquetes Arquitet\u00f4nicas, e SketchUp para Cenografia e Eventos,. Sobre a carga hor\u00e1ria: O curso possui 80 horas de carga hor\u00e1ria. Por\u00e9m, se [&hellip;]<\/p>\n","protected":false},"featured_media":0,"comment_status":"open","ping_status":"closed","template":"","meta":[],"product_brand":[],"product_cat":[202],"product_tag":[],"class_list":{"0":"post-86663","1":"product","2":"type-product","3":"status-publish","5":"product_cat-arquitetura-e-engenharia","6":"post","8":"first","9":"instock","10":"virtual","11":"sold-individually","12":"product-type-simple"},"_links":{"self":[{"href":"https:\/\/treina.online\/index.php?rest_route=\/wp\/v2\/product\/86663","targetHints":{"allow":["GET"]}}],"collection":[{"href":"https:\/\/treina.online\/index.php?rest_route=\/wp\/v2\/product"}],"about":[{"href":"https:\/\/treina.online\/index.php?rest_route=\/wp\/v2\/types\/product"}],"replies":[{"embeddable":true,"href":"https:\/\/treina.online\/index.php?rest_route=%2Fwp%2Fv2%2Fcomments&post=86663"}],"version-history":[{"count":0,"href":"https:\/\/treina.online\/index.php?rest_route=\/wp\/v2\/product\/86663\/revisions"}],"wp:attachment":[{"href":"https:\/\/treina.online\/index.php?rest_route=%2Fwp%2Fv2%2Fmedia&parent=86663"}],"wp:term":[{"taxonomy":"product_brand","embeddable":true,"href":"https:\/\/treina.online\/index.php?rest_route=%2Fwp%2Fv2%2Fproduct_brand&post=86663"},{"taxonomy":"product_cat","embeddable":true,"href":"https:\/\/treina.online\/index.php?rest_route=%2Fwp%2Fv2%2Fproduct_cat&post=86663"},{"taxonomy":"product_tag","embeddable":true,"href":"https:\/\/treina.online\/index.php?rest_route=%2Fwp%2Fv2%2Fproduct_tag&post=86663"}],"curies":[{"name":"wp","href":"https:\/\/api.w.org\/{rel}","templated":true}]}}