{"id":86657,"date":"2024-09-04T16:16:07","date_gmt":"2024-09-04T19:16:07","guid":{"rendered":"https:\/\/ecursostreinaonline.com.br\/produto\/curso-de-lightroom-classic-cc\/"},"modified":"2024-09-04T16:16:07","modified_gmt":"2024-09-04T19:16:07","slug":"curso-de-lightroom-classic-cc","status":"publish","type":"product","link":"https:\/\/treina.online\/?product=curso-de-lightroom-classic-cc","title":{"rendered":"Curso de Lightroom Classic CC"},"content":{"rendered":"<p>Voc\u00ea ver\u00e1 como organizar as fotografias em cat\u00e1logos e cole\u00e7\u00f5es, como importar diversos formatos de arquivos, configura\u00e7\u00f5es de desempenho, tratamento de imagens, ajustes locais, aplica\u00e7\u00e3o de m\u00e1scaras, tipos de exporta\u00e7\u00e3o e muito mais. Quem viu esse curso tamb\u00e9m gostou do Curso de Como ser um Youtuber: Captura e Cria\u00e7\u00e3o de M\u00eddia Kit,, Introdu\u00e7\u00e3o ao Marketing para Fot\u00f3grafos, e Fotografia de Gestantes, Beb\u00eas e Newborn,.<\/p>\n<p>Sobre a carga hor\u00e1ria:<br \/>\nO curso possui 80 horas de carga hor\u00e1ria. Por\u00e9m, se for conclu\u00eddo antes de 5 dias, passa a ter 10 horas de carga hor\u00e1ria. Conforme nosso contrato e termos de uso.<\/p>\n","protected":false},"excerpt":{"rendered":"<p>Voc\u00ea ver\u00e1 como organizar as fotografias em cat\u00e1logos e cole\u00e7\u00f5es, como importar diversos formatos de arquivos, configura\u00e7\u00f5es de desempenho, tratamento de imagens, ajustes locais, aplica\u00e7\u00e3o de m\u00e1scaras, tipos de exporta\u00e7\u00e3o e muito mais. Quem viu esse curso tamb\u00e9m gostou do Curso de Como ser um Youtuber: Captura e Cria\u00e7\u00e3o de M\u00eddia Kit,, Introdu\u00e7\u00e3o ao Marketing para Fot\u00f3grafos, e Fotografia de [&hellip;]<\/p>\n","protected":false},"featured_media":0,"comment_status":"open","ping_status":"closed","template":"","meta":[],"product_brand":[],"product_cat":[222],"product_tag":[],"class_list":{"0":"post-86657","1":"product","2":"type-product","3":"status-publish","5":"product_cat-fotografia-e-video","6":"post","8":"first","9":"instock","10":"virtual","11":"sold-individually","12":"product-type-simple"},"_links":{"self":[{"href":"https:\/\/treina.online\/index.php?rest_route=\/wp\/v2\/product\/86657","targetHints":{"allow":["GET"]}}],"collection":[{"href":"https:\/\/treina.online\/index.php?rest_route=\/wp\/v2\/product"}],"about":[{"href":"https:\/\/treina.online\/index.php?rest_route=\/wp\/v2\/types\/product"}],"replies":[{"embeddable":true,"href":"https:\/\/treina.online\/index.php?rest_route=%2Fwp%2Fv2%2Fcomments&post=86657"}],"version-history":[{"count":0,"href":"https:\/\/treina.online\/index.php?rest_route=\/wp\/v2\/product\/86657\/revisions"}],"wp:attachment":[{"href":"https:\/\/treina.online\/index.php?rest_route=%2Fwp%2Fv2%2Fmedia&parent=86657"}],"wp:term":[{"taxonomy":"product_brand","embeddable":true,"href":"https:\/\/treina.online\/index.php?rest_route=%2Fwp%2Fv2%2Fproduct_brand&post=86657"},{"taxonomy":"product_cat","embeddable":true,"href":"https:\/\/treina.online\/index.php?rest_route=%2Fwp%2Fv2%2Fproduct_cat&post=86657"},{"taxonomy":"product_tag","embeddable":true,"href":"https:\/\/treina.online\/index.php?rest_route=%2Fwp%2Fv2%2Fproduct_tag&post=86657"}],"curies":[{"name":"wp","href":"https:\/\/api.w.org\/{rel}","templated":true}]}}