{"id":86652,"date":"2024-09-04T16:16:06","date_gmt":"2024-09-04T19:16:06","guid":{"rendered":"https:\/\/ecursostreinaonline.com.br\/produto\/curso-de-lgpd\/"},"modified":"2024-09-04T16:16:06","modified_gmt":"2024-09-04T19:16:06","slug":"curso-de-lgpd","status":"publish","type":"product","link":"https:\/\/treina.online\/?product=curso-de-lgpd","title":{"rendered":"Curso de LGPD"},"content":{"rendered":"<p>Voc\u00ea ser\u00e1 apresentado aos conceitos e pilares da LGPD, aprender\u00e1 como deve ser feita a implanta\u00e7\u00e3o no tratamento das informa\u00e7\u00f5es pessoais, conhecer\u00e1 os profissionais respons\u00e1veis pelos dados e muito mais. Gostou desse curso? Ent\u00e3o veja tamb\u00e9m o Curso de Direito do Trabalho: Contrato de Trabalho,, Direito do Consumidor: Conceito de Consumidor e Fornecedor, e Direito Administrativo: Atos Administrativos,.<\/p>\n<p>Sobre a carga hor\u00e1ria:<br \/>\nO curso possui 80 horas de carga hor\u00e1ria. Por\u00e9m, se for conclu\u00eddo antes de 5 dias, passa a ter 10 horas de carga hor\u00e1ria. Conforme nosso contrato e termos de uso.<\/p>\n","protected":false},"excerpt":{"rendered":"<p>Voc\u00ea ser\u00e1 apresentado aos conceitos e pilares da LGPD, aprender\u00e1 como deve ser feita a implanta\u00e7\u00e3o no tratamento das informa\u00e7\u00f5es pessoais, conhecer\u00e1 os profissionais respons\u00e1veis pelos dados e muito mais. Gostou desse curso? Ent\u00e3o veja tamb\u00e9m o Curso de Direito do Trabalho: Contrato de Trabalho,, Direito do Consumidor: Conceito de Consumidor e Fornecedor, e Direito Administrativo: Atos Administrativos,. Sobre a [&hellip;]<\/p>\n","protected":false},"featured_media":0,"comment_status":"open","ping_status":"closed","template":"","meta":[],"product_brand":[],"product_cat":[211],"product_tag":[],"class_list":{"0":"post-86652","1":"product","2":"type-product","3":"status-publish","5":"product_cat-direito","6":"post","8":"first","9":"instock","10":"virtual","11":"sold-individually","12":"product-type-simple"},"_links":{"self":[{"href":"https:\/\/treina.online\/index.php?rest_route=\/wp\/v2\/product\/86652","targetHints":{"allow":["GET"]}}],"collection":[{"href":"https:\/\/treina.online\/index.php?rest_route=\/wp\/v2\/product"}],"about":[{"href":"https:\/\/treina.online\/index.php?rest_route=\/wp\/v2\/types\/product"}],"replies":[{"embeddable":true,"href":"https:\/\/treina.online\/index.php?rest_route=%2Fwp%2Fv2%2Fcomments&post=86652"}],"version-history":[{"count":0,"href":"https:\/\/treina.online\/index.php?rest_route=\/wp\/v2\/product\/86652\/revisions"}],"wp:attachment":[{"href":"https:\/\/treina.online\/index.php?rest_route=%2Fwp%2Fv2%2Fmedia&parent=86652"}],"wp:term":[{"taxonomy":"product_brand","embeddable":true,"href":"https:\/\/treina.online\/index.php?rest_route=%2Fwp%2Fv2%2Fproduct_brand&post=86652"},{"taxonomy":"product_cat","embeddable":true,"href":"https:\/\/treina.online\/index.php?rest_route=%2Fwp%2Fv2%2Fproduct_cat&post=86652"},{"taxonomy":"product_tag","embeddable":true,"href":"https:\/\/treina.online\/index.php?rest_route=%2Fwp%2Fv2%2Fproduct_tag&post=86652"}],"curies":[{"name":"wp","href":"https:\/\/api.w.org\/{rel}","templated":true}]}}