{"id":86647,"date":"2024-09-04T16:16:04","date_gmt":"2024-09-04T19:16:04","guid":{"rendered":"https:\/\/ecursostreinaonline.com.br\/produto\/curso-de-iso-14001-2\/"},"modified":"2024-09-04T16:16:04","modified_gmt":"2024-09-04T19:16:04","slug":"curso-de-iso-14001-2","status":"publish","type":"product","link":"https:\/\/treina.online\/?product=curso-de-iso-14001-2","title":{"rendered":"Curso de ISO 14001"},"content":{"rendered":"<p>Voc\u00ea conhecer\u00e1 quais s\u00e3o os benef\u00edcios de implementar a ISO 14001, quais s\u00e3o os requisitos, a\u00e7\u00f5es preventivas e corretivas na gest\u00e3o de riscos, Anexo SL, log\u00edstica reversa e muito mais. Al\u00e9m disso temos tamb\u00e9m o Curso de Gest\u00e3o Ambiental,, Introdu\u00e7\u00e3o ao Licenciamento Ambiental, e Licenciamento Ambiental na Pr\u00e1tica,.<\/p>\n<p>Sobre a carga hor\u00e1ria:<br \/>\nO curso possui 80 horas de carga hor\u00e1ria. Por\u00e9m, se for conclu\u00eddo antes de 5 dias, passa a ter 10 horas de carga hor\u00e1ria. Conforme nosso contrato e termos de uso.<\/p>\n","protected":false},"excerpt":{"rendered":"<p>Voc\u00ea conhecer\u00e1 quais s\u00e3o os benef\u00edcios de implementar a ISO 14001, quais s\u00e3o os requisitos, a\u00e7\u00f5es preventivas e corretivas na gest\u00e3o de riscos, Anexo SL, log\u00edstica reversa e muito mais. Al\u00e9m disso temos tamb\u00e9m o Curso de Gest\u00e3o Ambiental,, Introdu\u00e7\u00e3o ao Licenciamento Ambiental, e Licenciamento Ambiental na Pr\u00e1tica,. Sobre a carga hor\u00e1ria: O curso possui 80 horas de carga hor\u00e1ria. [&hellip;]<\/p>\n","protected":false},"featured_media":0,"comment_status":"open","ping_status":"closed","template":"","meta":[],"product_brand":[],"product_cat":[200],"product_tag":[],"class_list":{"0":"post-86647","1":"product","2":"type-product","3":"status-publish","5":"product_cat-ambiental","6":"post","8":"first","9":"instock","10":"virtual","11":"sold-individually","12":"product-type-simple"},"_links":{"self":[{"href":"https:\/\/treina.online\/index.php?rest_route=\/wp\/v2\/product\/86647","targetHints":{"allow":["GET"]}}],"collection":[{"href":"https:\/\/treina.online\/index.php?rest_route=\/wp\/v2\/product"}],"about":[{"href":"https:\/\/treina.online\/index.php?rest_route=\/wp\/v2\/types\/product"}],"replies":[{"embeddable":true,"href":"https:\/\/treina.online\/index.php?rest_route=%2Fwp%2Fv2%2Fcomments&post=86647"}],"version-history":[{"count":0,"href":"https:\/\/treina.online\/index.php?rest_route=\/wp\/v2\/product\/86647\/revisions"}],"wp:attachment":[{"href":"https:\/\/treina.online\/index.php?rest_route=%2Fwp%2Fv2%2Fmedia&parent=86647"}],"wp:term":[{"taxonomy":"product_brand","embeddable":true,"href":"https:\/\/treina.online\/index.php?rest_route=%2Fwp%2Fv2%2Fproduct_brand&post=86647"},{"taxonomy":"product_cat","embeddable":true,"href":"https:\/\/treina.online\/index.php?rest_route=%2Fwp%2Fv2%2Fproduct_cat&post=86647"},{"taxonomy":"product_tag","embeddable":true,"href":"https:\/\/treina.online\/index.php?rest_route=%2Fwp%2Fv2%2Fproduct_tag&post=86647"}],"curies":[{"name":"wp","href":"https:\/\/api.w.org\/{rel}","templated":true}]}}