{"id":86646,"date":"2024-09-04T16:16:03","date_gmt":"2024-09-04T19:16:03","guid":{"rendered":"https:\/\/ecursostreinaonline.com.br\/produto\/curso-de-ipo-a-estreia-de-uma-empresa-na-bolsa\/"},"modified":"2024-09-04T16:16:03","modified_gmt":"2024-09-04T19:16:03","slug":"curso-de-ipo-a-estreia-de-uma-empresa-na-bolsa","status":"publish","type":"product","link":"https:\/\/treina.online\/?product=curso-de-ipo-a-estreia-de-uma-empresa-na-bolsa","title":{"rendered":"Curso de IPO: a Estreia de uma Empresa na Bolsa"},"content":{"rendered":"<p>Voc\u00ea ver\u00e1 todo passo a passo de como fazer um IPO, quais s\u00e3o os requisitos, tipos de oferta e coloca\u00e7\u00e3o, bookbuilding, financiamento via capital pr\u00f3prio, via privado e via emiss\u00e3o de d\u00edvida, an\u00e1lise fundamentalista e t\u00e9cnica, estudos de caso e muito mais. Al\u00e9m disso temos tamb\u00e9m o Curso de Preven\u00e7\u00e3o a Fraudes,, Vida Financeira: Endividamento, e Gest\u00e3o Financeira,.<\/p>\n<p>Sobre a carga hor\u00e1ria:<br \/>\nO curso possui 80 horas de carga hor\u00e1ria. Por\u00e9m, se for conclu\u00eddo antes de 5 dias, passa a ter 10 horas de carga hor\u00e1ria. Conforme nosso contrato e termos de uso.<\/p>\n","protected":false},"excerpt":{"rendered":"<p>Voc\u00ea ver\u00e1 todo passo a passo de como fazer um IPO, quais s\u00e3o os requisitos, tipos de oferta e coloca\u00e7\u00e3o, bookbuilding, financiamento via capital pr\u00f3prio, via privado e via emiss\u00e3o de d\u00edvida, an\u00e1lise fundamentalista e t\u00e9cnica, estudos de caso e muito mais. Al\u00e9m disso temos tamb\u00e9m o Curso de Preven\u00e7\u00e3o a Fraudes,, Vida Financeira: Endividamento, e Gest\u00e3o Financeira,. Sobre a [&hellip;]<\/p>\n","protected":false},"featured_media":0,"comment_status":"open","ping_status":"closed","template":"","meta":[],"product_brand":[],"product_cat":[220],"product_tag":[],"class_list":{"0":"post-86646","1":"product","2":"type-product","3":"status-publish","5":"product_cat-financas","6":"post","8":"first","9":"instock","10":"virtual","11":"sold-individually","12":"product-type-simple"},"_links":{"self":[{"href":"https:\/\/treina.online\/index.php?rest_route=\/wp\/v2\/product\/86646","targetHints":{"allow":["GET"]}}],"collection":[{"href":"https:\/\/treina.online\/index.php?rest_route=\/wp\/v2\/product"}],"about":[{"href":"https:\/\/treina.online\/index.php?rest_route=\/wp\/v2\/types\/product"}],"replies":[{"embeddable":true,"href":"https:\/\/treina.online\/index.php?rest_route=%2Fwp%2Fv2%2Fcomments&post=86646"}],"version-history":[{"count":0,"href":"https:\/\/treina.online\/index.php?rest_route=\/wp\/v2\/product\/86646\/revisions"}],"wp:attachment":[{"href":"https:\/\/treina.online\/index.php?rest_route=%2Fwp%2Fv2%2Fmedia&parent=86646"}],"wp:term":[{"taxonomy":"product_brand","embeddable":true,"href":"https:\/\/treina.online\/index.php?rest_route=%2Fwp%2Fv2%2Fproduct_brand&post=86646"},{"taxonomy":"product_cat","embeddable":true,"href":"https:\/\/treina.online\/index.php?rest_route=%2Fwp%2Fv2%2Fproduct_cat&post=86646"},{"taxonomy":"product_tag","embeddable":true,"href":"https:\/\/treina.online\/index.php?rest_route=%2Fwp%2Fv2%2Fproduct_tag&post=86646"}],"curies":[{"name":"wp","href":"https:\/\/api.w.org\/{rel}","templated":true}]}}