{"id":86640,"date":"2024-09-04T16:15:44","date_gmt":"2024-09-04T19:15:44","guid":{"rendered":"https:\/\/ecursostreinaonline.com.br\/produto\/curso-de-ingles-para-negocios\/"},"modified":"2024-09-04T16:15:44","modified_gmt":"2024-09-04T19:15:44","slug":"curso-de-ingles-para-negocios","status":"publish","type":"product","link":"https:\/\/treina.online\/?product=curso-de-ingles-para-negocios","title":{"rendered":"Curso de Ingl\u00eas para Neg\u00f3cios"},"content":{"rendered":"<p>Voc\u00ea aprender\u00e1 como se comunicar de forma mais eficaz em situa\u00e7\u00f5es de neg\u00f3cios, usando o business vocabulary nas apresenta\u00e7\u00f5es, reuni\u00f5es, negocia\u00e7\u00f5es, escrita de e-mails, curr\u00edculo e muito mais. Quem viu esse curso tamb\u00e9m gostou do Curso de Ingl\u00eas Avan\u00e7ado II,, Ingl\u00eas B\u00e1sico II, e Franc\u00eas Intermedi\u00e1rio,.<\/p>\n<p>Sobre a carga hor\u00e1ria:<br \/>\nO curso possui 80 horas de carga hor\u00e1ria. Por\u00e9m, se for conclu\u00eddo antes de 5 dias, passa a ter 10 horas de carga hor\u00e1ria. Conforme nosso contrato e termos de uso.<\/p>\n","protected":false},"excerpt":{"rendered":"<p>Voc\u00ea aprender\u00e1 como se comunicar de forma mais eficaz em situa\u00e7\u00f5es de neg\u00f3cios, usando o business vocabulary nas apresenta\u00e7\u00f5es, reuni\u00f5es, negocia\u00e7\u00f5es, escrita de e-mails, curr\u00edculo e muito mais. Quem viu esse curso tamb\u00e9m gostou do Curso de Ingl\u00eas Avan\u00e7ado II,, Ingl\u00eas B\u00e1sico II, e Franc\u00eas Intermedi\u00e1rio,. Sobre a carga hor\u00e1ria: O curso possui 80 horas de carga hor\u00e1ria. Por\u00e9m, se [&hellip;]<\/p>\n","protected":false},"featured_media":0,"comment_status":"open","ping_status":"closed","template":"","meta":[],"product_brand":[],"product_cat":[224],"product_tag":[],"class_list":{"0":"post-86640","1":"product","2":"type-product","3":"status-publish","5":"product_cat-idiomas","6":"post","8":"first","9":"instock","10":"virtual","11":"sold-individually","12":"product-type-simple"},"_links":{"self":[{"href":"https:\/\/treina.online\/index.php?rest_route=\/wp\/v2\/product\/86640","targetHints":{"allow":["GET"]}}],"collection":[{"href":"https:\/\/treina.online\/index.php?rest_route=\/wp\/v2\/product"}],"about":[{"href":"https:\/\/treina.online\/index.php?rest_route=\/wp\/v2\/types\/product"}],"replies":[{"embeddable":true,"href":"https:\/\/treina.online\/index.php?rest_route=%2Fwp%2Fv2%2Fcomments&post=86640"}],"version-history":[{"count":0,"href":"https:\/\/treina.online\/index.php?rest_route=\/wp\/v2\/product\/86640\/revisions"}],"wp:attachment":[{"href":"https:\/\/treina.online\/index.php?rest_route=%2Fwp%2Fv2%2Fmedia&parent=86640"}],"wp:term":[{"taxonomy":"product_brand","embeddable":true,"href":"https:\/\/treina.online\/index.php?rest_route=%2Fwp%2Fv2%2Fproduct_brand&post=86640"},{"taxonomy":"product_cat","embeddable":true,"href":"https:\/\/treina.online\/index.php?rest_route=%2Fwp%2Fv2%2Fproduct_cat&post=86640"},{"taxonomy":"product_tag","embeddable":true,"href":"https:\/\/treina.online\/index.php?rest_route=%2Fwp%2Fv2%2Fproduct_tag&post=86640"}],"curies":[{"name":"wp","href":"https:\/\/api.w.org\/{rel}","templated":true}]}}