{"id":86639,"date":"2024-09-04T16:15:44","date_gmt":"2024-09-04T19:15:44","guid":{"rendered":"https:\/\/ecursostreinaonline.com.br\/produto\/curso-de-indicadores-digitais-e-okrs\/"},"modified":"2024-09-04T16:15:44","modified_gmt":"2024-09-04T19:15:44","slug":"curso-de-indicadores-digitais-e-okrs","status":"publish","type":"product","link":"https:\/\/treina.online\/?product=curso-de-indicadores-digitais-e-okrs","title":{"rendered":"Curso de Indicadores Digitais e OKRs"},"content":{"rendered":"<p>Voc\u00ea aprender\u00e1 como definir metas, o que \u00e9 um ciclo OKR, ferramentas, como implementar na empresa, metodologia Scrum, dicas especiais e muito mais. Curtiu esse curso? Ent\u00e3o aproveite e veja tamb\u00e9m o Curso de T\u00e9cnicas de Vendas: Comunica\u00e7\u00e3o,, Comunica\u00e7\u00e3o para Vendas, e Prospec\u00e7\u00e3o de Clientes,.<\/p>\n<p>Sobre a carga hor\u00e1ria:<br \/>\nO curso possui 80 horas de carga hor\u00e1ria. Por\u00e9m, se for conclu\u00eddo antes de 5 dias, passa a ter 10 horas de carga hor\u00e1ria. Conforme nosso contrato e termos de uso.<\/p>\n","protected":false},"excerpt":{"rendered":"<p>Voc\u00ea aprender\u00e1 como definir metas, o que \u00e9 um ciclo OKR, ferramentas, como implementar na empresa, metodologia Scrum, dicas especiais e muito mais. Curtiu esse curso? Ent\u00e3o aproveite e veja tamb\u00e9m o Curso de T\u00e9cnicas de Vendas: Comunica\u00e7\u00e3o,, Comunica\u00e7\u00e3o para Vendas, e Prospec\u00e7\u00e3o de Clientes,. Sobre a carga hor\u00e1ria: O curso possui 80 horas de carga hor\u00e1ria. Por\u00e9m, se for [&hellip;]<\/p>\n","protected":false},"featured_media":0,"comment_status":"open","ping_status":"closed","template":"","meta":[],"product_brand":[],"product_cat":[237],"product_tag":[],"class_list":{"0":"post-86639","1":"product","2":"type-product","3":"status-publish","5":"product_cat-vendas","6":"post","8":"first","9":"instock","10":"virtual","11":"sold-individually","12":"product-type-simple"},"_links":{"self":[{"href":"https:\/\/treina.online\/index.php?rest_route=\/wp\/v2\/product\/86639","targetHints":{"allow":["GET"]}}],"collection":[{"href":"https:\/\/treina.online\/index.php?rest_route=\/wp\/v2\/product"}],"about":[{"href":"https:\/\/treina.online\/index.php?rest_route=\/wp\/v2\/types\/product"}],"replies":[{"embeddable":true,"href":"https:\/\/treina.online\/index.php?rest_route=%2Fwp%2Fv2%2Fcomments&post=86639"}],"version-history":[{"count":0,"href":"https:\/\/treina.online\/index.php?rest_route=\/wp\/v2\/product\/86639\/revisions"}],"wp:attachment":[{"href":"https:\/\/treina.online\/index.php?rest_route=%2Fwp%2Fv2%2Fmedia&parent=86639"}],"wp:term":[{"taxonomy":"product_brand","embeddable":true,"href":"https:\/\/treina.online\/index.php?rest_route=%2Fwp%2Fv2%2Fproduct_brand&post=86639"},{"taxonomy":"product_cat","embeddable":true,"href":"https:\/\/treina.online\/index.php?rest_route=%2Fwp%2Fv2%2Fproduct_cat&post=86639"},{"taxonomy":"product_tag","embeddable":true,"href":"https:\/\/treina.online\/index.php?rest_route=%2Fwp%2Fv2%2Fproduct_tag&post=86639"}],"curies":[{"name":"wp","href":"https:\/\/api.w.org\/{rel}","templated":true}]}}