{"id":86635,"date":"2024-09-04T16:15:40","date_gmt":"2024-09-04T19:15:40","guid":{"rendered":"https:\/\/ecursostreinaonline.com.br\/produto\/curso-de-gestao-de-suprimentos\/"},"modified":"2024-09-04T16:15:40","modified_gmt":"2024-09-04T19:15:40","slug":"curso-de-gestao-de-suprimentos","status":"publish","type":"product","link":"https:\/\/treina.online\/?product=curso-de-gestao-de-suprimentos","title":{"rendered":"Curso de Gest\u00e3o de Suprimentos"},"content":{"rendered":"<p>Voc\u00ea ver\u00e1 quais s\u00e3o os elementos de uma cadeia de suprimentos, demanda el\u00e1stica e inel\u00e1stica, compras estrat\u00e9gicas, gest\u00e3o de estoques, curva ABC, distribui\u00e7\u00e3o f\u00edsica e virtual, integra\u00e7\u00e3o de processos, estrat\u00e9gia sourcing, matriz Kraljic e muito mais. Geralmente quem gosta desse curso gostam tamb\u00e9m do Curso de Introdu\u00e7\u00e3o ao Cargo de Operador Econ\u00f4mico Autorizado,, Gest\u00e3o de Estoque, e Log\u00edstica Empresarial,.<\/p>\n<p>Sobre a carga hor\u00e1ria:<br \/>\nO curso possui 80 horas de carga hor\u00e1ria. Por\u00e9m, se for conclu\u00eddo antes de 5 dias, passa a ter 10 horas de carga hor\u00e1ria. Conforme nosso contrato e termos de uso.<\/p>\n","protected":false},"excerpt":{"rendered":"<p>Voc\u00ea ver\u00e1 quais s\u00e3o os elementos de uma cadeia de suprimentos, demanda el\u00e1stica e inel\u00e1stica, compras estrat\u00e9gicas, gest\u00e3o de estoques, curva ABC, distribui\u00e7\u00e3o f\u00edsica e virtual, integra\u00e7\u00e3o de processos, estrat\u00e9gia sourcing, matriz Kraljic e muito mais. Geralmente quem gosta desse curso gostam tamb\u00e9m do Curso de Introdu\u00e7\u00e3o ao Cargo de Operador Econ\u00f4mico Autorizado,, Gest\u00e3o de Estoque, e Log\u00edstica Empresarial,. Sobre [&hellip;]<\/p>\n","protected":false},"featured_media":0,"comment_status":"open","ping_status":"closed","template":"","meta":[],"product_brand":[],"product_cat":[227],"product_tag":[],"class_list":{"0":"post-86635","1":"product","2":"type-product","3":"status-publish","5":"product_cat-logistica","6":"post","8":"first","9":"instock","10":"virtual","11":"sold-individually","12":"product-type-simple"},"_links":{"self":[{"href":"https:\/\/treina.online\/index.php?rest_route=\/wp\/v2\/product\/86635","targetHints":{"allow":["GET"]}}],"collection":[{"href":"https:\/\/treina.online\/index.php?rest_route=\/wp\/v2\/product"}],"about":[{"href":"https:\/\/treina.online\/index.php?rest_route=\/wp\/v2\/types\/product"}],"replies":[{"embeddable":true,"href":"https:\/\/treina.online\/index.php?rest_route=%2Fwp%2Fv2%2Fcomments&post=86635"}],"version-history":[{"count":0,"href":"https:\/\/treina.online\/index.php?rest_route=\/wp\/v2\/product\/86635\/revisions"}],"wp:attachment":[{"href":"https:\/\/treina.online\/index.php?rest_route=%2Fwp%2Fv2%2Fmedia&parent=86635"}],"wp:term":[{"taxonomy":"product_brand","embeddable":true,"href":"https:\/\/treina.online\/index.php?rest_route=%2Fwp%2Fv2%2Fproduct_brand&post=86635"},{"taxonomy":"product_cat","embeddable":true,"href":"https:\/\/treina.online\/index.php?rest_route=%2Fwp%2Fv2%2Fproduct_cat&post=86635"},{"taxonomy":"product_tag","embeddable":true,"href":"https:\/\/treina.online\/index.php?rest_route=%2Fwp%2Fv2%2Fproduct_tag&post=86635"}],"curies":[{"name":"wp","href":"https:\/\/api.w.org\/{rel}","templated":true}]}}