{"id":86633,"date":"2024-09-04T16:15:38","date_gmt":"2024-09-04T19:15:38","guid":{"rendered":"https:\/\/ecursostreinaonline.com.br\/produto\/curso-de-gestao-da-producao-industrial\/"},"modified":"2024-09-04T16:15:38","modified_gmt":"2024-09-04T19:15:38","slug":"curso-de-gestao-da-producao-industrial","status":"publish","type":"product","link":"https:\/\/treina.online\/?product=curso-de-gestao-da-producao-industrial","title":{"rendered":"Curso de Gest\u00e3o da Produ\u00e7\u00e3o Industrial"},"content":{"rendered":"<p>Voc\u00ea conhecer\u00e1 os tipos de capacidades produtivas, etapas do PPCP, PMP, t\u00e9cnicas administrativas, an\u00e1lise de dados, qualidade produtiva, manuten\u00e7\u00e3o corretiva, preventiva e preditiva, MTBF e MTTR, tipos de c\u00f3digo de barras, tecnologias na Ind\u00fastria 4.0 e muito mais. Se voc\u00ea gostou desse curso vai gostar tamb\u00e9m do Curso de Introdu\u00e7\u00e3o ao Estudo da \u00c9tica Empresarial,, Transforma\u00e7\u00e3o Digital, e Como Melhorar a Criatividade e o Processo Inovador,.<\/p>\n<p>Sobre a carga hor\u00e1ria:<br \/>\nO curso possui 80 horas de carga hor\u00e1ria. Por\u00e9m, se for conclu\u00eddo antes de 5 dias, passa a ter 10 horas de carga hor\u00e1ria. Conforme nosso contrato e termos de uso.<\/p>\n","protected":false},"excerpt":{"rendered":"<p>Voc\u00ea conhecer\u00e1 os tipos de capacidades produtivas, etapas do PPCP, PMP, t\u00e9cnicas administrativas, an\u00e1lise de dados, qualidade produtiva, manuten\u00e7\u00e3o corretiva, preventiva e preditiva, MTBF e MTTR, tipos de c\u00f3digo de barras, tecnologias na Ind\u00fastria 4.0 e muito mais. Se voc\u00ea gostou desse curso vai gostar tamb\u00e9m do Curso de Introdu\u00e7\u00e3o ao Estudo da \u00c9tica Empresarial,, Transforma\u00e7\u00e3o Digital, e Como Melhorar [&hellip;]<\/p>\n","protected":false},"featured_media":0,"comment_status":"open","ping_status":"closed","template":"","meta":[],"product_brand":[],"product_cat":[223],"product_tag":[],"class_list":{"0":"post-86633","1":"product","2":"type-product","3":"status-publish","5":"product_cat-gestao-e-lideranca","6":"post","8":"first","9":"instock","10":"virtual","11":"sold-individually","12":"product-type-simple"},"_links":{"self":[{"href":"https:\/\/treina.online\/index.php?rest_route=\/wp\/v2\/product\/86633","targetHints":{"allow":["GET"]}}],"collection":[{"href":"https:\/\/treina.online\/index.php?rest_route=\/wp\/v2\/product"}],"about":[{"href":"https:\/\/treina.online\/index.php?rest_route=\/wp\/v2\/types\/product"}],"replies":[{"embeddable":true,"href":"https:\/\/treina.online\/index.php?rest_route=%2Fwp%2Fv2%2Fcomments&post=86633"}],"version-history":[{"count":0,"href":"https:\/\/treina.online\/index.php?rest_route=\/wp\/v2\/product\/86633\/revisions"}],"wp:attachment":[{"href":"https:\/\/treina.online\/index.php?rest_route=%2Fwp%2Fv2%2Fmedia&parent=86633"}],"wp:term":[{"taxonomy":"product_brand","embeddable":true,"href":"https:\/\/treina.online\/index.php?rest_route=%2Fwp%2Fv2%2Fproduct_brand&post=86633"},{"taxonomy":"product_cat","embeddable":true,"href":"https:\/\/treina.online\/index.php?rest_route=%2Fwp%2Fv2%2Fproduct_cat&post=86633"},{"taxonomy":"product_tag","embeddable":true,"href":"https:\/\/treina.online\/index.php?rest_route=%2Fwp%2Fv2%2Fproduct_tag&post=86633"}],"curies":[{"name":"wp","href":"https:\/\/api.w.org\/{rel}","templated":true}]}}