{"id":86631,"date":"2024-09-04T16:15:37","date_gmt":"2024-09-04T19:15:37","guid":{"rendered":"https:\/\/ecursostreinaonline.com.br\/produto\/curso-de-gestao-comportamental\/"},"modified":"2024-09-04T16:15:37","modified_gmt":"2024-09-04T19:15:37","slug":"curso-de-gestao-comportamental","status":"publish","type":"product","link":"https:\/\/treina.online\/?product=curso-de-gestao-comportamental","title":{"rendered":"Curso de Gest\u00e3o Comportamental"},"content":{"rendered":"<p>Voc\u00ea vai aprender sobre modelos mentais, l\u00f3cus de controle, metacomunica\u00e7\u00e3o, an\u00e1lise de perfis comportamentais e muito mais. Se voc\u00ea gostou desse curso vai gostar tamb\u00e9m do Curso de Como Falar em P\u00fablico,, Mindset Digital, e T\u00e9cnicas de Memoriza\u00e7\u00e3o e Aprendizagem,.<\/p>\n<p>Sobre a carga hor\u00e1ria:<br \/>\nO curso possui 80 horas de carga hor\u00e1ria. Por\u00e9m, se for conclu\u00eddo antes de 5 dias, passa a ter 10 horas de carga hor\u00e1ria. Conforme nosso contrato e termos de uso.<\/p>\n","protected":false},"excerpt":{"rendered":"<p>Voc\u00ea vai aprender sobre modelos mentais, l\u00f3cus de controle, metacomunica\u00e7\u00e3o, an\u00e1lise de perfis comportamentais e muito mais. Se voc\u00ea gostou desse curso vai gostar tamb\u00e9m do Curso de Como Falar em P\u00fablico,, Mindset Digital, e T\u00e9cnicas de Memoriza\u00e7\u00e3o e Aprendizagem,. Sobre a carga hor\u00e1ria: O curso possui 80 horas de carga hor\u00e1ria. Por\u00e9m, se for conclu\u00eddo antes de 5 dias, [&hellip;]<\/p>\n","protected":false},"featured_media":0,"comment_status":"open","ping_status":"closed","template":"","meta":[],"product_brand":[],"product_cat":[297],"product_tag":[],"class_list":{"0":"post-86631","1":"product","2":"type-product","3":"status-publish","5":"product_cat-desenvolvimento-pessoal","6":"post","8":"first","9":"instock","10":"virtual","11":"sold-individually","12":"product-type-simple"},"_links":{"self":[{"href":"https:\/\/treina.online\/index.php?rest_route=\/wp\/v2\/product\/86631","targetHints":{"allow":["GET"]}}],"collection":[{"href":"https:\/\/treina.online\/index.php?rest_route=\/wp\/v2\/product"}],"about":[{"href":"https:\/\/treina.online\/index.php?rest_route=\/wp\/v2\/types\/product"}],"replies":[{"embeddable":true,"href":"https:\/\/treina.online\/index.php?rest_route=%2Fwp%2Fv2%2Fcomments&post=86631"}],"version-history":[{"count":0,"href":"https:\/\/treina.online\/index.php?rest_route=\/wp\/v2\/product\/86631\/revisions"}],"wp:attachment":[{"href":"https:\/\/treina.online\/index.php?rest_route=%2Fwp%2Fv2%2Fmedia&parent=86631"}],"wp:term":[{"taxonomy":"product_brand","embeddable":true,"href":"https:\/\/treina.online\/index.php?rest_route=%2Fwp%2Fv2%2Fproduct_brand&post=86631"},{"taxonomy":"product_cat","embeddable":true,"href":"https:\/\/treina.online\/index.php?rest_route=%2Fwp%2Fv2%2Fproduct_cat&post=86631"},{"taxonomy":"product_tag","embeddable":true,"href":"https:\/\/treina.online\/index.php?rest_route=%2Fwp%2Fv2%2Fproduct_tag&post=86631"}],"curies":[{"name":"wp","href":"https:\/\/api.w.org\/{rel}","templated":true}]}}