{"id":86629,"date":"2024-09-04T16:15:37","date_gmt":"2024-09-04T19:15:37","guid":{"rendered":"https:\/\/ecursostreinaonline.com.br\/produto\/curso-de-gerenciamento-de-produtos\/"},"modified":"2024-09-04T16:15:37","modified_gmt":"2024-09-04T19:15:37","slug":"curso-de-gerenciamento-de-produtos","status":"publish","type":"product","link":"https:\/\/treina.online\/?product=curso-de-gerenciamento-de-produtos","title":{"rendered":"Curso de Gerenciamento de Produtos"},"content":{"rendered":"<p>Voc\u00ea conhecer\u00e1 os principais fundamentos de produto e servi\u00e7o, habilidades-chave para o desenvolvimento de um produto, todo processo de gest\u00e3o, valida\u00e7\u00e3o, embalagem, testagem de produtos e muito mais. Outros cursos que podem ser interessante: Curso de M\u00e9todos \u00c1geis,, Gest\u00e3o de Conflitos, e Pilares e Fases do Design Thinking,.<\/p>\n<p>Sobre a carga hor\u00e1ria:<br \/>\nO curso possui 80 horas de carga hor\u00e1ria. Por\u00e9m, se for conclu\u00eddo antes de 5 dias, passa a ter 10 horas de carga hor\u00e1ria. Conforme nosso contrato e termos de uso.<\/p>\n","protected":false},"excerpt":{"rendered":"<p>Voc\u00ea conhecer\u00e1 os principais fundamentos de produto e servi\u00e7o, habilidades-chave para o desenvolvimento de um produto, todo processo de gest\u00e3o, valida\u00e7\u00e3o, embalagem, testagem de produtos e muito mais. Outros cursos que podem ser interessante: Curso de M\u00e9todos \u00c1geis,, Gest\u00e3o de Conflitos, e Pilares e Fases do Design Thinking,. Sobre a carga hor\u00e1ria: O curso possui 80 horas de carga hor\u00e1ria. [&hellip;]<\/p>\n","protected":false},"featured_media":0,"comment_status":"open","ping_status":"closed","template":"","meta":[],"product_brand":[],"product_cat":[223],"product_tag":[],"class_list":{"0":"post-86629","1":"product","2":"type-product","3":"status-publish","5":"product_cat-gestao-e-lideranca","6":"post","8":"first","9":"instock","10":"virtual","11":"sold-individually","12":"product-type-simple"},"_links":{"self":[{"href":"https:\/\/treina.online\/index.php?rest_route=\/wp\/v2\/product\/86629","targetHints":{"allow":["GET"]}}],"collection":[{"href":"https:\/\/treina.online\/index.php?rest_route=\/wp\/v2\/product"}],"about":[{"href":"https:\/\/treina.online\/index.php?rest_route=\/wp\/v2\/types\/product"}],"replies":[{"embeddable":true,"href":"https:\/\/treina.online\/index.php?rest_route=%2Fwp%2Fv2%2Fcomments&post=86629"}],"version-history":[{"count":0,"href":"https:\/\/treina.online\/index.php?rest_route=\/wp\/v2\/product\/86629\/revisions"}],"wp:attachment":[{"href":"https:\/\/treina.online\/index.php?rest_route=%2Fwp%2Fv2%2Fmedia&parent=86629"}],"wp:term":[{"taxonomy":"product_brand","embeddable":true,"href":"https:\/\/treina.online\/index.php?rest_route=%2Fwp%2Fv2%2Fproduct_brand&post=86629"},{"taxonomy":"product_cat","embeddable":true,"href":"https:\/\/treina.online\/index.php?rest_route=%2Fwp%2Fv2%2Fproduct_cat&post=86629"},{"taxonomy":"product_tag","embeddable":true,"href":"https:\/\/treina.online\/index.php?rest_route=%2Fwp%2Fv2%2Fproduct_tag&post=86629"}],"curies":[{"name":"wp","href":"https:\/\/api.w.org\/{rel}","templated":true}]}}