{"id":86626,"date":"2024-09-04T16:15:35","date_gmt":"2024-09-04T19:15:35","guid":{"rendered":"https:\/\/ecursostreinaonline.com.br\/produto\/curso-de-formacao-de-preco-e-venda\/"},"modified":"2024-09-04T16:15:35","modified_gmt":"2024-09-04T19:15:35","slug":"curso-de-formacao-de-preco-e-venda","status":"publish","type":"product","link":"https:\/\/treina.online\/?product=curso-de-formacao-de-preco-e-venda","title":{"rendered":"Curso de Forma\u00e7\u00e3o de Pre\u00e7o e Venda"},"content":{"rendered":"<p>Voc\u00ea vai aprender as diversas etapas para forma\u00e7\u00e3o do pre\u00e7o, custos fixos e vari\u00e1veis, custos diretos e indiretos, a psicologia do pre\u00e7o, an\u00e1lise da concorr\u00eancia e muito mais. Se voc\u00ea se interessou por esse, vai gostar tamb\u00e9m do Curso de Inside Sales,, Customer Support, e Satisfa\u00e7\u00e3o de Clientes,.<\/p>\n<p>Sobre a carga hor\u00e1ria:<br \/>\nO curso possui 80 horas de carga hor\u00e1ria. Por\u00e9m, se for conclu\u00eddo antes de 5 dias, passa a ter 10 horas de carga hor\u00e1ria. Conforme nosso contrato e termos de uso.<\/p>\n","protected":false},"excerpt":{"rendered":"<p>Voc\u00ea vai aprender as diversas etapas para forma\u00e7\u00e3o do pre\u00e7o, custos fixos e vari\u00e1veis, custos diretos e indiretos, a psicologia do pre\u00e7o, an\u00e1lise da concorr\u00eancia e muito mais. Se voc\u00ea se interessou por esse, vai gostar tamb\u00e9m do Curso de Inside Sales,, Customer Support, e Satisfa\u00e7\u00e3o de Clientes,. Sobre a carga hor\u00e1ria: O curso possui 80 horas de carga hor\u00e1ria. [&hellip;]<\/p>\n","protected":false},"featured_media":0,"comment_status":"open","ping_status":"closed","template":"","meta":[],"product_brand":[],"product_cat":[237],"product_tag":[],"class_list":{"0":"post-86626","1":"product","2":"type-product","3":"status-publish","5":"product_cat-vendas","6":"post","8":"first","9":"instock","10":"virtual","11":"sold-individually","12":"product-type-simple"},"_links":{"self":[{"href":"https:\/\/treina.online\/index.php?rest_route=\/wp\/v2\/product\/86626","targetHints":{"allow":["GET"]}}],"collection":[{"href":"https:\/\/treina.online\/index.php?rest_route=\/wp\/v2\/product"}],"about":[{"href":"https:\/\/treina.online\/index.php?rest_route=\/wp\/v2\/types\/product"}],"replies":[{"embeddable":true,"href":"https:\/\/treina.online\/index.php?rest_route=%2Fwp%2Fv2%2Fcomments&post=86626"}],"version-history":[{"count":0,"href":"https:\/\/treina.online\/index.php?rest_route=\/wp\/v2\/product\/86626\/revisions"}],"wp:attachment":[{"href":"https:\/\/treina.online\/index.php?rest_route=%2Fwp%2Fv2%2Fmedia&parent=86626"}],"wp:term":[{"taxonomy":"product_brand","embeddable":true,"href":"https:\/\/treina.online\/index.php?rest_route=%2Fwp%2Fv2%2Fproduct_brand&post=86626"},{"taxonomy":"product_cat","embeddable":true,"href":"https:\/\/treina.online\/index.php?rest_route=%2Fwp%2Fv2%2Fproduct_cat&post=86626"},{"taxonomy":"product_tag","embeddable":true,"href":"https:\/\/treina.online\/index.php?rest_route=%2Fwp%2Fv2%2Fproduct_tag&post=86626"}],"curies":[{"name":"wp","href":"https:\/\/api.w.org\/{rel}","templated":true}]}}