{"id":86624,"date":"2024-09-04T16:15:32","date_gmt":"2024-09-04T19:15:32","guid":{"rendered":"https:\/\/ecursostreinaonline.com.br\/produto\/curso-de-ferramentas-digitais-para-trabalho-remoto\/"},"modified":"2024-09-04T16:15:32","modified_gmt":"2024-09-04T19:15:32","slug":"curso-de-ferramentas-digitais-para-trabalho-remoto","status":"publish","type":"product","link":"https:\/\/treina.online\/?product=curso-de-ferramentas-digitais-para-trabalho-remoto","title":{"rendered":"Curso de Ferramentas Digitais para Trabalho Remoto"},"content":{"rendered":"<p>Voc\u00ea conhecer\u00e1 as principais fun\u00e7\u00f5es das ferramentas do Google, Teams, Pacote Office on-line, Slack, Trello, Asana e muito mais. Gostou desse curso? Ent\u00e3o veja tamb\u00e9m o Curso de Arduino,, Small e Big Data, e Como Fazer Planilhas Incr\u00edveis com Excel,.<\/p>\n<p>Sobre a carga hor\u00e1ria:<br \/>\nO curso possui 80 horas de carga hor\u00e1ria. Por\u00e9m, se for conclu\u00eddo antes de 5 dias, passa a ter 10 horas de carga hor\u00e1ria. Conforme nosso contrato e termos de uso.<\/p>\n","protected":false},"excerpt":{"rendered":"<p>Voc\u00ea conhecer\u00e1 as principais fun\u00e7\u00f5es das ferramentas do Google, Teams, Pacote Office on-line, Slack, Trello, Asana e muito mais. Gostou desse curso? Ent\u00e3o veja tamb\u00e9m o Curso de Arduino,, Small e Big Data, e Como Fazer Planilhas Incr\u00edveis com Excel,. Sobre a carga hor\u00e1ria: O curso possui 80 horas de carga hor\u00e1ria. Por\u00e9m, se for conclu\u00eddo antes de 5 dias, [&hellip;]<\/p>\n","protected":false},"featured_media":0,"comment_status":"open","ping_status":"closed","template":"","meta":[],"product_brand":[],"product_cat":[225],"product_tag":[],"class_list":{"0":"post-86624","1":"product","2":"type-product","3":"status-publish","5":"product_cat-informatica","6":"post","8":"first","9":"instock","10":"virtual","11":"sold-individually","12":"product-type-simple"},"_links":{"self":[{"href":"https:\/\/treina.online\/index.php?rest_route=\/wp\/v2\/product\/86624","targetHints":{"allow":["GET"]}}],"collection":[{"href":"https:\/\/treina.online\/index.php?rest_route=\/wp\/v2\/product"}],"about":[{"href":"https:\/\/treina.online\/index.php?rest_route=\/wp\/v2\/types\/product"}],"replies":[{"embeddable":true,"href":"https:\/\/treina.online\/index.php?rest_route=%2Fwp%2Fv2%2Fcomments&post=86624"}],"version-history":[{"count":0,"href":"https:\/\/treina.online\/index.php?rest_route=\/wp\/v2\/product\/86624\/revisions"}],"wp:attachment":[{"href":"https:\/\/treina.online\/index.php?rest_route=%2Fwp%2Fv2%2Fmedia&parent=86624"}],"wp:term":[{"taxonomy":"product_brand","embeddable":true,"href":"https:\/\/treina.online\/index.php?rest_route=%2Fwp%2Fv2%2Fproduct_brand&post=86624"},{"taxonomy":"product_cat","embeddable":true,"href":"https:\/\/treina.online\/index.php?rest_route=%2Fwp%2Fv2%2Fproduct_cat&post=86624"},{"taxonomy":"product_tag","embeddable":true,"href":"https:\/\/treina.online\/index.php?rest_route=%2Fwp%2Fv2%2Fproduct_tag&post=86624"}],"curies":[{"name":"wp","href":"https:\/\/api.w.org\/{rel}","templated":true}]}}