{"id":86618,"date":"2024-09-04T16:15:28","date_gmt":"2024-09-04T19:15:28","guid":{"rendered":"https:\/\/ecursostreinaonline.com.br\/produto\/curso-de-esocial-para-empregada-domestica-2\/"},"modified":"2024-09-04T16:15:28","modified_gmt":"2024-09-04T19:15:28","slug":"curso-de-esocial-para-empregada-domestica-2","status":"publish","type":"product","link":"https:\/\/treina.online\/?product=curso-de-esocial-para-empregada-domestica-2","title":{"rendered":"Curso de eSocial para Empregada Dom\u00e9stica"},"content":{"rendered":"<p>Voc\u00ea aprender\u00e1 o que \u00e9 o eSocial Dom\u00e9stico, como \u00e9 feito o cadastro do empregado, quais s\u00e3o os tipos de empregados dom\u00e9sticos, qual a diferen\u00e7a entre dom\u00e9stico e CLT, como \u00e9 feito o c\u00e1lculo de f\u00e9rias e 13\u00ba sal\u00e1rio, tipos de licen\u00e7a, folha de pagamento, FGTS, contribui\u00e7\u00e3o previdenci\u00e1ria, imposto de renda, jornada de trabalho, adicional noturno, rescis\u00e3o de contrato e muito mais. Uma dica seria aproveitar e ver tamb\u00e9m Curso de Como Elaborar um Or\u00e7amento Familiar na Pr\u00e1tica,, Introdu\u00e7\u00e3o \u00e0 An\u00e1lise de Demonstra\u00e7\u00f5es Cont\u00e1beis, e Introdu\u00e7\u00e3o ao Imposto de Renda,.<\/p>\n<p>Sobre a carga hor\u00e1ria:<br \/>\nO curso possui 80 horas de carga hor\u00e1ria. Por\u00e9m, se for conclu\u00eddo antes de 5 dias, passa a ter 10 horas de carga hor\u00e1ria. Conforme nosso contrato e termos de uso.<\/p>\n","protected":false},"excerpt":{"rendered":"<p>Voc\u00ea aprender\u00e1 o que \u00e9 o eSocial Dom\u00e9stico, como \u00e9 feito o cadastro do empregado, quais s\u00e3o os tipos de empregados dom\u00e9sticos, qual a diferen\u00e7a entre dom\u00e9stico e CLT, como \u00e9 feito o c\u00e1lculo de f\u00e9rias e 13\u00ba sal\u00e1rio, tipos de licen\u00e7a, folha de pagamento, FGTS, contribui\u00e7\u00e3o previdenci\u00e1ria, imposto de renda, jornada de trabalho, adicional noturno, rescis\u00e3o de contrato e [&hellip;]<\/p>\n","protected":false},"featured_media":0,"comment_status":"open","ping_status":"closed","template":"","meta":[],"product_brand":[],"product_cat":[206],"product_tag":[],"class_list":{"0":"post-86618","1":"product","2":"type-product","3":"status-publish","5":"product_cat-contabilidade","6":"post","8":"first","9":"instock","10":"virtual","11":"sold-individually","12":"product-type-simple"},"_links":{"self":[{"href":"https:\/\/treina.online\/index.php?rest_route=\/wp\/v2\/product\/86618","targetHints":{"allow":["GET"]}}],"collection":[{"href":"https:\/\/treina.online\/index.php?rest_route=\/wp\/v2\/product"}],"about":[{"href":"https:\/\/treina.online\/index.php?rest_route=\/wp\/v2\/types\/product"}],"replies":[{"embeddable":true,"href":"https:\/\/treina.online\/index.php?rest_route=%2Fwp%2Fv2%2Fcomments&post=86618"}],"version-history":[{"count":0,"href":"https:\/\/treina.online\/index.php?rest_route=\/wp\/v2\/product\/86618\/revisions"}],"wp:attachment":[{"href":"https:\/\/treina.online\/index.php?rest_route=%2Fwp%2Fv2%2Fmedia&parent=86618"}],"wp:term":[{"taxonomy":"product_brand","embeddable":true,"href":"https:\/\/treina.online\/index.php?rest_route=%2Fwp%2Fv2%2Fproduct_brand&post=86618"},{"taxonomy":"product_cat","embeddable":true,"href":"https:\/\/treina.online\/index.php?rest_route=%2Fwp%2Fv2%2Fproduct_cat&post=86618"},{"taxonomy":"product_tag","embeddable":true,"href":"https:\/\/treina.online\/index.php?rest_route=%2Fwp%2Fv2%2Fproduct_tag&post=86618"}],"curies":[{"name":"wp","href":"https:\/\/api.w.org\/{rel}","templated":true}]}}