{"id":86617,"date":"2024-09-04T16:15:28","date_gmt":"2024-09-04T19:15:28","guid":{"rendered":"https:\/\/ecursostreinaonline.com.br\/produto\/curso-de-ensino-e-aprendizagem-4-0\/"},"modified":"2024-09-04T16:15:28","modified_gmt":"2024-09-04T19:15:28","slug":"curso-de-ensino-e-aprendizagem-4-0","status":"publish","type":"product","link":"https:\/\/treina.online\/?product=curso-de-ensino-e-aprendizagem-4-0","title":{"rendered":"Curso de Ensino e Aprendizagem 4.0"},"content":{"rendered":"<p>Voc\u00ea vai aprender o que \u00e9 educa\u00e7\u00e3o 4.0, quais s\u00e3o os benef\u00edcios, letramento digital, metodologias ativas, campos de aplica\u00e7\u00e3o e muito mais. Quem viu esse curso tamb\u00e9m gostou do Curso de Educa\u00e7\u00e3o Infantil de Alta Performance,, Atividades L\u00fadicas: Atividades Corporais, e Educa\u00e7\u00e3o Especial Inclusiva,.<\/p>\n<p>Sobre a carga hor\u00e1ria:<br \/>\nO curso possui 80 horas de carga hor\u00e1ria. Por\u00e9m, se for conclu\u00eddo antes de 5 dias, passa a ter 10 horas de carga hor\u00e1ria. Conforme nosso contrato e termos de uso.<\/p>\n","protected":false},"excerpt":{"rendered":"<p>Voc\u00ea vai aprender o que \u00e9 educa\u00e7\u00e3o 4.0, quais s\u00e3o os benef\u00edcios, letramento digital, metodologias ativas, campos de aplica\u00e7\u00e3o e muito mais. Quem viu esse curso tamb\u00e9m gostou do Curso de Educa\u00e7\u00e3o Infantil de Alta Performance,, Atividades L\u00fadicas: Atividades Corporais, e Educa\u00e7\u00e3o Especial Inclusiva,. Sobre a carga hor\u00e1ria: O curso possui 80 horas de carga hor\u00e1ria. Por\u00e9m, se for conclu\u00eddo [&hellip;]<\/p>\n","protected":false},"featured_media":0,"comment_status":"open","ping_status":"closed","template":"","meta":[],"product_brand":[],"product_cat":[213],"product_tag":[],"class_list":{"0":"post-86617","1":"product","2":"type-product","3":"status-publish","5":"product_cat-educacao-e-pedagogia","6":"post","8":"first","9":"instock","10":"virtual","11":"sold-individually","12":"product-type-simple"},"_links":{"self":[{"href":"https:\/\/treina.online\/index.php?rest_route=\/wp\/v2\/product\/86617","targetHints":{"allow":["GET"]}}],"collection":[{"href":"https:\/\/treina.online\/index.php?rest_route=\/wp\/v2\/product"}],"about":[{"href":"https:\/\/treina.online\/index.php?rest_route=\/wp\/v2\/types\/product"}],"replies":[{"embeddable":true,"href":"https:\/\/treina.online\/index.php?rest_route=%2Fwp%2Fv2%2Fcomments&post=86617"}],"version-history":[{"count":0,"href":"https:\/\/treina.online\/index.php?rest_route=\/wp\/v2\/product\/86617\/revisions"}],"wp:attachment":[{"href":"https:\/\/treina.online\/index.php?rest_route=%2Fwp%2Fv2%2Fmedia&parent=86617"}],"wp:term":[{"taxonomy":"product_brand","embeddable":true,"href":"https:\/\/treina.online\/index.php?rest_route=%2Fwp%2Fv2%2Fproduct_brand&post=86617"},{"taxonomy":"product_cat","embeddable":true,"href":"https:\/\/treina.online\/index.php?rest_route=%2Fwp%2Fv2%2Fproduct_cat&post=86617"},{"taxonomy":"product_tag","embeddable":true,"href":"https:\/\/treina.online\/index.php?rest_route=%2Fwp%2Fv2%2Fproduct_tag&post=86617"}],"curies":[{"name":"wp","href":"https:\/\/api.w.org\/{rel}","templated":true}]}}