{"id":86613,"date":"2024-09-04T16:15:22","date_gmt":"2024-09-04T19:15:22","guid":{"rendered":"https:\/\/ecursostreinaonline.com.br\/produto\/curso-de-diversidade-nas-organizacoes\/"},"modified":"2024-09-04T16:15:22","modified_gmt":"2024-09-04T19:15:22","slug":"curso-de-diversidade-nas-organizacoes","status":"publish","type":"product","link":"https:\/\/treina.online\/?product=curso-de-diversidade-nas-organizacoes","title":{"rendered":"Curso de Diversidade nas Organiza\u00e7\u00f5es"},"content":{"rendered":"<p>Voc\u00ea aprender\u00e1 sobre inclus\u00e3o social, acessibilidade, mercado de trabalho, \u00e9tica, recursos humanos e muito mais. Quem viu esse curso tamb\u00e9m gostou do Curso de An\u00e1lise de Candidato e Teste de Sele\u00e7\u00e3o na Pr\u00e1tica,, Coaching e Gest\u00e3o de Equipes, e Introdu\u00e7\u00e3o ao Departamento Pessoal,.<\/p>\n<p>Sobre a carga hor\u00e1ria:<br \/>\nO curso possui 80 horas de carga hor\u00e1ria. Por\u00e9m, se for conclu\u00eddo antes de 5 dias, passa a ter 10 horas de carga hor\u00e1ria. Conforme nosso contrato e termos de uso.<\/p>\n","protected":false},"excerpt":{"rendered":"<p>Voc\u00ea aprender\u00e1 sobre inclus\u00e3o social, acessibilidade, mercado de trabalho, \u00e9tica, recursos humanos e muito mais. Quem viu esse curso tamb\u00e9m gostou do Curso de An\u00e1lise de Candidato e Teste de Sele\u00e7\u00e3o na Pr\u00e1tica,, Coaching e Gest\u00e3o de Equipes, e Introdu\u00e7\u00e3o ao Departamento Pessoal,. Sobre a carga hor\u00e1ria: O curso possui 80 horas de carga hor\u00e1ria. Por\u00e9m, se for conclu\u00eddo antes [&hellip;]<\/p>\n","protected":false},"featured_media":0,"comment_status":"open","ping_status":"closed","template":"","meta":[],"product_brand":[],"product_cat":[236],"product_tag":[],"class_list":{"0":"post-86613","1":"product","2":"type-product","3":"status-publish","5":"product_cat-recursos-humanos","6":"post","8":"first","9":"instock","10":"virtual","11":"sold-individually","12":"product-type-simple"},"_links":{"self":[{"href":"https:\/\/treina.online\/index.php?rest_route=\/wp\/v2\/product\/86613","targetHints":{"allow":["GET"]}}],"collection":[{"href":"https:\/\/treina.online\/index.php?rest_route=\/wp\/v2\/product"}],"about":[{"href":"https:\/\/treina.online\/index.php?rest_route=\/wp\/v2\/types\/product"}],"replies":[{"embeddable":true,"href":"https:\/\/treina.online\/index.php?rest_route=%2Fwp%2Fv2%2Fcomments&post=86613"}],"version-history":[{"count":0,"href":"https:\/\/treina.online\/index.php?rest_route=\/wp\/v2\/product\/86613\/revisions"}],"wp:attachment":[{"href":"https:\/\/treina.online\/index.php?rest_route=%2Fwp%2Fv2%2Fmedia&parent=86613"}],"wp:term":[{"taxonomy":"product_brand","embeddable":true,"href":"https:\/\/treina.online\/index.php?rest_route=%2Fwp%2Fv2%2Fproduct_brand&post=86613"},{"taxonomy":"product_cat","embeddable":true,"href":"https:\/\/treina.online\/index.php?rest_route=%2Fwp%2Fv2%2Fproduct_cat&post=86613"},{"taxonomy":"product_tag","embeddable":true,"href":"https:\/\/treina.online\/index.php?rest_route=%2Fwp%2Fv2%2Fproduct_tag&post=86613"}],"curies":[{"name":"wp","href":"https:\/\/api.w.org\/{rel}","templated":true}]}}